{"id":19673,"date":"2025-01-10T12:14:19","date_gmt":"2025-01-10T11:14:20","guid":{"rendered":"https:\/\/www.ek1n.fr\/?post_type=product&#038;p=19673"},"modified":"2025-05-22T11:05:52","modified_gmt":"2025-05-22T09:05:52","slug":"ekin-anti-engorgement-ointment-copie","status":"publish","type":"product","link":"https:\/\/www.ek1n.fr\/en\/produit\/ekin-anti-engorgement-ointment-copie\/","title":{"rendered":"EKIN Anti-Engorgement Gel"},"content":{"rendered":"<div class=\"wpb-content-wrapper\"><p>[vc_row][vc_column width=&#8221;1\/2&#8243;][vc_column_text css=&#8221;&#8221;]<\/p>\n<h4 style=\"text-align: left;\"><span class=\"PBSTitle\"><strong>Composition\u00a0<\/strong><\/span><\/h4>\n<ul>\n<li>100% natural and environmentally friendly product<\/li>\n<li>Product composed exclusively of active ingredients.<\/li>\n<li>The green clay: astringent, repairing and analgesic favors the disengorgement of tissues. It soothes and reduces edema.<\/li>\n<li>The essential oil of cedar: veinotonic, helps to stimulate blood circulation and tighten tissues.<\/li>\n<li>Essential oil of cypress: astringent and venous decongestant<\/li>\n<li>Peppermint essential oil: cooling effect that helps relieve joint and muscle pain.<\/li>\n<li>Also contains: Sunflower vegetable oil, Beeswax, Vitamin E<\/li>\n<\/ul>\n<p>400 ml<\/p>\n<p>Contains essential oils. May cause a skin allergy.[\/vc_column_text][\/vc_column][vc_column width=&#8221;1\/2&#8243;][vc_column_text]<b>Properties and instructions for use<\/b><\/p>\n<ul>\n<li>EKIN Anti-Engorgement Ointment helps reduce engorgement and provides comfort to the horse. It helps recovery by improving blood circulation in the limbs and tightening the tissues.<\/li>\n<li>It penetrates easily under the hair and does not leave any trace.<\/li>\n<li>Directions for use : Apply the equivalent of a small bead per limb 2 to 3 times a week by massaging it into the hair until it is completely absorbed. Useless to remove the product then.<\/li>\n<li>Strips, protections and shower are possible without reducing the effectiveness. It is easily removed from the hands by simply wiping.<\/li>\n<li>An all-in-one packaging, with integrated spatula, avoids taking the product directly with the hand and soiling it during successive applications.<\/li>\n<li>Stability of the product between 4 and 40 degrees<\/li>\n<\/ul>\n<p>[\/vc_column_text][\/vc_column][\/vc_row][vc_row][vc_column][vc_video link=&#8221;https:\/\/www.youtube.com\/watch?v=tdykzC7vlrw&#8221; align=&#8221;center&#8221; title=&#8221;Onguent anti engorgement tendons 100% naturel &#8211; EKIN&#8221;][\/vc_column][\/vc_row]<\/p>\n<\/div>","protected":false},"excerpt":{"rendered":"<p>EKIN Anti-Engorgement Ointment helps to reduce engorgement and provides comfort to the horse. It aids recovery by helping to improve blood circulation in the limbs and tightening the tissues.<br \/>\nIt penetrates easily under the coat and leaves no trace.<\/p>\n<p>Apply a small amount 2 to 3 times a week by massaging it into the hair until it is completely absorbed. Ideal before or after work, transport or a long stay in the stables.<\/p>\n<p>Stability of the product between 4 and 40 degrees<\/p>\n<p>400 ml<\/p>\n<p>Made in France<\/p>\n<p>Contains essential oils. May cause a skin allergy.<\/p>\n<p><img loading=\"lazy\" decoding=\"async\" class=\"wp-image-6697 alignleft\" src=\"https:\/\/www.ek1n.fr\/wp-content\/uploads\/2016\/07\/Onguent-anti-engorgement-300x296.png\" alt=\"\" width=\"70\" height=\"69\" srcset=\"https:\/\/www.ek1n.fr\/wp-content\/uploads\/2016\/07\/Onguent-anti-engorgement-300x296.png 300w, https:\/\/www.ek1n.fr\/wp-content\/uploads\/2016\/07\/Onguent-anti-engorgement-150x150.png 150w, https:\/\/www.ek1n.fr\/wp-content\/uploads\/2016\/07\/Onguent-anti-engorgement-570x563.png 570w, https:\/\/www.ek1n.fr\/wp-content\/uploads\/2016\/07\/Onguent-anti-engorgement-100x100.png 100w, https:\/\/www.ek1n.fr\/wp-content\/uploads\/2016\/07\/Onguent-anti-engorgement.png 766w\" sizes=\"auto, (max-width: 70px) 100vw, 70px\" \/><\/p>\n<h6>Rated 89.7% effective by EKIN consumers<\/h6>\n<p style=\"text-align: left;\">Satisfaction survey 2019<\/p>\n<p>&#8220;Nothing to complain about. Penetrates much better under the hair since the formula was changed! It&#8217;s great and much less complicated to remove.&#8221; Customer review 2019<\/p>\n<p>(Composition and tips below)<\/p>\n","protected":false},"featured_media":19918,"comment_status":"closed","ping_status":"closed","template":"","meta":{"_exactmetrics_skip_tracking":false,"_exactmetrics_sitenote_active":false,"_exactmetrics_sitenote_note":"","_exactmetrics_sitenote_category":0},"product_brand":[],"product_cat":[218,237,257,156],"product_tag":[],"class_list":{"0":"post-19673","1":"product","2":"type-product","3":"status-publish","4":"has-post-thumbnail","6":"product_cat-configurator-en","7":"product_cat-congestion-en","8":"product_cat-joints-muscles-and-tendons-en","9":"product_cat-categories-en","11":"first","12":"instock","13":"taxable","14":"shipping-taxable","15":"purchasable","16":"product-type-simple"},"yoast_head":"<!-- This site is optimized with the Yoast SEO plugin v27.5 - https:\/\/yoast.com\/product\/yoast-seo-wordpress\/ -->\n<title>EKIN Onguent Anti-Engorgement pour chevaux - Produit 100% naturel<\/title>\n<meta name=\"description\" content=\"L&#039;Onguent Anti-Engorgement contribue \u00e0 r\u00e9duire les engorgements avant et apr\u00e8s l&#039;effort et apporte un confort au cheval. Il p\u00e9n\u00e8tre facilement sous le poil.\" \/>\n<meta name=\"robots\" content=\"index, follow, max-snippet:-1, max-image-preview:large, max-video-preview:-1\" \/>\n<link rel=\"canonical\" href=\"https:\/\/www.ek1n.fr\/en\/produit\/ekin-anti-engorgement-ointment-copie\/\" \/>\n<meta property=\"og:locale\" content=\"en_US\" \/>\n<meta property=\"og:type\" content=\"article\" \/>\n<meta property=\"og:title\" content=\"EKIN Onguent Anti-Engorgement pour chevaux - Produit 100% naturel\" \/>\n<meta property=\"og:description\" content=\"L&#039;Onguent Anti-Engorgement contribue \u00e0 r\u00e9duire les engorgements avant et apr\u00e8s l&#039;effort et apporte un confort au cheval. Il p\u00e9n\u00e8tre facilement sous le poil.\" \/>\n<meta property=\"og:url\" content=\"https:\/\/www.ek1n.fr\/en\/produit\/ekin-anti-engorgement-ointment-copie\/\" \/>\n<meta property=\"og:site_name\" content=\"EKIN\" \/>\n<meta property=\"article:modified_time\" content=\"2025-05-22T09:05:52+00:00\" \/>\n<meta property=\"og:image\" content=\"https:\/\/www.ek1n.fr\/wp-content\/uploads\/2025\/01\/Gel-anti-engorgement-NEW-1.png\" \/>\n\t<meta property=\"og:image:width\" content=\"433\" \/>\n\t<meta property=\"og:image:height\" content=\"577\" \/>\n\t<meta property=\"og:image:type\" content=\"image\/png\" \/>\n<meta name=\"twitter:card\" content=\"summary_large_image\" \/>\n<meta name=\"twitter:label1\" content=\"Est. reading time\" \/>\n\t<meta name=\"twitter:data1\" content=\"2 minutes\" \/>\n<script type=\"application\/ld+json\" class=\"yoast-schema-graph\">{\"@context\":\"https:\\\/\\\/schema.org\",\"@graph\":[{\"@type\":\"WebPage\",\"@id\":\"https:\\\/\\\/www.ek1n.fr\\\/en\\\/produit\\\/ekin-anti-engorgement-ointment-copie\\\/\",\"url\":\"https:\\\/\\\/www.ek1n.fr\\\/en\\\/produit\\\/ekin-anti-engorgement-ointment-copie\\\/\",\"name\":\"EKIN Onguent Anti-Engorgement pour chevaux - Produit 100% naturel\",\"isPartOf\":{\"@id\":\"https:\\\/\\\/www.ek1n.fr\\\/#website\"},\"primaryImageOfPage\":{\"@id\":\"https:\\\/\\\/www.ek1n.fr\\\/en\\\/produit\\\/ekin-anti-engorgement-ointment-copie\\\/#primaryimage\"},\"image\":{\"@id\":\"https:\\\/\\\/www.ek1n.fr\\\/en\\\/produit\\\/ekin-anti-engorgement-ointment-copie\\\/#primaryimage\"},\"thumbnailUrl\":\"https:\\\/\\\/www.ek1n.fr\\\/wp-content\\\/uploads\\\/2025\\\/01\\\/Gel-anti-engorgement-NEW-1.png\",\"datePublished\":\"2025-01-10T11:14:20+00:00\",\"dateModified\":\"2025-05-22T09:05:52+00:00\",\"description\":\"L'Onguent Anti-Engorgement contribue \u00e0 r\u00e9duire les engorgements avant et apr\u00e8s l'effort et apporte un confort au cheval. Il p\u00e9n\u00e8tre facilement sous le poil.\",\"breadcrumb\":{\"@id\":\"https:\\\/\\\/www.ek1n.fr\\\/en\\\/produit\\\/ekin-anti-engorgement-ointment-copie\\\/#breadcrumb\"},\"inLanguage\":\"en-US\",\"potentialAction\":[{\"@type\":\"ReadAction\",\"target\":[\"https:\\\/\\\/www.ek1n.fr\\\/en\\\/produit\\\/ekin-anti-engorgement-ointment-copie\\\/\"]}]},{\"@type\":\"ImageObject\",\"inLanguage\":\"en-US\",\"@id\":\"https:\\\/\\\/www.ek1n.fr\\\/en\\\/produit\\\/ekin-anti-engorgement-ointment-copie\\\/#primaryimage\",\"url\":\"https:\\\/\\\/www.ek1n.fr\\\/wp-content\\\/uploads\\\/2025\\\/01\\\/Gel-anti-engorgement-NEW-1.png\",\"contentUrl\":\"https:\\\/\\\/www.ek1n.fr\\\/wp-content\\\/uploads\\\/2025\\\/01\\\/Gel-anti-engorgement-NEW-1.png\",\"width\":433,\"height\":577},{\"@type\":\"BreadcrumbList\",\"@id\":\"https:\\\/\\\/www.ek1n.fr\\\/en\\\/produit\\\/ekin-anti-engorgement-ointment-copie\\\/#breadcrumb\",\"itemListElement\":[{\"@type\":\"ListItem\",\"position\":1,\"name\":\"Accueil\",\"item\":\"https:\\\/\\\/www.ek1n.fr\\\/en\\\/\"},{\"@type\":\"ListItem\",\"position\":2,\"name\":\"Shop\",\"item\":\"https:\\\/\\\/www.ek1n.fr\\\/en\\\/shop\\\/\"},{\"@type\":\"ListItem\",\"position\":3,\"name\":\"EKIN Anti-Engorgement Gel\"}]},{\"@type\":\"WebSite\",\"@id\":\"https:\\\/\\\/www.ek1n.fr\\\/#website\",\"url\":\"https:\\\/\\\/www.ek1n.fr\\\/\",\"name\":\"EKIN\",\"description\":\"Produits de soin pour chevaux 100% naturels et biod\u00e9gradables\",\"publisher\":{\"@id\":\"https:\\\/\\\/www.ek1n.fr\\\/#organization\"},\"potentialAction\":[{\"@type\":\"SearchAction\",\"target\":{\"@type\":\"EntryPoint\",\"urlTemplate\":\"https:\\\/\\\/www.ek1n.fr\\\/?s={search_term_string}\"},\"query-input\":{\"@type\":\"PropertyValueSpecification\",\"valueRequired\":true,\"valueName\":\"search_term_string\"}}],\"inLanguage\":\"en-US\"},{\"@type\":\"Organization\",\"@id\":\"https:\\\/\\\/www.ek1n.fr\\\/#organization\",\"name\":\"Ekin\",\"url\":\"https:\\\/\\\/www.ek1n.fr\\\/\",\"logo\":{\"@type\":\"ImageObject\",\"inLanguage\":\"en-US\",\"@id\":\"https:\\\/\\\/www.ek1n.fr\\\/#\\\/schema\\\/logo\\\/image\\\/\",\"url\":\"https:\\\/\\\/www.ek1n.fr\\\/wp-content\\\/uploads\\\/2016\\\/07\\\/logo-alternatif-ekin.png\",\"contentUrl\":\"https:\\\/\\\/www.ek1n.fr\\\/wp-content\\\/uploads\\\/2016\\\/07\\\/logo-alternatif-ekin.png\",\"width\":300,\"height\":145,\"caption\":\"Ekin\"},\"image\":{\"@id\":\"https:\\\/\\\/www.ek1n.fr\\\/#\\\/schema\\\/logo\\\/image\\\/\"}}]}<\/script>\n<!-- \/ Yoast SEO plugin. -->","yoast_head_json":{"title":"EKIN Onguent Anti-Engorgement pour chevaux - Produit 100% naturel","description":"L'Onguent Anti-Engorgement contribue \u00e0 r\u00e9duire les engorgements avant et apr\u00e8s l'effort et apporte un confort au cheval. Il p\u00e9n\u00e8tre facilement sous le poil.","robots":{"index":"index","follow":"follow","max-snippet":"max-snippet:-1","max-image-preview":"max-image-preview:large","max-video-preview":"max-video-preview:-1"},"canonical":"https:\/\/www.ek1n.fr\/en\/produit\/ekin-anti-engorgement-ointment-copie\/","og_locale":"en_US","og_type":"article","og_title":"EKIN Onguent Anti-Engorgement pour chevaux - Produit 100% naturel","og_description":"L'Onguent Anti-Engorgement contribue \u00e0 r\u00e9duire les engorgements avant et apr\u00e8s l'effort et apporte un confort au cheval. Il p\u00e9n\u00e8tre facilement sous le poil.","og_url":"https:\/\/www.ek1n.fr\/en\/produit\/ekin-anti-engorgement-ointment-copie\/","og_site_name":"EKIN","article_modified_time":"2025-05-22T09:05:52+00:00","og_image":[{"width":433,"height":577,"url":"https:\/\/www.ek1n.fr\/wp-content\/uploads\/2025\/01\/Gel-anti-engorgement-NEW-1.png","type":"image\/png"}],"twitter_card":"summary_large_image","twitter_misc":{"Est. reading time":"2 minutes"},"schema":{"@context":"https:\/\/schema.org","@graph":[{"@type":"WebPage","@id":"https:\/\/www.ek1n.fr\/en\/produit\/ekin-anti-engorgement-ointment-copie\/","url":"https:\/\/www.ek1n.fr\/en\/produit\/ekin-anti-engorgement-ointment-copie\/","name":"EKIN Onguent Anti-Engorgement pour chevaux - Produit 100% naturel","isPartOf":{"@id":"https:\/\/www.ek1n.fr\/#website"},"primaryImageOfPage":{"@id":"https:\/\/www.ek1n.fr\/en\/produit\/ekin-anti-engorgement-ointment-copie\/#primaryimage"},"image":{"@id":"https:\/\/www.ek1n.fr\/en\/produit\/ekin-anti-engorgement-ointment-copie\/#primaryimage"},"thumbnailUrl":"https:\/\/www.ek1n.fr\/wp-content\/uploads\/2025\/01\/Gel-anti-engorgement-NEW-1.png","datePublished":"2025-01-10T11:14:20+00:00","dateModified":"2025-05-22T09:05:52+00:00","description":"L'Onguent Anti-Engorgement contribue \u00e0 r\u00e9duire les engorgements avant et apr\u00e8s l'effort et apporte un confort au cheval. Il p\u00e9n\u00e8tre facilement sous le poil.","breadcrumb":{"@id":"https:\/\/www.ek1n.fr\/en\/produit\/ekin-anti-engorgement-ointment-copie\/#breadcrumb"},"inLanguage":"en-US","potentialAction":[{"@type":"ReadAction","target":["https:\/\/www.ek1n.fr\/en\/produit\/ekin-anti-engorgement-ointment-copie\/"]}]},{"@type":"ImageObject","inLanguage":"en-US","@id":"https:\/\/www.ek1n.fr\/en\/produit\/ekin-anti-engorgement-ointment-copie\/#primaryimage","url":"https:\/\/www.ek1n.fr\/wp-content\/uploads\/2025\/01\/Gel-anti-engorgement-NEW-1.png","contentUrl":"https:\/\/www.ek1n.fr\/wp-content\/uploads\/2025\/01\/Gel-anti-engorgement-NEW-1.png","width":433,"height":577},{"@type":"BreadcrumbList","@id":"https:\/\/www.ek1n.fr\/en\/produit\/ekin-anti-engorgement-ointment-copie\/#breadcrumb","itemListElement":[{"@type":"ListItem","position":1,"name":"Accueil","item":"https:\/\/www.ek1n.fr\/en\/"},{"@type":"ListItem","position":2,"name":"Shop","item":"https:\/\/www.ek1n.fr\/en\/shop\/"},{"@type":"ListItem","position":3,"name":"EKIN Anti-Engorgement Gel"}]},{"@type":"WebSite","@id":"https:\/\/www.ek1n.fr\/#website","url":"https:\/\/www.ek1n.fr\/","name":"EKIN","description":"Produits de soin pour chevaux 100% naturels et biod\u00e9gradables","publisher":{"@id":"https:\/\/www.ek1n.fr\/#organization"},"potentialAction":[{"@type":"SearchAction","target":{"@type":"EntryPoint","urlTemplate":"https:\/\/www.ek1n.fr\/?s={search_term_string}"},"query-input":{"@type":"PropertyValueSpecification","valueRequired":true,"valueName":"search_term_string"}}],"inLanguage":"en-US"},{"@type":"Organization","@id":"https:\/\/www.ek1n.fr\/#organization","name":"Ekin","url":"https:\/\/www.ek1n.fr\/","logo":{"@type":"ImageObject","inLanguage":"en-US","@id":"https:\/\/www.ek1n.fr\/#\/schema\/logo\/image\/","url":"https:\/\/www.ek1n.fr\/wp-content\/uploads\/2016\/07\/logo-alternatif-ekin.png","contentUrl":"https:\/\/www.ek1n.fr\/wp-content\/uploads\/2016\/07\/logo-alternatif-ekin.png","width":300,"height":145,"caption":"Ekin"},"image":{"@id":"https:\/\/www.ek1n.fr\/#\/schema\/logo\/image\/"}}]}},"_links":{"self":[{"href":"https:\/\/www.ek1n.fr\/en\/wp-json\/wp\/v2\/product\/19673","targetHints":{"allow":["GET"]}}],"collection":[{"href":"https:\/\/www.ek1n.fr\/en\/wp-json\/wp\/v2\/product"}],"about":[{"href":"https:\/\/www.ek1n.fr\/en\/wp-json\/wp\/v2\/types\/product"}],"replies":[{"embeddable":true,"href":"https:\/\/www.ek1n.fr\/en\/wp-json\/wp\/v2\/comments?post=19673"}],"wp:featuredmedia":[{"embeddable":true,"href":"https:\/\/www.ek1n.fr\/en\/wp-json\/wp\/v2\/media\/19918"}],"wp:attachment":[{"href":"https:\/\/www.ek1n.fr\/en\/wp-json\/wp\/v2\/media?parent=19673"}],"wp:term":[{"taxonomy":"product_brand","embeddable":true,"href":"https:\/\/www.ek1n.fr\/en\/wp-json\/wp\/v2\/product_brand?post=19673"},{"taxonomy":"product_cat","embeddable":true,"href":"https:\/\/www.ek1n.fr\/en\/wp-json\/wp\/v2\/product_cat?post=19673"},{"taxonomy":"product_tag","embeddable":true,"href":"https:\/\/www.ek1n.fr\/en\/wp-json\/wp\/v2\/product_tag?post=19673"}],"curies":[{"name":"wp","href":"https:\/\/api.w.org\/{rel}","templated":true}]}}