{"id":12215,"date":"2016-07-06T10:35:52","date_gmt":"2016-07-06T08:35:52","guid":{"rendered":"https:\/\/www.ek1n.fr\/produit\/ekin-onguent-anti-crevasse-et-gale-de-boue\/"},"modified":"2022-01-03T16:10:32","modified_gmt":"2022-01-03T15:10:32","slug":"ekin-onguent-anti-crevasse-et-gale-de-boue","status":"publish","type":"product","link":"https:\/\/www.ek1n.fr\/en\/produit\/ekin-onguent-anti-crevasse-et-gale-de-boue\/","title":{"rendered":"EKIN Anti-Creep Ointment"},"content":{"rendered":"<div class=\"wpb-content-wrapper\"><p>[vc_row][vc_column width=&#8221;1\/2&#8243;][vc_column_text]<\/p>\n<h4 style=\"text-align: justify;\"><span class=\"PBSTitle\"><strong>Composition<\/strong><\/span><\/h4>\n<ul>\n<li>100% natural product<\/li>\n<li>Product composed exclusively of active ingredients.<\/li>\n<li>Laurel oil: nourishing, emollient and moisturizing action. It softens, soothes and protects the skin from drying out. It contributes to cleanse the skin.<\/li>\n<li>Zinc oxide: action anti-UV and cleansing. It forms a protective film which protects from the external aggressions.<\/li>\n<li>The essential oil of lavandin: repairing and alleviating capacity, contributes to relieve the horse.<\/li>\n<li>Also contains: Vegetable oil of sunflower, Beeswax, Fatty acid, Vitamin E<\/li>\n<\/ul>\n<p>Contains essential oils. May cause a skin allergy.<\/p>\n<p>400 g[\/vc_column_text][\/vc_column][vc_column width=&#8221;1\/2&#8243;][vc_column_text]<b>Properties and instructions for use<\/b><\/p>\n<ul>\n<li>The anti-crevasse and mud scab ointment acts on crevasses and mud scabies, and on the pasterns.<\/li>\n<li>Its active ingredients promote skin repair, moisturize, soothe and have a sanitizing action.<\/li>\n<li>It forms a protective film against external agents and UV rays, which are aggravating factors in mud scabies.<\/li>\n<li>Tested by the veterinary school of Lyon: &#8220;It improves the cutaneous barrier (reduction of the insensible loss in water) and the cutaneous hydration, in a fast way&#8221;.<\/li>\n<li>Directions for use : In corrective action, apply once a day by massaging on the affected area for 2 weeks minimum until complete repair of the skin.<\/li>\n<li>In preventive action, to apply 1 time per week to the zones at the risk<\/li>\n<li>Easily removed from hands by simply wiping<\/li>\n<li>All-in-one packaging, with integrated spatula, to avoid taking the product directly with the hand and soiling it during successive applications.<\/li>\n<li>Stability of the product between 4 and 40 degrees<\/li>\n<\/ul>\n<p>[\/vc_column_text][\/vc_column][\/vc_row]<\/p>\n<\/div>","protected":false},"excerpt":{"rendered":"<p>Anti-Crevasse and Mud Scabies Ointment acts on crevasses and mud scabies, which affect the pastern.<\/p>\n<p>Its active ingredients promote skin repair, moisturise, soothe and have a cleansing action.<br \/>\nForms a protective film against external agents and UV rays, which are aggravating factors in mud scabies.<\/p>\n<p>Tested by the veterinary school of Lyon<\/p>\n<p>Stability of the product between 4 and 40 degrees<\/p>\n<p>400 g jar<\/p>\n<p>Made in France<\/p>\n<p>Contains essential oils. May cause skin allergy.<\/p>\n<p><img loading=\"lazy\" decoding=\"async\" class=\"wp-image-6698 alignleft\" src=\"https:\/\/www.ek1n.fr\/wp-content\/uploads\/2016\/07\/Onguent-anti-crevasse-300x296.png\" alt=\"\" width=\"70\" height=\"69\" srcset=\"https:\/\/www.ek1n.fr\/wp-content\/uploads\/2016\/07\/Onguent-anti-crevasse-300x296.png 300w, https:\/\/www.ek1n.fr\/wp-content\/uploads\/2016\/07\/Onguent-anti-crevasse-150x150.png 150w, https:\/\/www.ek1n.fr\/wp-content\/uploads\/2016\/07\/Onguent-anti-crevasse-570x563.png 570w, https:\/\/www.ek1n.fr\/wp-content\/uploads\/2016\/07\/Onguent-anti-crevasse-100x100.png 100w, https:\/\/www.ek1n.fr\/wp-content\/uploads\/2016\/07\/Onguent-anti-crevasse.png 766w\" sizes=\"auto, (max-width: 70px) 100vw, 70px\" \/><\/p>\n<h6>Judged 93.2% effective by EKIN consumers<\/h6>\n<p style=\"text-align: left;\">Satisfaction survey 2019&#8243;a little testimonial on your crevice\/mud scab balm! Which turned out to be just perfect for my little Spanish boy.&#8221; Customer review 2019<\/p>\n<p>(Composition and advice below)<\/p>\n","protected":false},"featured_media":16762,"comment_status":"closed","ping_status":"closed","template":"","meta":{"_exactmetrics_skip_tracking":false,"_exactmetrics_sitenote_active":false,"_exactmetrics_sitenote_note":"","_exactmetrics_sitenote_category":0},"product_brand":[],"product_cat":[218,190,227,171,185,193,156,170],"product_tag":[],"class_list":{"0":"post-12215","1":"product","2":"type-product","3":"status-publish","4":"has-post-thumbnail","6":"product_cat-configurator-en","7":"product_cat-crevasse-of-pastern-en","8":"product_cat-foot-en","9":"product_cat-hoof-and-foot-care-en","10":"product_cat-injuries-en","11":"product_cat-mud-scabies-en","12":"product_cat-categories-en","13":"product_cat-skin-care-en","15":"first","16":"instock","17":"taxable","18":"shipping-taxable","19":"purchasable","20":"product-type-simple"},"yoast_head":"<!-- This site is optimized with the Yoast SEO plugin v27.4 - https:\/\/yoast.com\/product\/yoast-seo-wordpress\/ -->\n<title>EKIN Onguent Anti-Crevasse et Gale de boue - Produit 100% Naturel<\/title>\n<meta name=\"description\" content=\"Onguent Anti-Crevasse et Gale de Boue agit sur les crevasses et la gale de boue, les atteintes du paturon. Test\u00e9 par l&#039;\u00e9cole v\u00e9t\u00e9rinaire de Lyon.\" \/>\n<meta name=\"robots\" content=\"index, follow, max-snippet:-1, max-image-preview:large, max-video-preview:-1\" \/>\n<link rel=\"canonical\" href=\"https:\/\/www.ek1n.fr\/produit\/ekin-onguent-anti-crevasse-et-gale-de-boue\/\" \/>\n<meta property=\"og:locale\" content=\"en_US\" \/>\n<meta property=\"og:type\" content=\"article\" \/>\n<meta property=\"og:title\" content=\"EKIN Onguent Anti-Crevasse et Gale de boue - Produit 100% Naturel\" \/>\n<meta property=\"og:description\" content=\"Onguent Anti-Crevasse et Gale de Boue agit sur les crevasses et la gale de boue, les atteintes du paturon. Test\u00e9 par l&#039;\u00e9cole v\u00e9t\u00e9rinaire de Lyon.\" \/>\n<meta property=\"og:url\" content=\"https:\/\/www.ek1n.fr\/produit\/ekin-onguent-anti-crevasse-et-gale-de-boue\/\" \/>\n<meta property=\"og:site_name\" content=\"EKIN\" \/>\n<meta property=\"article:modified_time\" content=\"2022-01-03T15:10:32+00:00\" \/>\n<meta property=\"og:image\" content=\"https:\/\/www.ek1n.fr\/wp-content\/uploads\/2016\/07\/Onguent-anti-crevasse-et-gale-de-boue-1.png\" \/>\n\t<meta property=\"og:image:width\" content=\"808\" \/>\n\t<meta property=\"og:image:height\" content=\"922\" \/>\n\t<meta property=\"og:image:type\" content=\"image\/png\" \/>\n<meta name=\"twitter:card\" content=\"summary_large_image\" \/>\n<meta name=\"twitter:label1\" content=\"Est. reading time\" \/>\n\t<meta name=\"twitter:data1\" content=\"2 minutes\" \/>\n<script type=\"application\/ld+json\" class=\"yoast-schema-graph\">{\"@context\":\"https:\\\/\\\/schema.org\",\"@graph\":[{\"@type\":\"WebPage\",\"@id\":\"https:\\\/\\\/www.ek1n.fr\\\/produit\\\/ekin-onguent-anti-crevasse-et-gale-de-boue\\\/\",\"url\":\"https:\\\/\\\/www.ek1n.fr\\\/produit\\\/ekin-onguent-anti-crevasse-et-gale-de-boue\\\/\",\"name\":\"EKIN Onguent Anti-Crevasse et Gale de boue - Produit 100% Naturel\",\"isPartOf\":{\"@id\":\"https:\\\/\\\/www.ek1n.fr\\\/#website\"},\"primaryImageOfPage\":{\"@id\":\"https:\\\/\\\/www.ek1n.fr\\\/produit\\\/ekin-onguent-anti-crevasse-et-gale-de-boue\\\/#primaryimage\"},\"image\":{\"@id\":\"https:\\\/\\\/www.ek1n.fr\\\/produit\\\/ekin-onguent-anti-crevasse-et-gale-de-boue\\\/#primaryimage\"},\"thumbnailUrl\":\"https:\\\/\\\/www.ek1n.fr\\\/wp-content\\\/uploads\\\/2016\\\/07\\\/Onguent-anti-crevasse-et-gale-de-boue-1.png\",\"datePublished\":\"2016-07-06T08:35:52+00:00\",\"dateModified\":\"2022-01-03T15:10:32+00:00\",\"description\":\"Onguent Anti-Crevasse et Gale de Boue agit sur les crevasses et la gale de boue, les atteintes du paturon. Test\u00e9 par l'\u00e9cole v\u00e9t\u00e9rinaire de Lyon.\",\"breadcrumb\":{\"@id\":\"https:\\\/\\\/www.ek1n.fr\\\/produit\\\/ekin-onguent-anti-crevasse-et-gale-de-boue\\\/#breadcrumb\"},\"inLanguage\":\"en-US\",\"potentialAction\":[{\"@type\":\"ReadAction\",\"target\":[\"https:\\\/\\\/www.ek1n.fr\\\/produit\\\/ekin-onguent-anti-crevasse-et-gale-de-boue\\\/\"]}]},{\"@type\":\"ImageObject\",\"inLanguage\":\"en-US\",\"@id\":\"https:\\\/\\\/www.ek1n.fr\\\/produit\\\/ekin-onguent-anti-crevasse-et-gale-de-boue\\\/#primaryimage\",\"url\":\"https:\\\/\\\/www.ek1n.fr\\\/wp-content\\\/uploads\\\/2016\\\/07\\\/Onguent-anti-crevasse-et-gale-de-boue-1.png\",\"contentUrl\":\"https:\\\/\\\/www.ek1n.fr\\\/wp-content\\\/uploads\\\/2016\\\/07\\\/Onguent-anti-crevasse-et-gale-de-boue-1.png\",\"width\":808,\"height\":922},{\"@type\":\"BreadcrumbList\",\"@id\":\"https:\\\/\\\/www.ek1n.fr\\\/produit\\\/ekin-onguent-anti-crevasse-et-gale-de-boue\\\/#breadcrumb\",\"itemListElement\":[{\"@type\":\"ListItem\",\"position\":1,\"name\":\"Accueil\",\"item\":\"https:\\\/\\\/www.ek1n.fr\\\/en\\\/\"},{\"@type\":\"ListItem\",\"position\":2,\"name\":\"Shop\",\"item\":\"https:\\\/\\\/www.ek1n.fr\\\/en\\\/shop\\\/\"},{\"@type\":\"ListItem\",\"position\":3,\"name\":\"EKIN Anti-Creep Ointment\"}]},{\"@type\":\"WebSite\",\"@id\":\"https:\\\/\\\/www.ek1n.fr\\\/#website\",\"url\":\"https:\\\/\\\/www.ek1n.fr\\\/\",\"name\":\"EKIN\",\"description\":\"Produits de soin pour chevaux 100% naturels et biod\u00e9gradables\",\"publisher\":{\"@id\":\"https:\\\/\\\/www.ek1n.fr\\\/#organization\"},\"potentialAction\":[{\"@type\":\"SearchAction\",\"target\":{\"@type\":\"EntryPoint\",\"urlTemplate\":\"https:\\\/\\\/www.ek1n.fr\\\/?s={search_term_string}\"},\"query-input\":{\"@type\":\"PropertyValueSpecification\",\"valueRequired\":true,\"valueName\":\"search_term_string\"}}],\"inLanguage\":\"en-US\"},{\"@type\":\"Organization\",\"@id\":\"https:\\\/\\\/www.ek1n.fr\\\/#organization\",\"name\":\"Ekin\",\"url\":\"https:\\\/\\\/www.ek1n.fr\\\/\",\"logo\":{\"@type\":\"ImageObject\",\"inLanguage\":\"en-US\",\"@id\":\"https:\\\/\\\/www.ek1n.fr\\\/#\\\/schema\\\/logo\\\/image\\\/\",\"url\":\"https:\\\/\\\/www.ek1n.fr\\\/wp-content\\\/uploads\\\/2016\\\/07\\\/logo-alternatif-ekin.png\",\"contentUrl\":\"https:\\\/\\\/www.ek1n.fr\\\/wp-content\\\/uploads\\\/2016\\\/07\\\/logo-alternatif-ekin.png\",\"width\":300,\"height\":145,\"caption\":\"Ekin\"},\"image\":{\"@id\":\"https:\\\/\\\/www.ek1n.fr\\\/#\\\/schema\\\/logo\\\/image\\\/\"}}]}<\/script>\n<!-- \/ Yoast SEO plugin. -->","yoast_head_json":{"title":"EKIN Onguent Anti-Crevasse et Gale de boue - Produit 100% Naturel","description":"Onguent Anti-Crevasse et Gale de Boue agit sur les crevasses et la gale de boue, les atteintes du paturon. Test\u00e9 par l'\u00e9cole v\u00e9t\u00e9rinaire de Lyon.","robots":{"index":"index","follow":"follow","max-snippet":"max-snippet:-1","max-image-preview":"max-image-preview:large","max-video-preview":"max-video-preview:-1"},"canonical":"https:\/\/www.ek1n.fr\/produit\/ekin-onguent-anti-crevasse-et-gale-de-boue\/","og_locale":"en_US","og_type":"article","og_title":"EKIN Onguent Anti-Crevasse et Gale de boue - Produit 100% Naturel","og_description":"Onguent Anti-Crevasse et Gale de Boue agit sur les crevasses et la gale de boue, les atteintes du paturon. Test\u00e9 par l'\u00e9cole v\u00e9t\u00e9rinaire de Lyon.","og_url":"https:\/\/www.ek1n.fr\/produit\/ekin-onguent-anti-crevasse-et-gale-de-boue\/","og_site_name":"EKIN","article_modified_time":"2022-01-03T15:10:32+00:00","og_image":[{"width":808,"height":922,"url":"https:\/\/www.ek1n.fr\/wp-content\/uploads\/2016\/07\/Onguent-anti-crevasse-et-gale-de-boue-1.png","type":"image\/png"}],"twitter_card":"summary_large_image","twitter_misc":{"Est. reading time":"2 minutes"},"schema":{"@context":"https:\/\/schema.org","@graph":[{"@type":"WebPage","@id":"https:\/\/www.ek1n.fr\/produit\/ekin-onguent-anti-crevasse-et-gale-de-boue\/","url":"https:\/\/www.ek1n.fr\/produit\/ekin-onguent-anti-crevasse-et-gale-de-boue\/","name":"EKIN Onguent Anti-Crevasse et Gale de boue - Produit 100% Naturel","isPartOf":{"@id":"https:\/\/www.ek1n.fr\/#website"},"primaryImageOfPage":{"@id":"https:\/\/www.ek1n.fr\/produit\/ekin-onguent-anti-crevasse-et-gale-de-boue\/#primaryimage"},"image":{"@id":"https:\/\/www.ek1n.fr\/produit\/ekin-onguent-anti-crevasse-et-gale-de-boue\/#primaryimage"},"thumbnailUrl":"https:\/\/www.ek1n.fr\/wp-content\/uploads\/2016\/07\/Onguent-anti-crevasse-et-gale-de-boue-1.png","datePublished":"2016-07-06T08:35:52+00:00","dateModified":"2022-01-03T15:10:32+00:00","description":"Onguent Anti-Crevasse et Gale de Boue agit sur les crevasses et la gale de boue, les atteintes du paturon. Test\u00e9 par l'\u00e9cole v\u00e9t\u00e9rinaire de Lyon.","breadcrumb":{"@id":"https:\/\/www.ek1n.fr\/produit\/ekin-onguent-anti-crevasse-et-gale-de-boue\/#breadcrumb"},"inLanguage":"en-US","potentialAction":[{"@type":"ReadAction","target":["https:\/\/www.ek1n.fr\/produit\/ekin-onguent-anti-crevasse-et-gale-de-boue\/"]}]},{"@type":"ImageObject","inLanguage":"en-US","@id":"https:\/\/www.ek1n.fr\/produit\/ekin-onguent-anti-crevasse-et-gale-de-boue\/#primaryimage","url":"https:\/\/www.ek1n.fr\/wp-content\/uploads\/2016\/07\/Onguent-anti-crevasse-et-gale-de-boue-1.png","contentUrl":"https:\/\/www.ek1n.fr\/wp-content\/uploads\/2016\/07\/Onguent-anti-crevasse-et-gale-de-boue-1.png","width":808,"height":922},{"@type":"BreadcrumbList","@id":"https:\/\/www.ek1n.fr\/produit\/ekin-onguent-anti-crevasse-et-gale-de-boue\/#breadcrumb","itemListElement":[{"@type":"ListItem","position":1,"name":"Accueil","item":"https:\/\/www.ek1n.fr\/en\/"},{"@type":"ListItem","position":2,"name":"Shop","item":"https:\/\/www.ek1n.fr\/en\/shop\/"},{"@type":"ListItem","position":3,"name":"EKIN Anti-Creep Ointment"}]},{"@type":"WebSite","@id":"https:\/\/www.ek1n.fr\/#website","url":"https:\/\/www.ek1n.fr\/","name":"EKIN","description":"Produits de soin pour chevaux 100% naturels et biod\u00e9gradables","publisher":{"@id":"https:\/\/www.ek1n.fr\/#organization"},"potentialAction":[{"@type":"SearchAction","target":{"@type":"EntryPoint","urlTemplate":"https:\/\/www.ek1n.fr\/?s={search_term_string}"},"query-input":{"@type":"PropertyValueSpecification","valueRequired":true,"valueName":"search_term_string"}}],"inLanguage":"en-US"},{"@type":"Organization","@id":"https:\/\/www.ek1n.fr\/#organization","name":"Ekin","url":"https:\/\/www.ek1n.fr\/","logo":{"@type":"ImageObject","inLanguage":"en-US","@id":"https:\/\/www.ek1n.fr\/#\/schema\/logo\/image\/","url":"https:\/\/www.ek1n.fr\/wp-content\/uploads\/2016\/07\/logo-alternatif-ekin.png","contentUrl":"https:\/\/www.ek1n.fr\/wp-content\/uploads\/2016\/07\/logo-alternatif-ekin.png","width":300,"height":145,"caption":"Ekin"},"image":{"@id":"https:\/\/www.ek1n.fr\/#\/schema\/logo\/image\/"}}]}},"_links":{"self":[{"href":"https:\/\/www.ek1n.fr\/en\/wp-json\/wp\/v2\/product\/12215","targetHints":{"allow":["GET"]}}],"collection":[{"href":"https:\/\/www.ek1n.fr\/en\/wp-json\/wp\/v2\/product"}],"about":[{"href":"https:\/\/www.ek1n.fr\/en\/wp-json\/wp\/v2\/types\/product"}],"replies":[{"embeddable":true,"href":"https:\/\/www.ek1n.fr\/en\/wp-json\/wp\/v2\/comments?post=12215"}],"wp:featuredmedia":[{"embeddable":true,"href":"https:\/\/www.ek1n.fr\/en\/wp-json\/wp\/v2\/media\/16762"}],"wp:attachment":[{"href":"https:\/\/www.ek1n.fr\/en\/wp-json\/wp\/v2\/media?parent=12215"}],"wp:term":[{"taxonomy":"product_brand","embeddable":true,"href":"https:\/\/www.ek1n.fr\/en\/wp-json\/wp\/v2\/product_brand?post=12215"},{"taxonomy":"product_cat","embeddable":true,"href":"https:\/\/www.ek1n.fr\/en\/wp-json\/wp\/v2\/product_cat?post=12215"},{"taxonomy":"product_tag","embeddable":true,"href":"https:\/\/www.ek1n.fr\/en\/wp-json\/wp\/v2\/product_tag?post=12215"}],"curies":[{"name":"wp","href":"https:\/\/api.w.org\/{rel}","templated":true}]}}