{"id":12203,"date":"2016-07-12T12:54:45","date_gmt":"2016-07-12T10:54:45","guid":{"rendered":"https:\/\/www.ek1n.fr\/produit\/ekin-regenerateur-corne\/"},"modified":"2022-01-03T14:44:02","modified_gmt":"2022-01-03T13:44:02","slug":"ekin-regenerateur-corne","status":"publish","type":"product","link":"https:\/\/www.ek1n.fr\/en\/produit\/ekin-regenerateur-corne\/","title":{"rendered":"EKIN Horn Regenerator"},"content":{"rendered":"<div class=\"wpb-content-wrapper\"><p>[vc_row][vc_column width=&#8221;1\/2&#8243;][vc_column_text]<\/p>\n<h4 style=\"text-align: left;\"><span class=\"PBSTitle\"><strong>Composition<\/strong><\/span><\/h4>\n<ul>\n<li>100% natural and environmentally friendly product<\/li>\n<li>Product composed exclusively of active ingredients.<\/li>\n<li>Keratin: gives rigidity and flexibility to the wall, its contribution accelerates the regrowth of the horn.<\/li>\n<li>Laurel oil: nourishing and moisturizing, maintains the suppleness and stimulates the growth of the horn. It avoids the drying and reduces the formation of seimes. Its sanitizing properties contribute to keep a strong, flexible, healthy and resistant hoof.<\/li>\n<li>Castor oil: softening action on the perioplic pad and the crown.<\/li>\n<li>Tea tree oil: purifying and cleansing with a broad spectrum of action on the degradation of the horn and the fork.<\/li>\n<li>Also contains: Sunflower vegetable oil, Beeswax, Fatty acid, Vegetable glycerin, Vitamin E<\/li>\n<\/ul>\n<p>500 g<\/p>\n<p>Contains essential oils. May cause a skin allergy.[\/vc_column_text][\/vc_column][vc_column width=&#8221;1\/2&#8243;][vc_column_text]<\/p>\n<ul>\n<li><\/li>\n<\/ul>\n<p><b>Properties and instructions for use<\/b><\/p>\n<ul>\n<li>EKIN Horn Regenerator helps to repair damaged hooves: cracked hoof, ants, torn off shoes, unshoe&#8230;<\/li>\n<li>Its active ingredients promote and accelerate the regrowth of the horn.<\/li>\n<li>It quickly restores a beautiful aspect to a damaged, crumbly, brittle, dry and dull horn.<\/li>\n<li>It promotes the growth and strengthening of the horn during the passages &#8220;barefoot&#8221;.<\/li>\n<li>Directions for use : Apply with a brush once a week, in a thin layer, on the hoof, the fork, the sole and the glomes.<\/li>\n<li>A packaging all in one, with brush integrated into the pot, facilitates the application of the product and the storage of the material.<\/li>\n<li>Stability of the product between 4 and 40 degrees<\/li>\n<\/ul>\n<p>[\/vc_column_text][\/vc_column][\/vc_row][vc_row][vc_column][vc_video link=&#8221;https:\/\/www.youtube.com\/watch?v=EaOPZ-8cgPk&#8221; align=&#8221;center&#8221; title=&#8221;Onguent pour sabot 100% naturel &#8211; EKIN&#8221;][\/vc_column][\/vc_row]<\/p>\n<\/div>","protected":false},"excerpt":{"rendered":"<p>EKIN Horn Regenerator helps to repair damaged hooves: seime, ants, torn off shoes, going barefoot&#8230;<br \/>\nIts active ingredients promote and accelerate horn regrowth.<\/p>\n<p>Stability of the product between 4 and 40 degrees<\/p>\n<p>500 g jar<\/p>\n<p>Made in France<\/p>\n<p>Contains essential oils. May cause a skin allergy.<\/p>\n<p><img loading=\"lazy\" decoding=\"async\" class=\"wp-image-6692 alignleft\" src=\"https:\/\/www.ek1n.fr\/wp-content\/uploads\/2016\/07\/R\u00e9g\u00e9n\u00e9rateur-300x296.png\" alt=\"\" width=\"70\" height=\"69\" srcset=\"https:\/\/www.ek1n.fr\/wp-content\/uploads\/2016\/07\/R\u00e9g\u00e9n\u00e9rateur-300x296.png 300w, https:\/\/www.ek1n.fr\/wp-content\/uploads\/2016\/07\/R\u00e9g\u00e9n\u00e9rateur-150x150.png 150w, https:\/\/www.ek1n.fr\/wp-content\/uploads\/2016\/07\/R\u00e9g\u00e9n\u00e9rateur-570x563.png 570w, https:\/\/www.ek1n.fr\/wp-content\/uploads\/2016\/07\/R\u00e9g\u00e9n\u00e9rateur-100x100.png 100w, https:\/\/www.ek1n.fr\/wp-content\/uploads\/2016\/07\/R\u00e9g\u00e9n\u00e9rateur.png 766w\" sizes=\"auto, (max-width: 70px) 100vw, 70px\" \/><\/p>\n<h6>Rated 92.0% effective by EKIN consumers<\/h6>\n<p style=\"text-align: left;\">Satisfaction survey 2019<\/p>\n<p>&#8220;Thanks to the horn regenerating treatment, my mare now has good feet. The horn no longer crumbles and it is easier to shoe her.&#8221; Customer review 2019<\/p>\n<p>(Composition and tips below)<\/p>\n","protected":false},"featured_media":11783,"comment_status":"closed","ping_status":"closed","template":"","meta":{"_exactmetrics_skip_tracking":false,"_exactmetrics_sitenote_active":false,"_exactmetrics_sitenote_note":"","_exactmetrics_sitenote_category":0},"product_brand":[],"product_cat":[184,191,194,218,186,187,227,171,195,156,199],"product_tag":[],"class_list":{"0":"post-12203","1":"product","2":"type-product","3":"status-publish","4":"has-post-thumbnail","6":"product_cat-abscess-en","7":"product_cat-anthill-en","8":"product_cat-bacterial-and-fungal-disease-en","9":"product_cat-configurator-en","10":"product_cat-damaged-horn-en","11":"product_cat-damaged-horn-en-en","12":"product_cat-foot-en","13":"product_cat-hoof-and-foot-care-en","14":"product_cat-hooves-unshod-en","15":"product_cat-categories-en","16":"product_cat-split-horn-en","18":"first","19":"instock","20":"taxable","21":"shipping-taxable","22":"purchasable","23":"product-type-simple"},"yoast_head":"<!-- This site is optimized with the Yoast SEO plugin v27.5 - https:\/\/yoast.com\/product\/yoast-seo-wordpress\/ -->\n<title>EKIN Horn Regenerator pour chevaux - Produit 100% naturel - EKIN<\/title>\n<meta name=\"description\" content=\"Le R\u00e9g\u00e9n\u00e9rateur Corne r\u00e9pare les sabots abim\u00e9s. Acc\u00e9l\u00e8re la repousse de la corne. Redonne rapidement un bel aspect \u00e0 une corne abim\u00e9e.\" \/>\n<meta name=\"robots\" content=\"index, follow, max-snippet:-1, max-image-preview:large, max-video-preview:-1\" \/>\n<link rel=\"canonical\" href=\"https:\/\/www.ek1n.fr\/produit\/ekin-regenerateur-corne\/\" \/>\n<meta property=\"og:locale\" content=\"en_US\" \/>\n<meta property=\"og:type\" content=\"article\" \/>\n<meta property=\"og:title\" content=\"EKIN Horn Regenerator pour chevaux - Produit 100% naturel - EKIN\" \/>\n<meta property=\"og:description\" content=\"Le R\u00e9g\u00e9n\u00e9rateur Corne r\u00e9pare les sabots abim\u00e9s. Acc\u00e9l\u00e8re la repousse de la corne. Redonne rapidement un bel aspect \u00e0 une corne abim\u00e9e.\" \/>\n<meta property=\"og:url\" content=\"https:\/\/www.ek1n.fr\/produit\/ekin-regenerateur-corne\/\" \/>\n<meta property=\"og:site_name\" content=\"EKIN\" \/>\n<meta property=\"article:modified_time\" content=\"2022-01-03T13:44:02+00:00\" \/>\n<meta property=\"og:image\" content=\"https:\/\/www.ek1n.fr\/wp-content\/uploads\/2016\/07\/regenerateur-corne-ekin-1.png\" \/>\n\t<meta property=\"og:image:width\" content=\"350\" \/>\n\t<meta property=\"og:image:height\" content=\"375\" \/>\n\t<meta property=\"og:image:type\" content=\"image\/png\" \/>\n<meta name=\"twitter:card\" content=\"summary_large_image\" \/>\n<meta name=\"twitter:label1\" content=\"Est. reading time\" \/>\n\t<meta name=\"twitter:data1\" content=\"2 minutes\" \/>\n<script type=\"application\/ld+json\" class=\"yoast-schema-graph\">{\"@context\":\"https:\\\/\\\/schema.org\",\"@graph\":[{\"@type\":\"WebPage\",\"@id\":\"https:\\\/\\\/www.ek1n.fr\\\/produit\\\/ekin-regenerateur-corne\\\/\",\"url\":\"https:\\\/\\\/www.ek1n.fr\\\/produit\\\/ekin-regenerateur-corne\\\/\",\"name\":\"EKIN Horn Regenerator pour chevaux - Produit 100% naturel - EKIN\",\"isPartOf\":{\"@id\":\"https:\\\/\\\/www.ek1n.fr\\\/#website\"},\"primaryImageOfPage\":{\"@id\":\"https:\\\/\\\/www.ek1n.fr\\\/produit\\\/ekin-regenerateur-corne\\\/#primaryimage\"},\"image\":{\"@id\":\"https:\\\/\\\/www.ek1n.fr\\\/produit\\\/ekin-regenerateur-corne\\\/#primaryimage\"},\"thumbnailUrl\":\"https:\\\/\\\/www.ek1n.fr\\\/wp-content\\\/uploads\\\/2016\\\/07\\\/regenerateur-corne-ekin-1.png\",\"datePublished\":\"2016-07-12T10:54:45+00:00\",\"dateModified\":\"2022-01-03T13:44:02+00:00\",\"description\":\"Le R\u00e9g\u00e9n\u00e9rateur Corne r\u00e9pare les sabots abim\u00e9s. Acc\u00e9l\u00e8re la repousse de la corne. Redonne rapidement un bel aspect \u00e0 une corne abim\u00e9e.\",\"breadcrumb\":{\"@id\":\"https:\\\/\\\/www.ek1n.fr\\\/produit\\\/ekin-regenerateur-corne\\\/#breadcrumb\"},\"inLanguage\":\"en-US\",\"potentialAction\":[{\"@type\":\"ReadAction\",\"target\":[\"https:\\\/\\\/www.ek1n.fr\\\/produit\\\/ekin-regenerateur-corne\\\/\"]}]},{\"@type\":\"ImageObject\",\"inLanguage\":\"en-US\",\"@id\":\"https:\\\/\\\/www.ek1n.fr\\\/produit\\\/ekin-regenerateur-corne\\\/#primaryimage\",\"url\":\"https:\\\/\\\/www.ek1n.fr\\\/wp-content\\\/uploads\\\/2016\\\/07\\\/regenerateur-corne-ekin-1.png\",\"contentUrl\":\"https:\\\/\\\/www.ek1n.fr\\\/wp-content\\\/uploads\\\/2016\\\/07\\\/regenerateur-corne-ekin-1.png\",\"width\":350,\"height\":375,\"caption\":\"EKIN regenerateur-corne-ekin\"},{\"@type\":\"BreadcrumbList\",\"@id\":\"https:\\\/\\\/www.ek1n.fr\\\/produit\\\/ekin-regenerateur-corne\\\/#breadcrumb\",\"itemListElement\":[{\"@type\":\"ListItem\",\"position\":1,\"name\":\"Accueil\",\"item\":\"https:\\\/\\\/www.ek1n.fr\\\/en\\\/\"},{\"@type\":\"ListItem\",\"position\":2,\"name\":\"Shop\",\"item\":\"https:\\\/\\\/www.ek1n.fr\\\/en\\\/shop\\\/\"},{\"@type\":\"ListItem\",\"position\":3,\"name\":\"EKIN Horn Regenerator\"}]},{\"@type\":\"WebSite\",\"@id\":\"https:\\\/\\\/www.ek1n.fr\\\/#website\",\"url\":\"https:\\\/\\\/www.ek1n.fr\\\/\",\"name\":\"EKIN\",\"description\":\"Produits de soin pour chevaux 100% naturels et biod\u00e9gradables\",\"publisher\":{\"@id\":\"https:\\\/\\\/www.ek1n.fr\\\/#organization\"},\"potentialAction\":[{\"@type\":\"SearchAction\",\"target\":{\"@type\":\"EntryPoint\",\"urlTemplate\":\"https:\\\/\\\/www.ek1n.fr\\\/?s={search_term_string}\"},\"query-input\":{\"@type\":\"PropertyValueSpecification\",\"valueRequired\":true,\"valueName\":\"search_term_string\"}}],\"inLanguage\":\"en-US\"},{\"@type\":\"Organization\",\"@id\":\"https:\\\/\\\/www.ek1n.fr\\\/#organization\",\"name\":\"Ekin\",\"url\":\"https:\\\/\\\/www.ek1n.fr\\\/\",\"logo\":{\"@type\":\"ImageObject\",\"inLanguage\":\"en-US\",\"@id\":\"https:\\\/\\\/www.ek1n.fr\\\/#\\\/schema\\\/logo\\\/image\\\/\",\"url\":\"https:\\\/\\\/www.ek1n.fr\\\/wp-content\\\/uploads\\\/2016\\\/07\\\/logo-alternatif-ekin.png\",\"contentUrl\":\"https:\\\/\\\/www.ek1n.fr\\\/wp-content\\\/uploads\\\/2016\\\/07\\\/logo-alternatif-ekin.png\",\"width\":300,\"height\":145,\"caption\":\"Ekin\"},\"image\":{\"@id\":\"https:\\\/\\\/www.ek1n.fr\\\/#\\\/schema\\\/logo\\\/image\\\/\"}}]}<\/script>\n<!-- \/ Yoast SEO plugin. -->","yoast_head_json":{"title":"EKIN Horn Regenerator pour chevaux - Produit 100% naturel - EKIN","description":"Le R\u00e9g\u00e9n\u00e9rateur Corne r\u00e9pare les sabots abim\u00e9s. Acc\u00e9l\u00e8re la repousse de la corne. Redonne rapidement un bel aspect \u00e0 une corne abim\u00e9e.","robots":{"index":"index","follow":"follow","max-snippet":"max-snippet:-1","max-image-preview":"max-image-preview:large","max-video-preview":"max-video-preview:-1"},"canonical":"https:\/\/www.ek1n.fr\/produit\/ekin-regenerateur-corne\/","og_locale":"en_US","og_type":"article","og_title":"EKIN Horn Regenerator pour chevaux - Produit 100% naturel - EKIN","og_description":"Le R\u00e9g\u00e9n\u00e9rateur Corne r\u00e9pare les sabots abim\u00e9s. Acc\u00e9l\u00e8re la repousse de la corne. Redonne rapidement un bel aspect \u00e0 une corne abim\u00e9e.","og_url":"https:\/\/www.ek1n.fr\/produit\/ekin-regenerateur-corne\/","og_site_name":"EKIN","article_modified_time":"2022-01-03T13:44:02+00:00","og_image":[{"width":350,"height":375,"url":"https:\/\/www.ek1n.fr\/wp-content\/uploads\/2016\/07\/regenerateur-corne-ekin-1.png","type":"image\/png"}],"twitter_card":"summary_large_image","twitter_misc":{"Est. reading time":"2 minutes"},"schema":{"@context":"https:\/\/schema.org","@graph":[{"@type":"WebPage","@id":"https:\/\/www.ek1n.fr\/produit\/ekin-regenerateur-corne\/","url":"https:\/\/www.ek1n.fr\/produit\/ekin-regenerateur-corne\/","name":"EKIN Horn Regenerator pour chevaux - Produit 100% naturel - EKIN","isPartOf":{"@id":"https:\/\/www.ek1n.fr\/#website"},"primaryImageOfPage":{"@id":"https:\/\/www.ek1n.fr\/produit\/ekin-regenerateur-corne\/#primaryimage"},"image":{"@id":"https:\/\/www.ek1n.fr\/produit\/ekin-regenerateur-corne\/#primaryimage"},"thumbnailUrl":"https:\/\/www.ek1n.fr\/wp-content\/uploads\/2016\/07\/regenerateur-corne-ekin-1.png","datePublished":"2016-07-12T10:54:45+00:00","dateModified":"2022-01-03T13:44:02+00:00","description":"Le R\u00e9g\u00e9n\u00e9rateur Corne r\u00e9pare les sabots abim\u00e9s. Acc\u00e9l\u00e8re la repousse de la corne. Redonne rapidement un bel aspect \u00e0 une corne abim\u00e9e.","breadcrumb":{"@id":"https:\/\/www.ek1n.fr\/produit\/ekin-regenerateur-corne\/#breadcrumb"},"inLanguage":"en-US","potentialAction":[{"@type":"ReadAction","target":["https:\/\/www.ek1n.fr\/produit\/ekin-regenerateur-corne\/"]}]},{"@type":"ImageObject","inLanguage":"en-US","@id":"https:\/\/www.ek1n.fr\/produit\/ekin-regenerateur-corne\/#primaryimage","url":"https:\/\/www.ek1n.fr\/wp-content\/uploads\/2016\/07\/regenerateur-corne-ekin-1.png","contentUrl":"https:\/\/www.ek1n.fr\/wp-content\/uploads\/2016\/07\/regenerateur-corne-ekin-1.png","width":350,"height":375,"caption":"EKIN regenerateur-corne-ekin"},{"@type":"BreadcrumbList","@id":"https:\/\/www.ek1n.fr\/produit\/ekin-regenerateur-corne\/#breadcrumb","itemListElement":[{"@type":"ListItem","position":1,"name":"Accueil","item":"https:\/\/www.ek1n.fr\/en\/"},{"@type":"ListItem","position":2,"name":"Shop","item":"https:\/\/www.ek1n.fr\/en\/shop\/"},{"@type":"ListItem","position":3,"name":"EKIN Horn Regenerator"}]},{"@type":"WebSite","@id":"https:\/\/www.ek1n.fr\/#website","url":"https:\/\/www.ek1n.fr\/","name":"EKIN","description":"Produits de soin pour chevaux 100% naturels et biod\u00e9gradables","publisher":{"@id":"https:\/\/www.ek1n.fr\/#organization"},"potentialAction":[{"@type":"SearchAction","target":{"@type":"EntryPoint","urlTemplate":"https:\/\/www.ek1n.fr\/?s={search_term_string}"},"query-input":{"@type":"PropertyValueSpecification","valueRequired":true,"valueName":"search_term_string"}}],"inLanguage":"en-US"},{"@type":"Organization","@id":"https:\/\/www.ek1n.fr\/#organization","name":"Ekin","url":"https:\/\/www.ek1n.fr\/","logo":{"@type":"ImageObject","inLanguage":"en-US","@id":"https:\/\/www.ek1n.fr\/#\/schema\/logo\/image\/","url":"https:\/\/www.ek1n.fr\/wp-content\/uploads\/2016\/07\/logo-alternatif-ekin.png","contentUrl":"https:\/\/www.ek1n.fr\/wp-content\/uploads\/2016\/07\/logo-alternatif-ekin.png","width":300,"height":145,"caption":"Ekin"},"image":{"@id":"https:\/\/www.ek1n.fr\/#\/schema\/logo\/image\/"}}]}},"_links":{"self":[{"href":"https:\/\/www.ek1n.fr\/en\/wp-json\/wp\/v2\/product\/12203","targetHints":{"allow":["GET"]}}],"collection":[{"href":"https:\/\/www.ek1n.fr\/en\/wp-json\/wp\/v2\/product"}],"about":[{"href":"https:\/\/www.ek1n.fr\/en\/wp-json\/wp\/v2\/types\/product"}],"replies":[{"embeddable":true,"href":"https:\/\/www.ek1n.fr\/en\/wp-json\/wp\/v2\/comments?post=12203"}],"wp:featuredmedia":[{"embeddable":true,"href":"https:\/\/www.ek1n.fr\/en\/wp-json\/wp\/v2\/media\/11783"}],"wp:attachment":[{"href":"https:\/\/www.ek1n.fr\/en\/wp-json\/wp\/v2\/media?parent=12203"}],"wp:term":[{"taxonomy":"product_brand","embeddable":true,"href":"https:\/\/www.ek1n.fr\/en\/wp-json\/wp\/v2\/product_brand?post=12203"},{"taxonomy":"product_cat","embeddable":true,"href":"https:\/\/www.ek1n.fr\/en\/wp-json\/wp\/v2\/product_cat?post=12203"},{"taxonomy":"product_tag","embeddable":true,"href":"https:\/\/www.ek1n.fr\/en\/wp-json\/wp\/v2\/product_tag?post=12203"}],"curies":[{"name":"wp","href":"https:\/\/api.w.org\/{rel}","templated":true}]}}