{"id":12199,"date":"2016-07-12T13:02:47","date_gmt":"2016-07-12T11:02:47","guid":{"rendered":"https:\/\/www.ek1n.fr\/produit\/ekin-repulsif-insectes\/"},"modified":"2022-01-03T13:57:42","modified_gmt":"2022-01-03T12:57:42","slug":"ekin-repulsif-insectes","status":"publish","type":"product","link":"https:\/\/www.ek1n.fr\/en\/produit\/ekin-repulsif-insectes\/","title":{"rendered":"EKIN Waterproof Insect Repellent Spray"},"content":{"rendered":"<div class=\"wpb-content-wrapper\"><p>[vc_row][vc_column width=&#8221;1\/2&#8243;][vc_column_text]<\/p>\n<h4 style=\"text-align: left;\"><span class=\"PBSTitle\"><strong>Composition du Spray d&#8217;Et\u00e9 R\u00e9pulsif Insectes<\/strong><\/span><\/h4>\n<ul>\n<li>The selected raw materials all have properties that contribute to the expected effectiveness:<\/li>\n<li>Neem oil and essential oil of lemon eucalyptus: lemon smell, masks the smell of perspiration of the horse<\/li>\n<li>The essential oil of lavandin (Lavandin oil CAS No. 91722-69-9, 0.1% m\/m, TP19): Strong repellent power<\/li>\n<\/ul>\n<p>Also contains: Esterified vegetable oils, Vitamin E<\/p>\n<p>Liquide, 500 ml[\/vc_column_text][\/vc_column][vc_column width=&#8221;1\/2&#8243;][vc_column_text]<b>Properties and instructions for use<\/b><\/p>\n<ul>\n<li>Protects the horse from aggression and insect bites. A powerful lemon scent mask, it resists the horse&#8217;s perspiration and prevents flies, mosquitoes, ticks, fleas and lice from perceiving it. It helps to prevent and relieve bites. Its composition in the form of dry oil does not evaporate and remains effective until 48h. The oily form does not allow the flat flies or ticks to fix themselves durably on the hairs or the skin.<\/li>\n<li>Directions for use : Apply 7 to 8 sprays on each side of the body, avoiding contact with the eyes, nostrils and ear canals. Distribute on the hair with a glove or a brush. Immediate action. Reapply after 48H<\/li>\n<li>Shake before use.<\/li>\n<li>Stability of the product between 4 and 40 degrees<\/li>\n<li>Safety sheet available on request for professionals.<\/li>\n<\/ul>\n<p>[\/vc_column_text][\/vc_column][\/vc_row]<\/p>\n<\/div>","protected":false},"excerpt":{"rendered":"<p>Protects the horse from insect attacks and bites. A powerful, lemony odour masking agent, it resists the horse&#8217;s perspiration and prevents flies, mosquitoes, ticks, fleas and lice from perceiving it. It helps to prevent and relieve bites.<\/p>\n<p>500 ml bottle<\/p>\n<p>Made in France<\/p>\n<p>Use biocides with care. Read the label and product information before use.<\/p>\n<p>Contains Lavandin oil and Eucalyptus citriodora oil. May produce an allergic reaction.<\/p>\n<p><img loading=\"lazy\" decoding=\"async\" class=\" wp-image-6675 alignleft\" src=\"https:\/\/www.ek1n.fr\/wp-content\/uploads\/2017\/04\/Spray-anti-insectes-300x296.png\" alt=\"\" width=\"70\" height=\"69\" srcset=\"https:\/\/www.ek1n.fr\/wp-content\/uploads\/2017\/04\/Spray-anti-insectes-300x296.png 300w, https:\/\/www.ek1n.fr\/wp-content\/uploads\/2017\/04\/Spray-anti-insectes-150x150.png 150w, https:\/\/www.ek1n.fr\/wp-content\/uploads\/2017\/04\/Spray-anti-insectes-570x563.png 570w, https:\/\/www.ek1n.fr\/wp-content\/uploads\/2017\/04\/Spray-anti-insectes-100x100.png 100w, https:\/\/www.ek1n.fr\/wp-content\/uploads\/2017\/04\/Spray-anti-insectes.png 766w\" sizes=\"auto, (max-width: 70px) 100vw, 70px\" \/><\/p>\n<h6>Rated 81.2% effective by EKIN consumers<\/h6>\n<p style=\"text-align: left;\">Satisfaction survey 2019<\/p>\n<p>&#8220;Perfect tick repellent. Pleasant smell. Effective for a long time.&#8221; Customer review 2019<\/p>\n<p>(Composition and advice below)<\/p>\n","protected":false},"featured_media":11918,"comment_status":"closed","ping_status":"closed","template":"","meta":{"_exactmetrics_skip_tracking":false,"_exactmetrics_sitenote_active":false,"_exactmetrics_sitenote_note":"","_exactmetrics_sitenote_category":0},"product_brand":[],"product_cat":[157,218,158,159,160,161,162,163,164,156,219],"product_tag":[],"class_list":{"0":"post-12199","1":"product","2":"type-product","3":"status-publish","4":"has-post-thumbnail","6":"product_cat-anti-insects-en","7":"product_cat-configurator-en","8":"product_cat-insects-en-en-3","9":"product_cat-insects-en","10":"product_cat-insects-en-en","11":"product_cat-insects-en-en-2","12":"product_cat-insects-en-en-4","13":"product_cat-insects-en-en-5","14":"product_cat-insects-en-en-6","15":"product_cat-categories-en","16":"product_cat-tail-en","18":"first","19":"instock","20":"taxable","21":"shipping-taxable","22":"purchasable","23":"product-type-simple"},"yoast_head":"<!-- This site is optimized with the Yoast SEO plugin v27.2 - https:\/\/yoast.com\/product\/yoast-seo-wordpress\/ -->\n<title>EKIN R\u00e9pulsif Insectes Waterproof pour chevaux - Produit 100% naturel<\/title>\n<meta name=\"description\" content=\"R\u00e9pulsif Insectes : Prot\u00e8ge le cheval des agressions et piq\u00fbres d&#039;insectes (mouches, moustiques, taons\u2026). Waterproof et efficacit\u00e9 longue dur\u00e9e.\" \/>\n<meta name=\"robots\" content=\"index, follow, max-snippet:-1, max-image-preview:large, max-video-preview:-1\" \/>\n<link rel=\"canonical\" href=\"https:\/\/www.ek1n.fr\/produit\/ekin-repulsif-insectes\/\" \/>\n<meta property=\"og:locale\" content=\"en_US\" \/>\n<meta property=\"og:type\" content=\"article\" \/>\n<meta property=\"og:title\" content=\"EKIN R\u00e9pulsif Insectes Waterproof pour chevaux - Produit 100% naturel\" \/>\n<meta property=\"og:description\" content=\"R\u00e9pulsif Insectes : Prot\u00e8ge le cheval des agressions et piq\u00fbres d&#039;insectes (mouches, moustiques, taons\u2026). Waterproof et efficacit\u00e9 longue dur\u00e9e.\" \/>\n<meta property=\"og:url\" content=\"https:\/\/www.ek1n.fr\/produit\/ekin-repulsif-insectes\/\" \/>\n<meta property=\"og:site_name\" content=\"EKIN\" \/>\n<meta property=\"article:modified_time\" content=\"2022-01-03T12:57:42+00:00\" \/>\n<meta property=\"og:image\" content=\"https:\/\/www.ek1n.fr\/wp-content\/uploads\/2020\/04\/anti-insectes-768x1024.png\" \/>\n\t<meta property=\"og:image:width\" content=\"768\" \/>\n\t<meta property=\"og:image:height\" content=\"1024\" \/>\n\t<meta property=\"og:image:type\" content=\"image\/png\" \/>\n<meta name=\"twitter:card\" content=\"summary_large_image\" \/>\n<meta name=\"twitter:label1\" content=\"Est. reading time\" \/>\n\t<meta name=\"twitter:data1\" content=\"2 minutes\" \/>\n<script type=\"application\/ld+json\" class=\"yoast-schema-graph\">{\"@context\":\"https:\/\/schema.org\",\"@graph\":[{\"@type\":\"WebPage\",\"@id\":\"https:\/\/www.ek1n.fr\/produit\/ekin-repulsif-insectes\/\",\"url\":\"https:\/\/www.ek1n.fr\/produit\/ekin-repulsif-insectes\/\",\"name\":\"EKIN R\u00e9pulsif Insectes Waterproof pour chevaux - Produit 100% naturel\",\"isPartOf\":{\"@id\":\"https:\/\/www.ek1n.fr\/#website\"},\"primaryImageOfPage\":{\"@id\":\"https:\/\/www.ek1n.fr\/produit\/ekin-repulsif-insectes\/#primaryimage\"},\"image\":{\"@id\":\"https:\/\/www.ek1n.fr\/produit\/ekin-repulsif-insectes\/#primaryimage\"},\"thumbnailUrl\":\"https:\/\/www.ek1n.fr\/wp-content\/uploads\/2020\/04\/anti-insectes.png\",\"datePublished\":\"2016-07-12T11:02:47+00:00\",\"dateModified\":\"2022-01-03T12:57:42+00:00\",\"description\":\"R\u00e9pulsif Insectes : Prot\u00e8ge le cheval des agressions et piq\u00fbres d'insectes (mouches, moustiques, taons\u2026). Waterproof et efficacit\u00e9 longue dur\u00e9e.\",\"breadcrumb\":{\"@id\":\"https:\/\/www.ek1n.fr\/produit\/ekin-repulsif-insectes\/#breadcrumb\"},\"inLanguage\":\"en-US\",\"potentialAction\":[{\"@type\":\"ReadAction\",\"target\":[\"https:\/\/www.ek1n.fr\/produit\/ekin-repulsif-insectes\/\"]}]},{\"@type\":\"ImageObject\",\"inLanguage\":\"en-US\",\"@id\":\"https:\/\/www.ek1n.fr\/produit\/ekin-repulsif-insectes\/#primaryimage\",\"url\":\"https:\/\/www.ek1n.fr\/wp-content\/uploads\/2020\/04\/anti-insectes.png\",\"contentUrl\":\"https:\/\/www.ek1n.fr\/wp-content\/uploads\/2020\/04\/anti-insectes.png\",\"width\":3024,\"height\":4032},{\"@type\":\"BreadcrumbList\",\"@id\":\"https:\/\/www.ek1n.fr\/produit\/ekin-repulsif-insectes\/#breadcrumb\",\"itemListElement\":[{\"@type\":\"ListItem\",\"position\":1,\"name\":\"Accueil\",\"item\":\"https:\/\/www.ek1n.fr\/en\/\"},{\"@type\":\"ListItem\",\"position\":2,\"name\":\"Shop\",\"item\":\"https:\/\/www.ek1n.fr\/en\/shop\/\"},{\"@type\":\"ListItem\",\"position\":3,\"name\":\"EKIN Waterproof Insect Repellent Spray\"}]},{\"@type\":\"WebSite\",\"@id\":\"https:\/\/www.ek1n.fr\/#website\",\"url\":\"https:\/\/www.ek1n.fr\/\",\"name\":\"EKIN\",\"description\":\"Produits de soin pour chevaux 100% naturels et biod\u00e9gradables\",\"publisher\":{\"@id\":\"https:\/\/www.ek1n.fr\/#organization\"},\"potentialAction\":[{\"@type\":\"SearchAction\",\"target\":{\"@type\":\"EntryPoint\",\"urlTemplate\":\"https:\/\/www.ek1n.fr\/?s={search_term_string}\"},\"query-input\":{\"@type\":\"PropertyValueSpecification\",\"valueRequired\":true,\"valueName\":\"search_term_string\"}}],\"inLanguage\":\"en-US\"},{\"@type\":\"Organization\",\"@id\":\"https:\/\/www.ek1n.fr\/#organization\",\"name\":\"Ekin\",\"url\":\"https:\/\/www.ek1n.fr\/\",\"logo\":{\"@type\":\"ImageObject\",\"inLanguage\":\"en-US\",\"@id\":\"https:\/\/www.ek1n.fr\/#\/schema\/logo\/image\/\",\"url\":\"https:\/\/www.ek1n.fr\/wp-content\/uploads\/2016\/07\/logo-alternatif-ekin.png\",\"contentUrl\":\"https:\/\/www.ek1n.fr\/wp-content\/uploads\/2016\/07\/logo-alternatif-ekin.png\",\"width\":300,\"height\":145,\"caption\":\"Ekin\"},\"image\":{\"@id\":\"https:\/\/www.ek1n.fr\/#\/schema\/logo\/image\/\"}}]}<\/script>\n<!-- \/ Yoast SEO plugin. -->","yoast_head_json":{"title":"EKIN R\u00e9pulsif Insectes Waterproof pour chevaux - Produit 100% naturel","description":"R\u00e9pulsif Insectes : Prot\u00e8ge le cheval des agressions et piq\u00fbres d'insectes (mouches, moustiques, taons\u2026). Waterproof et efficacit\u00e9 longue dur\u00e9e.","robots":{"index":"index","follow":"follow","max-snippet":"max-snippet:-1","max-image-preview":"max-image-preview:large","max-video-preview":"max-video-preview:-1"},"canonical":"https:\/\/www.ek1n.fr\/produit\/ekin-repulsif-insectes\/","og_locale":"en_US","og_type":"article","og_title":"EKIN R\u00e9pulsif Insectes Waterproof pour chevaux - Produit 100% naturel","og_description":"R\u00e9pulsif Insectes : Prot\u00e8ge le cheval des agressions et piq\u00fbres d'insectes (mouches, moustiques, taons\u2026). Waterproof et efficacit\u00e9 longue dur\u00e9e.","og_url":"https:\/\/www.ek1n.fr\/produit\/ekin-repulsif-insectes\/","og_site_name":"EKIN","article_modified_time":"2022-01-03T12:57:42+00:00","og_image":[{"width":768,"height":1024,"url":"https:\/\/www.ek1n.fr\/wp-content\/uploads\/2020\/04\/anti-insectes-768x1024.png","type":"image\/png"}],"twitter_card":"summary_large_image","twitter_misc":{"Est. reading time":"2 minutes"},"schema":{"@context":"https:\/\/schema.org","@graph":[{"@type":"WebPage","@id":"https:\/\/www.ek1n.fr\/produit\/ekin-repulsif-insectes\/","url":"https:\/\/www.ek1n.fr\/produit\/ekin-repulsif-insectes\/","name":"EKIN R\u00e9pulsif Insectes Waterproof pour chevaux - Produit 100% naturel","isPartOf":{"@id":"https:\/\/www.ek1n.fr\/#website"},"primaryImageOfPage":{"@id":"https:\/\/www.ek1n.fr\/produit\/ekin-repulsif-insectes\/#primaryimage"},"image":{"@id":"https:\/\/www.ek1n.fr\/produit\/ekin-repulsif-insectes\/#primaryimage"},"thumbnailUrl":"https:\/\/www.ek1n.fr\/wp-content\/uploads\/2020\/04\/anti-insectes.png","datePublished":"2016-07-12T11:02:47+00:00","dateModified":"2022-01-03T12:57:42+00:00","description":"R\u00e9pulsif Insectes : Prot\u00e8ge le cheval des agressions et piq\u00fbres d'insectes (mouches, moustiques, taons\u2026). Waterproof et efficacit\u00e9 longue dur\u00e9e.","breadcrumb":{"@id":"https:\/\/www.ek1n.fr\/produit\/ekin-repulsif-insectes\/#breadcrumb"},"inLanguage":"en-US","potentialAction":[{"@type":"ReadAction","target":["https:\/\/www.ek1n.fr\/produit\/ekin-repulsif-insectes\/"]}]},{"@type":"ImageObject","inLanguage":"en-US","@id":"https:\/\/www.ek1n.fr\/produit\/ekin-repulsif-insectes\/#primaryimage","url":"https:\/\/www.ek1n.fr\/wp-content\/uploads\/2020\/04\/anti-insectes.png","contentUrl":"https:\/\/www.ek1n.fr\/wp-content\/uploads\/2020\/04\/anti-insectes.png","width":3024,"height":4032},{"@type":"BreadcrumbList","@id":"https:\/\/www.ek1n.fr\/produit\/ekin-repulsif-insectes\/#breadcrumb","itemListElement":[{"@type":"ListItem","position":1,"name":"Accueil","item":"https:\/\/www.ek1n.fr\/en\/"},{"@type":"ListItem","position":2,"name":"Shop","item":"https:\/\/www.ek1n.fr\/en\/shop\/"},{"@type":"ListItem","position":3,"name":"EKIN Waterproof Insect Repellent Spray"}]},{"@type":"WebSite","@id":"https:\/\/www.ek1n.fr\/#website","url":"https:\/\/www.ek1n.fr\/","name":"EKIN","description":"Produits de soin pour chevaux 100% naturels et biod\u00e9gradables","publisher":{"@id":"https:\/\/www.ek1n.fr\/#organization"},"potentialAction":[{"@type":"SearchAction","target":{"@type":"EntryPoint","urlTemplate":"https:\/\/www.ek1n.fr\/?s={search_term_string}"},"query-input":{"@type":"PropertyValueSpecification","valueRequired":true,"valueName":"search_term_string"}}],"inLanguage":"en-US"},{"@type":"Organization","@id":"https:\/\/www.ek1n.fr\/#organization","name":"Ekin","url":"https:\/\/www.ek1n.fr\/","logo":{"@type":"ImageObject","inLanguage":"en-US","@id":"https:\/\/www.ek1n.fr\/#\/schema\/logo\/image\/","url":"https:\/\/www.ek1n.fr\/wp-content\/uploads\/2016\/07\/logo-alternatif-ekin.png","contentUrl":"https:\/\/www.ek1n.fr\/wp-content\/uploads\/2016\/07\/logo-alternatif-ekin.png","width":300,"height":145,"caption":"Ekin"},"image":{"@id":"https:\/\/www.ek1n.fr\/#\/schema\/logo\/image\/"}}]}},"_links":{"self":[{"href":"https:\/\/www.ek1n.fr\/en\/wp-json\/wp\/v2\/product\/12199","targetHints":{"allow":["GET"]}}],"collection":[{"href":"https:\/\/www.ek1n.fr\/en\/wp-json\/wp\/v2\/product"}],"about":[{"href":"https:\/\/www.ek1n.fr\/en\/wp-json\/wp\/v2\/types\/product"}],"replies":[{"embeddable":true,"href":"https:\/\/www.ek1n.fr\/en\/wp-json\/wp\/v2\/comments?post=12199"}],"wp:featuredmedia":[{"embeddable":true,"href":"https:\/\/www.ek1n.fr\/en\/wp-json\/wp\/v2\/media\/11918"}],"wp:attachment":[{"href":"https:\/\/www.ek1n.fr\/en\/wp-json\/wp\/v2\/media?parent=12199"}],"wp:term":[{"taxonomy":"product_brand","embeddable":true,"href":"https:\/\/www.ek1n.fr\/en\/wp-json\/wp\/v2\/product_brand?post=12199"},{"taxonomy":"product_cat","embeddable":true,"href":"https:\/\/www.ek1n.fr\/en\/wp-json\/wp\/v2\/product_cat?post=12199"},{"taxonomy":"product_tag","embeddable":true,"href":"https:\/\/www.ek1n.fr\/en\/wp-json\/wp\/v2\/product_tag?post=12199"}],"curies":[{"name":"wp","href":"https:\/\/api.w.org\/{rel}","templated":true}]}}