{"id":12195,"date":"2016-07-12T13:07:57","date_gmt":"2016-07-12T11:07:57","guid":{"rendered":"https:\/\/www.ek1n.fr\/produit\/ekin-shampoing-douceur\/"},"modified":"2022-01-03T12:25:36","modified_gmt":"2022-01-03T11:25:36","slug":"ekin-shampoing-douceur","status":"publish","type":"product","link":"https:\/\/www.ek1n.fr\/en\/produit\/ekin-shampoing-douceur\/","title":{"rendered":"EKIN Gentle Mint Shampoo Biodegradable"},"content":{"rendered":"<div class=\"wpb-content-wrapper\"><p>[vc_row][vc_column width=&#8221;1\/2&#8243;][vc_column_text]<\/p>\n<h4 style=\"text-align: left;\"><span class=\"PBSTitle\"><strong>Composition<\/strong><\/span><\/h4>\n<ul>\n<li>100% natural and environmentally friendly product<\/li>\n<li>Product composed exclusively of active ingredients.<\/li>\n<li>The essential oil of cedar: contributes to limit the dandruff, and reinforces the manes.<\/li>\n<li>The essential oil of peppermint: masks the smell of perspiration<\/li>\n<li>Also contains: Water, Alcohol, Natural thickener, Natural and biodegradable surfactants<\/li>\n<\/ul>\n<p>Liquid, 1 L<\/p>\n<p>Contains essential oils. May cause a skin allergy.[\/vc_column_text][\/vc_column][vc_column width=&#8221;1\/2&#8243;][vc_column_text]<b>Properties and instructions for use<\/b><\/p>\n<ul>\n<li>EKIN Gentle Repellent Shampoo is biodegradable. It has been designed as a real cleansing treatment for the coat and manes.<\/li>\n<li>It nourishes, strengthens, coats the mane, facilitates detangling, adds shine and activates growth. It has a pleasant scent and masks the smell of perspiration. Enhances the color of the coat<\/li>\n<li>It rinses easily, its fine foam is very effective and is not aggressive for the environment.<\/li>\n<li>Directions for use : For an optimal effect, wet the coat and the hair, massage the shampoo and rinse thoroughly. Renew the operation if necessary.<\/li>\n<\/ul>\n<p>[\/vc_column_text][\/vc_column][\/vc_row]<\/p>\n<\/div>","protected":false},"excerpt":{"rendered":"<p>EKIN Gentle Mint Shampoo is biodegradable. It has been developed as a real cleanser for the coat and mane.<\/p>\n<p>It nourishes, strengthens, coats the mane, facilitates detangling, adds shine and activates growth. It has a pleasant scent and masks the smell of perspiration.<br \/>\nIt is easy to rinse off and its fine foam is very effective and biodegradable.<\/p>\n<p>Liquid, 1 L<\/p>\n<p>Made in France<\/p>\n<p>Contains essential oils. May cause a skin allergy.<\/p>\n<p><img loading=\"lazy\" decoding=\"async\" class=\"wp-image-6688 alignleft\" src=\"https:\/\/www.ek1n.fr\/wp-content\/uploads\/2016\/07\/Shampoing-1-300x296.png\" alt=\"\" width=\"70\" height=\"69\" srcset=\"https:\/\/www.ek1n.fr\/wp-content\/uploads\/2016\/07\/Shampoing-1-300x296.png 300w, https:\/\/www.ek1n.fr\/wp-content\/uploads\/2016\/07\/Shampoing-1-150x150.png 150w, https:\/\/www.ek1n.fr\/wp-content\/uploads\/2016\/07\/Shampoing-1-570x563.png 570w, https:\/\/www.ek1n.fr\/wp-content\/uploads\/2016\/07\/Shampoing-1-100x100.png 100w, https:\/\/www.ek1n.fr\/wp-content\/uploads\/2016\/07\/Shampoing-1.png 766w\" sizes=\"auto, (max-width: 70px) 100vw, 70px\" \/><\/p>\n<p>Rated 89.6% effective by EKIN consumers<\/p>\n<p>Satisfaction survey 2018<\/p>\n<p>&#8220;A big thumbs up for the shampoo, even after several days without washing my mare, she has an extremely clean coat and no flies or mosquitoes come near her! And it smells great!&#8221; Customer review 2018<\/p>\n<p><img loading=\"lazy\" decoding=\"async\" class=\"wp-image-6484 alignleft\" src=\"https:\/\/www.ek1n.fr\/wp-content\/uploads\/2019\/06\/1710298-63c29d-300x241.png\" alt=\"\" width=\"40\" height=\"32\" srcset=\"https:\/\/www.ek1n.fr\/wp-content\/uploads\/2019\/06\/1710298-63c29d-300x241.png 300w, https:\/\/www.ek1n.fr\/wp-content\/uploads\/2019\/06\/1710298-63c29d.png 512w\" sizes=\"auto, (max-width: 40px) 100vw, 40px\" \/>Can also be used for dogs<\/p>\n<p>&nbsp;<\/p>\n<p>(Composition and advice below)<\/p>\n","protected":false},"featured_media":11862,"comment_status":"closed","ping_status":"closed","template":"","meta":{"_exactmetrics_skip_tracking":false,"_exactmetrics_sitenote_active":false,"_exactmetrics_sitenote_note":"","_exactmetrics_sitenote_category":0},"product_brand":[],"product_cat":[157,231,253,260,223,172,233,225,255,251,243,221,218,258,249,156,170,219],"product_tag":[],"class_list":{"0":"post-12195","1":"product","2":"type-product","3":"status-publish","4":"has-post-thumbnail","6":"product_cat-anti-insects-en","7":"product_cat-back-en","8":"product_cat-belly-en","9":"product_cat-chest-en","10":"product_cat-coat-and-hair-en","11":"product_cat-soin-robe-crins-en","12":"product_cat-coat-and-hair-cleaner-en","13":"product_cat-coat-and-hair-cleaning-en-en-2","14":"product_cat-coat-and-hair-cleaning-en-en-4","15":"product_cat-coat-and-hair-cleaning-en-en-3","16":"product_cat-coat-and-hair-cleaning-en","17":"product_cat-coat-and-hair-cleaning-en-en","18":"product_cat-configurator-en","19":"product_cat-dog-products-en","20":"product_cat-head-en","21":"product_cat-categories-en","22":"product_cat-skin-care-en","23":"product_cat-tail-en","25":"first","26":"instock","27":"taxable","28":"shipping-taxable","29":"purchasable","30":"product-type-simple"},"yoast_head":"<!-- This site is optimized with the Yoast SEO plugin v27.4 - https:\/\/yoast.com\/product\/yoast-seo-wordpress\/ -->\n<title>EKIN Shampoing Douceur Menthe Biod\u00e9gradable Produit 100% naturel<\/title>\n<meta name=\"description\" content=\"Shampoing Biod\u00e9gradable, v\u00e9ritable soin nettoyant pour la robe et les crins. Nourrit, fortifie, gaine le crin, apporte de la brillance et active la pousse.\" \/>\n<meta name=\"robots\" content=\"index, follow, max-snippet:-1, max-image-preview:large, max-video-preview:-1\" \/>\n<link rel=\"canonical\" href=\"https:\/\/www.ek1n.fr\/produit\/ekin-shampoing-douceur\/\" \/>\n<meta property=\"og:locale\" content=\"en_US\" \/>\n<meta property=\"og:type\" content=\"article\" \/>\n<meta property=\"og:title\" content=\"EKIN Shampoing Douceur Menthe Biod\u00e9gradable Produit 100% naturel\" \/>\n<meta property=\"og:description\" content=\"Shampoing Biod\u00e9gradable, v\u00e9ritable soin nettoyant pour la robe et les crins. Nourrit, fortifie, gaine le crin, apporte de la brillance et active la pousse.\" \/>\n<meta property=\"og:url\" content=\"https:\/\/www.ek1n.fr\/produit\/ekin-shampoing-douceur\/\" \/>\n<meta property=\"og:site_name\" content=\"EKIN\" \/>\n<meta property=\"article:modified_time\" content=\"2022-01-03T11:25:36+00:00\" \/>\n<meta property=\"og:image\" content=\"https:\/\/www.ek1n.fr\/wp-content\/uploads\/2016\/07\/Shampoing-Douceur-Menthe-Biod\u00e9gradable.png\" \/>\n\t<meta property=\"og:image:width\" content=\"500\" \/>\n\t<meta property=\"og:image:height\" content=\"667\" \/>\n\t<meta property=\"og:image:type\" content=\"image\/png\" \/>\n<meta name=\"twitter:card\" content=\"summary_large_image\" \/>\n<meta name=\"twitter:label1\" content=\"Est. reading time\" \/>\n\t<meta name=\"twitter:data1\" content=\"1 minute\" \/>\n<script type=\"application\/ld+json\" class=\"yoast-schema-graph\">{\"@context\":\"https:\\\/\\\/schema.org\",\"@graph\":[{\"@type\":\"WebPage\",\"@id\":\"https:\\\/\\\/www.ek1n.fr\\\/produit\\\/ekin-shampoing-douceur\\\/\",\"url\":\"https:\\\/\\\/www.ek1n.fr\\\/produit\\\/ekin-shampoing-douceur\\\/\",\"name\":\"EKIN Shampoing Douceur Menthe Biod\u00e9gradable Produit 100% naturel\",\"isPartOf\":{\"@id\":\"https:\\\/\\\/www.ek1n.fr\\\/#website\"},\"primaryImageOfPage\":{\"@id\":\"https:\\\/\\\/www.ek1n.fr\\\/produit\\\/ekin-shampoing-douceur\\\/#primaryimage\"},\"image\":{\"@id\":\"https:\\\/\\\/www.ek1n.fr\\\/produit\\\/ekin-shampoing-douceur\\\/#primaryimage\"},\"thumbnailUrl\":\"https:\\\/\\\/www.ek1n.fr\\\/wp-content\\\/uploads\\\/2016\\\/07\\\/Shampoing-Douceur-Menthe-Biod\u00e9gradable.png\",\"datePublished\":\"2016-07-12T11:07:57+00:00\",\"dateModified\":\"2022-01-03T11:25:36+00:00\",\"description\":\"Shampoing Biod\u00e9gradable, v\u00e9ritable soin nettoyant pour la robe et les crins. Nourrit, fortifie, gaine le crin, apporte de la brillance et active la pousse.\",\"breadcrumb\":{\"@id\":\"https:\\\/\\\/www.ek1n.fr\\\/produit\\\/ekin-shampoing-douceur\\\/#breadcrumb\"},\"inLanguage\":\"en-US\",\"potentialAction\":[{\"@type\":\"ReadAction\",\"target\":[\"https:\\\/\\\/www.ek1n.fr\\\/produit\\\/ekin-shampoing-douceur\\\/\"]}]},{\"@type\":\"ImageObject\",\"inLanguage\":\"en-US\",\"@id\":\"https:\\\/\\\/www.ek1n.fr\\\/produit\\\/ekin-shampoing-douceur\\\/#primaryimage\",\"url\":\"https:\\\/\\\/www.ek1n.fr\\\/wp-content\\\/uploads\\\/2016\\\/07\\\/Shampoing-Douceur-Menthe-Biod\u00e9gradable.png\",\"contentUrl\":\"https:\\\/\\\/www.ek1n.fr\\\/wp-content\\\/uploads\\\/2016\\\/07\\\/Shampoing-Douceur-Menthe-Biod\u00e9gradable.png\",\"width\":500,\"height\":667,\"caption\":\"Shampoing douceur cheval EKIN\"},{\"@type\":\"BreadcrumbList\",\"@id\":\"https:\\\/\\\/www.ek1n.fr\\\/produit\\\/ekin-shampoing-douceur\\\/#breadcrumb\",\"itemListElement\":[{\"@type\":\"ListItem\",\"position\":1,\"name\":\"Accueil\",\"item\":\"https:\\\/\\\/www.ek1n.fr\\\/en\\\/\"},{\"@type\":\"ListItem\",\"position\":2,\"name\":\"Shop\",\"item\":\"https:\\\/\\\/www.ek1n.fr\\\/en\\\/shop\\\/\"},{\"@type\":\"ListItem\",\"position\":3,\"name\":\"EKIN Gentle Mint Shampoo Biodegradable\"}]},{\"@type\":\"WebSite\",\"@id\":\"https:\\\/\\\/www.ek1n.fr\\\/#website\",\"url\":\"https:\\\/\\\/www.ek1n.fr\\\/\",\"name\":\"EKIN\",\"description\":\"Produits de soin pour chevaux 100% naturels et biod\u00e9gradables\",\"publisher\":{\"@id\":\"https:\\\/\\\/www.ek1n.fr\\\/#organization\"},\"potentialAction\":[{\"@type\":\"SearchAction\",\"target\":{\"@type\":\"EntryPoint\",\"urlTemplate\":\"https:\\\/\\\/www.ek1n.fr\\\/?s={search_term_string}\"},\"query-input\":{\"@type\":\"PropertyValueSpecification\",\"valueRequired\":true,\"valueName\":\"search_term_string\"}}],\"inLanguage\":\"en-US\"},{\"@type\":\"Organization\",\"@id\":\"https:\\\/\\\/www.ek1n.fr\\\/#organization\",\"name\":\"Ekin\",\"url\":\"https:\\\/\\\/www.ek1n.fr\\\/\",\"logo\":{\"@type\":\"ImageObject\",\"inLanguage\":\"en-US\",\"@id\":\"https:\\\/\\\/www.ek1n.fr\\\/#\\\/schema\\\/logo\\\/image\\\/\",\"url\":\"https:\\\/\\\/www.ek1n.fr\\\/wp-content\\\/uploads\\\/2016\\\/07\\\/logo-alternatif-ekin.png\",\"contentUrl\":\"https:\\\/\\\/www.ek1n.fr\\\/wp-content\\\/uploads\\\/2016\\\/07\\\/logo-alternatif-ekin.png\",\"width\":300,\"height\":145,\"caption\":\"Ekin\"},\"image\":{\"@id\":\"https:\\\/\\\/www.ek1n.fr\\\/#\\\/schema\\\/logo\\\/image\\\/\"}}]}<\/script>\n<!-- \/ Yoast SEO plugin. -->","yoast_head_json":{"title":"EKIN Shampoing Douceur Menthe Biod\u00e9gradable Produit 100% naturel","description":"Shampoing Biod\u00e9gradable, v\u00e9ritable soin nettoyant pour la robe et les crins. Nourrit, fortifie, gaine le crin, apporte de la brillance et active la pousse.","robots":{"index":"index","follow":"follow","max-snippet":"max-snippet:-1","max-image-preview":"max-image-preview:large","max-video-preview":"max-video-preview:-1"},"canonical":"https:\/\/www.ek1n.fr\/produit\/ekin-shampoing-douceur\/","og_locale":"en_US","og_type":"article","og_title":"EKIN Shampoing Douceur Menthe Biod\u00e9gradable Produit 100% naturel","og_description":"Shampoing Biod\u00e9gradable, v\u00e9ritable soin nettoyant pour la robe et les crins. Nourrit, fortifie, gaine le crin, apporte de la brillance et active la pousse.","og_url":"https:\/\/www.ek1n.fr\/produit\/ekin-shampoing-douceur\/","og_site_name":"EKIN","article_modified_time":"2022-01-03T11:25:36+00:00","og_image":[{"width":500,"height":667,"url":"https:\/\/www.ek1n.fr\/wp-content\/uploads\/2016\/07\/Shampoing-Douceur-Menthe-Biod\u00e9gradable.png","type":"image\/png"}],"twitter_card":"summary_large_image","twitter_misc":{"Est. reading time":"1 minute"},"schema":{"@context":"https:\/\/schema.org","@graph":[{"@type":"WebPage","@id":"https:\/\/www.ek1n.fr\/produit\/ekin-shampoing-douceur\/","url":"https:\/\/www.ek1n.fr\/produit\/ekin-shampoing-douceur\/","name":"EKIN Shampoing Douceur Menthe Biod\u00e9gradable Produit 100% naturel","isPartOf":{"@id":"https:\/\/www.ek1n.fr\/#website"},"primaryImageOfPage":{"@id":"https:\/\/www.ek1n.fr\/produit\/ekin-shampoing-douceur\/#primaryimage"},"image":{"@id":"https:\/\/www.ek1n.fr\/produit\/ekin-shampoing-douceur\/#primaryimage"},"thumbnailUrl":"https:\/\/www.ek1n.fr\/wp-content\/uploads\/2016\/07\/Shampoing-Douceur-Menthe-Biod\u00e9gradable.png","datePublished":"2016-07-12T11:07:57+00:00","dateModified":"2022-01-03T11:25:36+00:00","description":"Shampoing Biod\u00e9gradable, v\u00e9ritable soin nettoyant pour la robe et les crins. Nourrit, fortifie, gaine le crin, apporte de la brillance et active la pousse.","breadcrumb":{"@id":"https:\/\/www.ek1n.fr\/produit\/ekin-shampoing-douceur\/#breadcrumb"},"inLanguage":"en-US","potentialAction":[{"@type":"ReadAction","target":["https:\/\/www.ek1n.fr\/produit\/ekin-shampoing-douceur\/"]}]},{"@type":"ImageObject","inLanguage":"en-US","@id":"https:\/\/www.ek1n.fr\/produit\/ekin-shampoing-douceur\/#primaryimage","url":"https:\/\/www.ek1n.fr\/wp-content\/uploads\/2016\/07\/Shampoing-Douceur-Menthe-Biod\u00e9gradable.png","contentUrl":"https:\/\/www.ek1n.fr\/wp-content\/uploads\/2016\/07\/Shampoing-Douceur-Menthe-Biod\u00e9gradable.png","width":500,"height":667,"caption":"Shampoing douceur cheval EKIN"},{"@type":"BreadcrumbList","@id":"https:\/\/www.ek1n.fr\/produit\/ekin-shampoing-douceur\/#breadcrumb","itemListElement":[{"@type":"ListItem","position":1,"name":"Accueil","item":"https:\/\/www.ek1n.fr\/en\/"},{"@type":"ListItem","position":2,"name":"Shop","item":"https:\/\/www.ek1n.fr\/en\/shop\/"},{"@type":"ListItem","position":3,"name":"EKIN Gentle Mint Shampoo Biodegradable"}]},{"@type":"WebSite","@id":"https:\/\/www.ek1n.fr\/#website","url":"https:\/\/www.ek1n.fr\/","name":"EKIN","description":"Produits de soin pour chevaux 100% naturels et biod\u00e9gradables","publisher":{"@id":"https:\/\/www.ek1n.fr\/#organization"},"potentialAction":[{"@type":"SearchAction","target":{"@type":"EntryPoint","urlTemplate":"https:\/\/www.ek1n.fr\/?s={search_term_string}"},"query-input":{"@type":"PropertyValueSpecification","valueRequired":true,"valueName":"search_term_string"}}],"inLanguage":"en-US"},{"@type":"Organization","@id":"https:\/\/www.ek1n.fr\/#organization","name":"Ekin","url":"https:\/\/www.ek1n.fr\/","logo":{"@type":"ImageObject","inLanguage":"en-US","@id":"https:\/\/www.ek1n.fr\/#\/schema\/logo\/image\/","url":"https:\/\/www.ek1n.fr\/wp-content\/uploads\/2016\/07\/logo-alternatif-ekin.png","contentUrl":"https:\/\/www.ek1n.fr\/wp-content\/uploads\/2016\/07\/logo-alternatif-ekin.png","width":300,"height":145,"caption":"Ekin"},"image":{"@id":"https:\/\/www.ek1n.fr\/#\/schema\/logo\/image\/"}}]}},"_links":{"self":[{"href":"https:\/\/www.ek1n.fr\/en\/wp-json\/wp\/v2\/product\/12195","targetHints":{"allow":["GET"]}}],"collection":[{"href":"https:\/\/www.ek1n.fr\/en\/wp-json\/wp\/v2\/product"}],"about":[{"href":"https:\/\/www.ek1n.fr\/en\/wp-json\/wp\/v2\/types\/product"}],"replies":[{"embeddable":true,"href":"https:\/\/www.ek1n.fr\/en\/wp-json\/wp\/v2\/comments?post=12195"}],"wp:featuredmedia":[{"embeddable":true,"href":"https:\/\/www.ek1n.fr\/en\/wp-json\/wp\/v2\/media\/11862"}],"wp:attachment":[{"href":"https:\/\/www.ek1n.fr\/en\/wp-json\/wp\/v2\/media?parent=12195"}],"wp:term":[{"taxonomy":"product_brand","embeddable":true,"href":"https:\/\/www.ek1n.fr\/en\/wp-json\/wp\/v2\/product_brand?post=12195"},{"taxonomy":"product_cat","embeddable":true,"href":"https:\/\/www.ek1n.fr\/en\/wp-json\/wp\/v2\/product_cat?post=12195"},{"taxonomy":"product_tag","embeddable":true,"href":"https:\/\/www.ek1n.fr\/en\/wp-json\/wp\/v2\/product_tag?post=12195"}],"curies":[{"name":"wp","href":"https:\/\/api.w.org\/{rel}","templated":true}]}}