{"id":12193,"date":"2016-07-12T13:11:09","date_gmt":"2016-07-12T11:11:09","guid":{"rendered":"https:\/\/www.ek1n.fr\/produit\/soin-demelant-crin\/"},"modified":"2022-01-03T12:18:12","modified_gmt":"2022-01-03T11:18:12","slug":"soin-demelant-crin","status":"publish","type":"product","link":"https:\/\/www.ek1n.fr\/en\/produit\/soin-demelant-crin\/","title":{"rendered":"EKIN Detangling Hair Care"},"content":{"rendered":"<div class=\"wpb-content-wrapper\"><p>[vc_row][vc_column width=&#8221;1\/2&#8243;][vc_column_text]<\/p>\n<h4 style=\"text-align: left;\"><span class=\"PBSTitle\"><strong>Composition<\/strong><\/span><\/h4>\n<ul>\n<li>100% natural and environmentally friendly product<\/li>\n<li>Product composed exclusively of active ingredients.<\/li>\n<li>Castor oil: smoothing and detangling, nourishes and coats the hair.<\/li>\n<li>Cedar essential oil: anti-dandruff, strengthens the hair.<\/li>\n<li>The essential oil of peppermint: mask the odors of perspiration of the horse<\/li>\n<li>Also contains: Esterified vegetable oils, Vitamin E<\/li>\n<\/ul>\n<p>Bottle of 500 ml<\/p>\n<p>Contains essential oils. May cause a skin allergy.[\/vc_column_text][\/vc_column][vc_column width=&#8221;1\/2&#8243;][vc_column_text]<b>Properties and instructions for use<\/b><\/p>\n<ul>\n<li>Detangling hair care, real nourishing oil.<\/li>\n<li>Facilitates detangling and plaiting of the mane and tail. It does not slip.<\/li>\n<li>Anti-dandruff and anti-static effect that smoothes the mane and limits the clinging of mud and dust.<\/li>\n<li>Promotes mane growth, gives it shine and protection, as well as a pleasant mint smell.<\/li>\n<li>Can also be used to shine the coat and maintain the pasterns.<\/li>\n<li>Immediately effective and long-lasting, even in the rain!<\/li>\n<li>Directions for use : Shake before use. Apply 4 to 5 sprays maximum on mane and tail. Distribute the product by hand along the entire length, leave to penetrate the mane for 15 to 20 minutes. Detangle with a comb or brush. Repeat the operation once a week when the manes become rough and difficult to detangle.<\/li>\n<li>Stability of the product between 4 and 40 degrees<\/li>\n<\/ul>\n<p>[\/vc_column_text][\/vc_column][\/vc_row][vc_row][vc_column][vc_video link=&#8221;https:\/\/www.youtube.com\/watch?v=Wta6mWd_U-M&#8221; title=&#8221;Soin d\u00e9m\u00ealant crins 100% naturel &#8211; EKIN&#8221;][\/vc_column][\/vc_row]<\/p>\n<\/div>","protected":false},"excerpt":{"rendered":"<p>Nourishes the hair, facilitates detangling, shine, anti-dandruff effect. Immediately effective and long-lasting without rinsing. Pleasant mint scent. Promotes hair growth.<\/p>\n<p>500 ml bottle<\/p>\n<p>Made in France<\/p>\n<p>Contains essential oils. May cause a skin allergy.<\/p>\n<p><span style=\"color: #999999;\"><em><span style=\"display: inline !important; float: none; background-color: transparent; color: #333333; cursor: text; font-family: Georgia,'Times New Roman','Bitstream Charter',Times,serif; font-size: 16px; font-style: normal; font-variant: normal; font-weight: 400; letter-spacing: normal; orphans: 2; text-align: left; text-decoration: none; text-indent: 0px; text-transform: none; -webkit-text-stroke-width: 0px; white-space: normal; word-spacing: 0px;\"><img loading=\"lazy\" decoding=\"async\" class=\"wp-image-6674 alignleft\" src=\"https:\/\/www.ek1n.fr\/wp-content\/uploads\/2017\/04\/D\u00e9m\u00ealant-300x296.png\" alt=\"\" width=\"70\" height=\"69\" srcset=\"https:\/\/www.ek1n.fr\/wp-content\/uploads\/2017\/04\/D\u00e9m\u00ealant-300x296.png 300w, https:\/\/www.ek1n.fr\/wp-content\/uploads\/2017\/04\/D\u00e9m\u00ealant-150x150.png 150w, https:\/\/www.ek1n.fr\/wp-content\/uploads\/2017\/04\/D\u00e9m\u00ealant-570x563.png 570w, https:\/\/www.ek1n.fr\/wp-content\/uploads\/2017\/04\/D\u00e9m\u00ealant-100x100.png 100w, https:\/\/www.ek1n.fr\/wp-content\/uploads\/2017\/04\/D\u00e9m\u00ealant.png 766w\" sizes=\"auto, (max-width: 70px) 100vw, 70px\" \/><\/span><\/em><\/span><\/p>\n<h6>Judged 94.6% effective by EKIN consumers<\/h6>\n<p style=\"text-align: left;\">Satisfaction survey 2019<\/p>\n<p>&#8220;Extraordinary detangling product !!!!! For a very hairy Irish&#8221; Customer review 2018<\/p>\n<p>(Composition and advice below)<\/p>\n","protected":false},"featured_media":11919,"comment_status":"closed","ping_status":"closed","template":"","meta":{"_exactmetrics_skip_tracking":false,"_exactmetrics_sitenote_active":false,"_exactmetrics_sitenote_note":"","_exactmetrics_sitenote_category":0},"product_brand":[],"product_cat":[176,204,223,172,221,225,218,220,226,222,224,156,219],"product_tag":[],"class_list":{"0":"post-12193","1":"product","2":"type-product","3":"status-publish","4":"has-post-thumbnail","6":"product_cat-care-and-shine-en","7":"product_cat-care-and-shine-en-en","8":"product_cat-coat-and-hair-en","9":"product_cat-soin-robe-crins-en","10":"product_cat-coat-and-hair-cleaning-en-en","11":"product_cat-coat-and-hair-cleaning-en-en-2","12":"product_cat-configurator-en","13":"product_cat-detangling-of-manes-en","14":"product_cat-detangling-of-manes-en-en","15":"product_cat-holding-braids-en","16":"product_cat-holding-braids-en-en","17":"product_cat-categories-en","18":"product_cat-tail-en","20":"first","21":"instock","22":"taxable","23":"shipping-taxable","24":"purchasable","25":"product-type-simple"},"yoast_head":"<!-- This site is optimized with the Yoast SEO plugin v27.5 - https:\/\/yoast.com\/product\/yoast-seo-wordpress\/ -->\n<title>EKIN Detangling Hair Care pour chevaux - Produit 100% naturel - EKIN<\/title>\n<meta name=\"description\" content=\"Le Soin D\u00e9m\u00ealant nourrit le crin, facilite le d\u00e9m\u00ealage, brillance, effet antipelliculaire. Efficacit\u00e9 imm\u00e9diate et durable sans rin\u00e7age. Odeur agr\u00e9able.\" \/>\n<meta name=\"robots\" content=\"index, follow, max-snippet:-1, max-image-preview:large, max-video-preview:-1\" \/>\n<link rel=\"canonical\" href=\"https:\/\/www.ek1n.fr\/produit\/soin-demelant-crin\/\" \/>\n<meta property=\"og:locale\" content=\"en_US\" \/>\n<meta property=\"og:type\" content=\"article\" \/>\n<meta property=\"og:title\" content=\"EKIN Detangling Hair Care pour chevaux - Produit 100% naturel - EKIN\" \/>\n<meta property=\"og:description\" content=\"Le Soin D\u00e9m\u00ealant nourrit le crin, facilite le d\u00e9m\u00ealage, brillance, effet antipelliculaire. Efficacit\u00e9 imm\u00e9diate et durable sans rin\u00e7age. Odeur agr\u00e9able.\" \/>\n<meta property=\"og:url\" content=\"https:\/\/www.ek1n.fr\/produit\/soin-demelant-crin\/\" \/>\n<meta property=\"og:site_name\" content=\"EKIN\" \/>\n<meta property=\"article:modified_time\" content=\"2022-01-03T11:18:12+00:00\" \/>\n<meta property=\"og:image\" content=\"https:\/\/www.ek1n.fr\/wp-content\/uploads\/2020\/04\/d\u00e9m\u00ealant-768x1024.png\" \/>\n\t<meta property=\"og:image:width\" content=\"768\" \/>\n\t<meta property=\"og:image:height\" content=\"1024\" \/>\n\t<meta property=\"og:image:type\" content=\"image\/png\" \/>\n<meta name=\"twitter:card\" content=\"summary_large_image\" \/>\n<meta name=\"twitter:label1\" content=\"Est. reading time\" \/>\n\t<meta name=\"twitter:data1\" content=\"2 minutes\" \/>\n<script type=\"application\/ld+json\" class=\"yoast-schema-graph\">{\"@context\":\"https:\\\/\\\/schema.org\",\"@graph\":[{\"@type\":\"WebPage\",\"@id\":\"https:\\\/\\\/www.ek1n.fr\\\/produit\\\/soin-demelant-crin\\\/\",\"url\":\"https:\\\/\\\/www.ek1n.fr\\\/produit\\\/soin-demelant-crin\\\/\",\"name\":\"EKIN Detangling Hair Care pour chevaux - Produit 100% naturel - EKIN\",\"isPartOf\":{\"@id\":\"https:\\\/\\\/www.ek1n.fr\\\/#website\"},\"primaryImageOfPage\":{\"@id\":\"https:\\\/\\\/www.ek1n.fr\\\/produit\\\/soin-demelant-crin\\\/#primaryimage\"},\"image\":{\"@id\":\"https:\\\/\\\/www.ek1n.fr\\\/produit\\\/soin-demelant-crin\\\/#primaryimage\"},\"thumbnailUrl\":\"https:\\\/\\\/www.ek1n.fr\\\/wp-content\\\/uploads\\\/2020\\\/04\\\/d\u00e9m\u00ealant.png\",\"datePublished\":\"2016-07-12T11:11:09+00:00\",\"dateModified\":\"2022-01-03T11:18:12+00:00\",\"description\":\"Le Soin D\u00e9m\u00ealant nourrit le crin, facilite le d\u00e9m\u00ealage, brillance, effet antipelliculaire. Efficacit\u00e9 imm\u00e9diate et durable sans rin\u00e7age. Odeur agr\u00e9able.\",\"breadcrumb\":{\"@id\":\"https:\\\/\\\/www.ek1n.fr\\\/produit\\\/soin-demelant-crin\\\/#breadcrumb\"},\"inLanguage\":\"en-US\",\"potentialAction\":[{\"@type\":\"ReadAction\",\"target\":[\"https:\\\/\\\/www.ek1n.fr\\\/produit\\\/soin-demelant-crin\\\/\"]}]},{\"@type\":\"ImageObject\",\"inLanguage\":\"en-US\",\"@id\":\"https:\\\/\\\/www.ek1n.fr\\\/produit\\\/soin-demelant-crin\\\/#primaryimage\",\"url\":\"https:\\\/\\\/www.ek1n.fr\\\/wp-content\\\/uploads\\\/2020\\\/04\\\/d\u00e9m\u00ealant.png\",\"contentUrl\":\"https:\\\/\\\/www.ek1n.fr\\\/wp-content\\\/uploads\\\/2020\\\/04\\\/d\u00e9m\u00ealant.png\",\"width\":3024,\"height\":4032},{\"@type\":\"BreadcrumbList\",\"@id\":\"https:\\\/\\\/www.ek1n.fr\\\/produit\\\/soin-demelant-crin\\\/#breadcrumb\",\"itemListElement\":[{\"@type\":\"ListItem\",\"position\":1,\"name\":\"Accueil\",\"item\":\"https:\\\/\\\/www.ek1n.fr\\\/en\\\/\"},{\"@type\":\"ListItem\",\"position\":2,\"name\":\"Shop\",\"item\":\"https:\\\/\\\/www.ek1n.fr\\\/en\\\/shop\\\/\"},{\"@type\":\"ListItem\",\"position\":3,\"name\":\"EKIN Detangling Hair Care\"}]},{\"@type\":\"WebSite\",\"@id\":\"https:\\\/\\\/www.ek1n.fr\\\/#website\",\"url\":\"https:\\\/\\\/www.ek1n.fr\\\/\",\"name\":\"EKIN\",\"description\":\"Produits de soin pour chevaux 100% naturels et biod\u00e9gradables\",\"publisher\":{\"@id\":\"https:\\\/\\\/www.ek1n.fr\\\/#organization\"},\"potentialAction\":[{\"@type\":\"SearchAction\",\"target\":{\"@type\":\"EntryPoint\",\"urlTemplate\":\"https:\\\/\\\/www.ek1n.fr\\\/?s={search_term_string}\"},\"query-input\":{\"@type\":\"PropertyValueSpecification\",\"valueRequired\":true,\"valueName\":\"search_term_string\"}}],\"inLanguage\":\"en-US\"},{\"@type\":\"Organization\",\"@id\":\"https:\\\/\\\/www.ek1n.fr\\\/#organization\",\"name\":\"Ekin\",\"url\":\"https:\\\/\\\/www.ek1n.fr\\\/\",\"logo\":{\"@type\":\"ImageObject\",\"inLanguage\":\"en-US\",\"@id\":\"https:\\\/\\\/www.ek1n.fr\\\/#\\\/schema\\\/logo\\\/image\\\/\",\"url\":\"https:\\\/\\\/www.ek1n.fr\\\/wp-content\\\/uploads\\\/2016\\\/07\\\/logo-alternatif-ekin.png\",\"contentUrl\":\"https:\\\/\\\/www.ek1n.fr\\\/wp-content\\\/uploads\\\/2016\\\/07\\\/logo-alternatif-ekin.png\",\"width\":300,\"height\":145,\"caption\":\"Ekin\"},\"image\":{\"@id\":\"https:\\\/\\\/www.ek1n.fr\\\/#\\\/schema\\\/logo\\\/image\\\/\"}}]}<\/script>\n<!-- \/ Yoast SEO plugin. -->","yoast_head_json":{"title":"EKIN Detangling Hair Care pour chevaux - Produit 100% naturel - EKIN","description":"Le Soin D\u00e9m\u00ealant nourrit le crin, facilite le d\u00e9m\u00ealage, brillance, effet antipelliculaire. Efficacit\u00e9 imm\u00e9diate et durable sans rin\u00e7age. Odeur agr\u00e9able.","robots":{"index":"index","follow":"follow","max-snippet":"max-snippet:-1","max-image-preview":"max-image-preview:large","max-video-preview":"max-video-preview:-1"},"canonical":"https:\/\/www.ek1n.fr\/produit\/soin-demelant-crin\/","og_locale":"en_US","og_type":"article","og_title":"EKIN Detangling Hair Care pour chevaux - Produit 100% naturel - EKIN","og_description":"Le Soin D\u00e9m\u00ealant nourrit le crin, facilite le d\u00e9m\u00ealage, brillance, effet antipelliculaire. Efficacit\u00e9 imm\u00e9diate et durable sans rin\u00e7age. Odeur agr\u00e9able.","og_url":"https:\/\/www.ek1n.fr\/produit\/soin-demelant-crin\/","og_site_name":"EKIN","article_modified_time":"2022-01-03T11:18:12+00:00","og_image":[{"width":768,"height":1024,"url":"https:\/\/www.ek1n.fr\/wp-content\/uploads\/2020\/04\/d\u00e9m\u00ealant-768x1024.png","type":"image\/png"}],"twitter_card":"summary_large_image","twitter_misc":{"Est. reading time":"2 minutes"},"schema":{"@context":"https:\/\/schema.org","@graph":[{"@type":"WebPage","@id":"https:\/\/www.ek1n.fr\/produit\/soin-demelant-crin\/","url":"https:\/\/www.ek1n.fr\/produit\/soin-demelant-crin\/","name":"EKIN Detangling Hair Care pour chevaux - Produit 100% naturel - EKIN","isPartOf":{"@id":"https:\/\/www.ek1n.fr\/#website"},"primaryImageOfPage":{"@id":"https:\/\/www.ek1n.fr\/produit\/soin-demelant-crin\/#primaryimage"},"image":{"@id":"https:\/\/www.ek1n.fr\/produit\/soin-demelant-crin\/#primaryimage"},"thumbnailUrl":"https:\/\/www.ek1n.fr\/wp-content\/uploads\/2020\/04\/d\u00e9m\u00ealant.png","datePublished":"2016-07-12T11:11:09+00:00","dateModified":"2022-01-03T11:18:12+00:00","description":"Le Soin D\u00e9m\u00ealant nourrit le crin, facilite le d\u00e9m\u00ealage, brillance, effet antipelliculaire. Efficacit\u00e9 imm\u00e9diate et durable sans rin\u00e7age. Odeur agr\u00e9able.","breadcrumb":{"@id":"https:\/\/www.ek1n.fr\/produit\/soin-demelant-crin\/#breadcrumb"},"inLanguage":"en-US","potentialAction":[{"@type":"ReadAction","target":["https:\/\/www.ek1n.fr\/produit\/soin-demelant-crin\/"]}]},{"@type":"ImageObject","inLanguage":"en-US","@id":"https:\/\/www.ek1n.fr\/produit\/soin-demelant-crin\/#primaryimage","url":"https:\/\/www.ek1n.fr\/wp-content\/uploads\/2020\/04\/d\u00e9m\u00ealant.png","contentUrl":"https:\/\/www.ek1n.fr\/wp-content\/uploads\/2020\/04\/d\u00e9m\u00ealant.png","width":3024,"height":4032},{"@type":"BreadcrumbList","@id":"https:\/\/www.ek1n.fr\/produit\/soin-demelant-crin\/#breadcrumb","itemListElement":[{"@type":"ListItem","position":1,"name":"Accueil","item":"https:\/\/www.ek1n.fr\/en\/"},{"@type":"ListItem","position":2,"name":"Shop","item":"https:\/\/www.ek1n.fr\/en\/shop\/"},{"@type":"ListItem","position":3,"name":"EKIN Detangling Hair Care"}]},{"@type":"WebSite","@id":"https:\/\/www.ek1n.fr\/#website","url":"https:\/\/www.ek1n.fr\/","name":"EKIN","description":"Produits de soin pour chevaux 100% naturels et biod\u00e9gradables","publisher":{"@id":"https:\/\/www.ek1n.fr\/#organization"},"potentialAction":[{"@type":"SearchAction","target":{"@type":"EntryPoint","urlTemplate":"https:\/\/www.ek1n.fr\/?s={search_term_string}"},"query-input":{"@type":"PropertyValueSpecification","valueRequired":true,"valueName":"search_term_string"}}],"inLanguage":"en-US"},{"@type":"Organization","@id":"https:\/\/www.ek1n.fr\/#organization","name":"Ekin","url":"https:\/\/www.ek1n.fr\/","logo":{"@type":"ImageObject","inLanguage":"en-US","@id":"https:\/\/www.ek1n.fr\/#\/schema\/logo\/image\/","url":"https:\/\/www.ek1n.fr\/wp-content\/uploads\/2016\/07\/logo-alternatif-ekin.png","contentUrl":"https:\/\/www.ek1n.fr\/wp-content\/uploads\/2016\/07\/logo-alternatif-ekin.png","width":300,"height":145,"caption":"Ekin"},"image":{"@id":"https:\/\/www.ek1n.fr\/#\/schema\/logo\/image\/"}}]}},"_links":{"self":[{"href":"https:\/\/www.ek1n.fr\/en\/wp-json\/wp\/v2\/product\/12193","targetHints":{"allow":["GET"]}}],"collection":[{"href":"https:\/\/www.ek1n.fr\/en\/wp-json\/wp\/v2\/product"}],"about":[{"href":"https:\/\/www.ek1n.fr\/en\/wp-json\/wp\/v2\/types\/product"}],"replies":[{"embeddable":true,"href":"https:\/\/www.ek1n.fr\/en\/wp-json\/wp\/v2\/comments?post=12193"}],"wp:featuredmedia":[{"embeddable":true,"href":"https:\/\/www.ek1n.fr\/en\/wp-json\/wp\/v2\/media\/11919"}],"wp:attachment":[{"href":"https:\/\/www.ek1n.fr\/en\/wp-json\/wp\/v2\/media?parent=12193"}],"wp:term":[{"taxonomy":"product_brand","embeddable":true,"href":"https:\/\/www.ek1n.fr\/en\/wp-json\/wp\/v2\/product_brand?post=12193"},{"taxonomy":"product_cat","embeddable":true,"href":"https:\/\/www.ek1n.fr\/en\/wp-json\/wp\/v2\/product_cat?post=12193"},{"taxonomy":"product_tag","embeddable":true,"href":"https:\/\/www.ek1n.fr\/en\/wp-json\/wp\/v2\/product_tag?post=12193"}],"curies":[{"name":"wp","href":"https:\/\/api.w.org\/{rel}","templated":true}]}}