{"id":12191,"date":"2016-07-12T13:16:46","date_gmt":"2016-07-12T11:16:46","guid":{"rendered":"https:\/\/www.ek1n.fr\/produit\/ekin-spray-reparateur-cutane\/"},"modified":"2022-01-03T11:47:26","modified_gmt":"2022-01-03T10:47:26","slug":"ekin-spray-reparateur-cutane","status":"publish","type":"product","link":"https:\/\/www.ek1n.fr\/en\/produit\/ekin-spray-reparateur-cutane\/","title":{"rendered":"EKIN Skin Repair Spray"},"content":{"rendered":"<div class=\"wpb-content-wrapper\"><p>[vc_row][vc_column width=&#8221;1\/2&#8243;][vc_column_text]<\/p>\n<h4 style=\"text-align: left;\"><span class=\"PBSTitle\"><strong>Composition<\/strong><\/span><\/h4>\n<ul>\n<li>100% natural and environmentally friendly product<\/li>\n<li>Product composed exclusively of active ingredients.<\/li>\n<li>Neem oil: regenerating and restructuring, cleans, purifies, relieves and protects from external agents.<\/li>\n<li>Argan oil: restructuring, contributes to the repair of the skin.<\/li>\n<li>The essential oil of lavandin: repairing and alleviating, relieves and contributes to the repair.<\/li>\n<li>The oil of laurel: nourishing, emollient and hydrating, softens and protects the skin from drying. It is repairing and alleviating and contributes to cleanse.<\/li>\n<li>Contains also: vegetable oil of sunflower, Vitamin E<\/li>\n<\/ul>\n<p>Bottle of 200 ml<\/p>\n<p><img loading=\"lazy\" decoding=\"async\" class=\"wp-image-4192 alignleft\" src=\"https:\/\/www.ek1n.fr\/wp-content\/uploads\/2016\/07\/picto-300x300.png\" alt=\"\" width=\"34\" height=\"34\" srcset=\"https:\/\/www.ek1n.fr\/wp-content\/uploads\/2016\/07\/picto-300x300.png 300w, https:\/\/www.ek1n.fr\/wp-content\/uploads\/2016\/07\/picto-100x100.png 100w, https:\/\/www.ek1n.fr\/wp-content\/uploads\/2016\/07\/picto-570x569.png 570w, https:\/\/www.ek1n.fr\/wp-content\/uploads\/2016\/07\/picto-150x150.png 150w, https:\/\/www.ek1n.fr\/wp-content\/uploads\/2016\/07\/picto.png 721w\" sizes=\"auto, (max-width: 34px) 100vw, 34px\" \/>follow safety precautions.\u00a0Warning statement:\u00a0May cause skin allergy.[\/vc_column_text][\/vc_column][vc_column width=&#8221;1\/2&#8243;][vc_column_text]<b>Properties and instructions for use<\/b><\/p>\n<ul>\n<li>EKIN Skin Repair Spray cleanses and helps repair the skin of horses.<\/li>\n<li>Forms a non-occlusive protective film against external agents and dust.<\/li>\n<li>Promotes rapid regrowth of the hair in the original color<\/li>\n<li>Directions for use: Spray once a day on the affected area for at least 5 days until the skin is completely restored.<\/li>\n<li>Packaging in the form of spray for a painless application and a homogeneous distribution of the product on the affected zone.<\/li>\n<li>Shake before use<\/li>\n<li>Stability of the product between 4 and 40 degrees<\/li>\n<li>Click on the button at the base of the spray to unlock it.<\/li>\n<\/ul>\n<p>[\/vc_column_text][\/vc_column][\/vc_row]<\/p>\n<\/div>","protected":false},"excerpt":{"rendered":"<p>EKIN Skin Repair Spray cleanses and helps repair the skin of horses.<\/p>\n<p>Forms a non-occlusive protective film against external agents and dust.<br \/>\nPromotes rapid hair regrowth in the original colour.<\/p>\n<p>200 ml bottle<\/p>\n<p>Made in France<\/p>\n<p>Contains Lavendin oil. May cause a skin allergy. Dangerous &#8211; follow the precautions for use<\/p>\n<p><img loading=\"lazy\" decoding=\"async\" class=\"wp-image-6687 alignleft\" src=\"https:\/\/www.ek1n.fr\/wp-content\/uploads\/2016\/07\/Spray-r\u00e9parateur-300x296.png\" alt=\"\" width=\"70\" height=\"69\" srcset=\"https:\/\/www.ek1n.fr\/wp-content\/uploads\/2016\/07\/Spray-r\u00e9parateur-300x296.png 300w, https:\/\/www.ek1n.fr\/wp-content\/uploads\/2016\/07\/Spray-r\u00e9parateur-150x150.png 150w, https:\/\/www.ek1n.fr\/wp-content\/uploads\/2016\/07\/Spray-r\u00e9parateur-570x563.png 570w, https:\/\/www.ek1n.fr\/wp-content\/uploads\/2016\/07\/Spray-r\u00e9parateur-100x100.png 100w, https:\/\/www.ek1n.fr\/wp-content\/uploads\/2016\/07\/Spray-r\u00e9parateur.png 766w\" sizes=\"auto, (max-width: 70px) 100vw, 70px\" \/><\/p>\n<h6>Rated 94.9% effective by EKIN consumers<\/h6>\n<p style=\"text-align: left;\">Satisfaction survey 2019<\/p>\n<p>&#8220;I use the skin repair balm and spray on all the little hurts, it&#8217;s magic!&#8221; Customer review 2019<\/p>\n<p>(Composition and advice below)<\/p>\n","protected":false},"featured_media":11824,"comment_status":"closed","ping_status":"closed","template":"","meta":{"_exactmetrics_skip_tracking":false,"_exactmetrics_sitenote_active":false,"_exactmetrics_sitenote_note":"","_exactmetrics_sitenote_category":0},"product_brand":[],"product_cat":[261,253,260,218,180,183,196,202,211,216,227,249,259,254,185,241,156,262,215,238,210,201,192,179,170,234,244,252,256],"product_tag":[],"class_list":{"0":"post-12191","1":"product","2":"type-product","3":"status-publish","4":"has-post-thumbnail","6":"product_cat-jambe-atteintes-en","7":"product_cat-belly-en","8":"product_cat-chest-en","9":"product_cat-configurator-en","10":"product_cat-dry-and-irritated-skin-en","11":"product_cat-dry-and-irritated-skin-en-en","12":"product_cat-dry-and-irritated-skin-en-en-2","13":"product_cat-dry-and-irritated-skin-en-en-3","14":"product_cat-dry-and-irritated-skin-en-en-4","15":"product_cat-dry-and-irritated-skin-en-en-5","16":"product_cat-foot-en","17":"product_cat-head-en","18":"product_cat-injuries-en-en-4","19":"product_cat-injuries-en-en-2","20":"product_cat-injuries-en","21":"product_cat-injuries-en-en","22":"product_cat-categories-en","23":"product_cat-jambe-plaie-superficielle-en","24":"product_cat-rubs-en-en-7","25":"product_cat-rubs-en-en","26":"product_cat-rubs-en-en-6","27":"product_cat-rubs-en-en-3","28":"product_cat-rubs-en-en-2","29":"product_cat-rubs-en","30":"product_cat-skin-care-en","31":"product_cat-superficial-wound-en","32":"product_cat-superficial-wound-en-en-2","33":"product_cat-superficial-wound-en-en-5","34":"product_cat-superficial-wound-en-en-6","36":"first","37":"instock","38":"taxable","39":"shipping-taxable","40":"purchasable","41":"product-type-simple"},"yoast_head":"<!-- This site is optimized with the Yoast SEO plugin v27.5 - https:\/\/yoast.com\/product\/yoast-seo-wordpress\/ -->\n<title>EKIN Spray R\u00e9parateur Cutan\u00e9 pour chevaux Produit 100% Naturel<\/title>\n<meta name=\"description\" content=\"Le R\u00e9parateur Cutan\u00e9 d\u00e9sinfecte et acc\u00e9l\u00e8re la cicatrisation de toute plaie superficielle chez le cheval. Forme un film protecteur contre les insectes.\" \/>\n<meta name=\"robots\" content=\"index, follow, max-snippet:-1, max-image-preview:large, max-video-preview:-1\" \/>\n<link rel=\"canonical\" href=\"https:\/\/www.ek1n.fr\/produit\/ekin-spray-reparateur-cutane\/\" \/>\n<meta property=\"og:locale\" content=\"en_US\" \/>\n<meta property=\"og:type\" content=\"article\" \/>\n<meta property=\"og:title\" content=\"EKIN Spray R\u00e9parateur Cutan\u00e9 pour chevaux Produit 100% Naturel\" \/>\n<meta property=\"og:description\" content=\"Le R\u00e9parateur Cutan\u00e9 d\u00e9sinfecte et acc\u00e9l\u00e8re la cicatrisation de toute plaie superficielle chez le cheval. Forme un film protecteur contre les insectes.\" \/>\n<meta property=\"og:url\" content=\"https:\/\/www.ek1n.fr\/produit\/ekin-spray-reparateur-cutane\/\" \/>\n<meta property=\"og:site_name\" content=\"EKIN\" \/>\n<meta property=\"article:modified_time\" content=\"2022-01-03T10:47:26+00:00\" \/>\n<meta property=\"og:image\" content=\"https:\/\/www.ek1n.fr\/wp-content\/uploads\/2017\/02\/Spray-rep-cut-3.png\" \/>\n\t<meta property=\"og:image:width\" content=\"714\" \/>\n\t<meta property=\"og:image:height\" content=\"1000\" \/>\n\t<meta property=\"og:image:type\" content=\"image\/png\" \/>\n<meta name=\"twitter:card\" content=\"summary_large_image\" \/>\n<meta name=\"twitter:label1\" content=\"Est. reading time\" \/>\n\t<meta name=\"twitter:data1\" content=\"2 minutes\" \/>\n<script type=\"application\/ld+json\" class=\"yoast-schema-graph\">{\"@context\":\"https:\\\/\\\/schema.org\",\"@graph\":[{\"@type\":\"WebPage\",\"@id\":\"https:\\\/\\\/www.ek1n.fr\\\/produit\\\/ekin-spray-reparateur-cutane\\\/\",\"url\":\"https:\\\/\\\/www.ek1n.fr\\\/produit\\\/ekin-spray-reparateur-cutane\\\/\",\"name\":\"EKIN Spray R\u00e9parateur Cutan\u00e9 pour chevaux Produit 100% Naturel\",\"isPartOf\":{\"@id\":\"https:\\\/\\\/www.ek1n.fr\\\/#website\"},\"primaryImageOfPage\":{\"@id\":\"https:\\\/\\\/www.ek1n.fr\\\/produit\\\/ekin-spray-reparateur-cutane\\\/#primaryimage\"},\"image\":{\"@id\":\"https:\\\/\\\/www.ek1n.fr\\\/produit\\\/ekin-spray-reparateur-cutane\\\/#primaryimage\"},\"thumbnailUrl\":\"https:\\\/\\\/www.ek1n.fr\\\/wp-content\\\/uploads\\\/2017\\\/02\\\/Spray-rep-cut-3.png\",\"datePublished\":\"2016-07-12T11:16:46+00:00\",\"dateModified\":\"2022-01-03T10:47:26+00:00\",\"description\":\"Le R\u00e9parateur Cutan\u00e9 d\u00e9sinfecte et acc\u00e9l\u00e8re la cicatrisation de toute plaie superficielle chez le cheval. Forme un film protecteur contre les insectes.\",\"breadcrumb\":{\"@id\":\"https:\\\/\\\/www.ek1n.fr\\\/produit\\\/ekin-spray-reparateur-cutane\\\/#breadcrumb\"},\"inLanguage\":\"en-US\",\"potentialAction\":[{\"@type\":\"ReadAction\",\"target\":[\"https:\\\/\\\/www.ek1n.fr\\\/produit\\\/ekin-spray-reparateur-cutane\\\/\"]}]},{\"@type\":\"ImageObject\",\"inLanguage\":\"en-US\",\"@id\":\"https:\\\/\\\/www.ek1n.fr\\\/produit\\\/ekin-spray-reparateur-cutane\\\/#primaryimage\",\"url\":\"https:\\\/\\\/www.ek1n.fr\\\/wp-content\\\/uploads\\\/2017\\\/02\\\/Spray-rep-cut-3.png\",\"contentUrl\":\"https:\\\/\\\/www.ek1n.fr\\\/wp-content\\\/uploads\\\/2017\\\/02\\\/Spray-rep-cut-3.png\",\"width\":714,\"height\":1000,\"caption\":\"EKIN Spray-reparateur-cutan\u00e9\"},{\"@type\":\"BreadcrumbList\",\"@id\":\"https:\\\/\\\/www.ek1n.fr\\\/produit\\\/ekin-spray-reparateur-cutane\\\/#breadcrumb\",\"itemListElement\":[{\"@type\":\"ListItem\",\"position\":1,\"name\":\"Accueil\",\"item\":\"https:\\\/\\\/www.ek1n.fr\\\/en\\\/\"},{\"@type\":\"ListItem\",\"position\":2,\"name\":\"Shop\",\"item\":\"https:\\\/\\\/www.ek1n.fr\\\/en\\\/shop\\\/\"},{\"@type\":\"ListItem\",\"position\":3,\"name\":\"EKIN Skin Repair Spray\"}]},{\"@type\":\"WebSite\",\"@id\":\"https:\\\/\\\/www.ek1n.fr\\\/#website\",\"url\":\"https:\\\/\\\/www.ek1n.fr\\\/\",\"name\":\"EKIN\",\"description\":\"Produits de soin pour chevaux 100% naturels et biod\u00e9gradables\",\"publisher\":{\"@id\":\"https:\\\/\\\/www.ek1n.fr\\\/#organization\"},\"potentialAction\":[{\"@type\":\"SearchAction\",\"target\":{\"@type\":\"EntryPoint\",\"urlTemplate\":\"https:\\\/\\\/www.ek1n.fr\\\/?s={search_term_string}\"},\"query-input\":{\"@type\":\"PropertyValueSpecification\",\"valueRequired\":true,\"valueName\":\"search_term_string\"}}],\"inLanguage\":\"en-US\"},{\"@type\":\"Organization\",\"@id\":\"https:\\\/\\\/www.ek1n.fr\\\/#organization\",\"name\":\"Ekin\",\"url\":\"https:\\\/\\\/www.ek1n.fr\\\/\",\"logo\":{\"@type\":\"ImageObject\",\"inLanguage\":\"en-US\",\"@id\":\"https:\\\/\\\/www.ek1n.fr\\\/#\\\/schema\\\/logo\\\/image\\\/\",\"url\":\"https:\\\/\\\/www.ek1n.fr\\\/wp-content\\\/uploads\\\/2016\\\/07\\\/logo-alternatif-ekin.png\",\"contentUrl\":\"https:\\\/\\\/www.ek1n.fr\\\/wp-content\\\/uploads\\\/2016\\\/07\\\/logo-alternatif-ekin.png\",\"width\":300,\"height\":145,\"caption\":\"Ekin\"},\"image\":{\"@id\":\"https:\\\/\\\/www.ek1n.fr\\\/#\\\/schema\\\/logo\\\/image\\\/\"}}]}<\/script>\n<!-- \/ Yoast SEO plugin. -->","yoast_head_json":{"title":"EKIN Spray R\u00e9parateur Cutan\u00e9 pour chevaux Produit 100% Naturel","description":"Le R\u00e9parateur Cutan\u00e9 d\u00e9sinfecte et acc\u00e9l\u00e8re la cicatrisation de toute plaie superficielle chez le cheval. Forme un film protecteur contre les insectes.","robots":{"index":"index","follow":"follow","max-snippet":"max-snippet:-1","max-image-preview":"max-image-preview:large","max-video-preview":"max-video-preview:-1"},"canonical":"https:\/\/www.ek1n.fr\/produit\/ekin-spray-reparateur-cutane\/","og_locale":"en_US","og_type":"article","og_title":"EKIN Spray R\u00e9parateur Cutan\u00e9 pour chevaux Produit 100% Naturel","og_description":"Le R\u00e9parateur Cutan\u00e9 d\u00e9sinfecte et acc\u00e9l\u00e8re la cicatrisation de toute plaie superficielle chez le cheval. Forme un film protecteur contre les insectes.","og_url":"https:\/\/www.ek1n.fr\/produit\/ekin-spray-reparateur-cutane\/","og_site_name":"EKIN","article_modified_time":"2022-01-03T10:47:26+00:00","og_image":[{"width":714,"height":1000,"url":"https:\/\/www.ek1n.fr\/wp-content\/uploads\/2017\/02\/Spray-rep-cut-3.png","type":"image\/png"}],"twitter_card":"summary_large_image","twitter_misc":{"Est. reading time":"2 minutes"},"schema":{"@context":"https:\/\/schema.org","@graph":[{"@type":"WebPage","@id":"https:\/\/www.ek1n.fr\/produit\/ekin-spray-reparateur-cutane\/","url":"https:\/\/www.ek1n.fr\/produit\/ekin-spray-reparateur-cutane\/","name":"EKIN Spray R\u00e9parateur Cutan\u00e9 pour chevaux Produit 100% Naturel","isPartOf":{"@id":"https:\/\/www.ek1n.fr\/#website"},"primaryImageOfPage":{"@id":"https:\/\/www.ek1n.fr\/produit\/ekin-spray-reparateur-cutane\/#primaryimage"},"image":{"@id":"https:\/\/www.ek1n.fr\/produit\/ekin-spray-reparateur-cutane\/#primaryimage"},"thumbnailUrl":"https:\/\/www.ek1n.fr\/wp-content\/uploads\/2017\/02\/Spray-rep-cut-3.png","datePublished":"2016-07-12T11:16:46+00:00","dateModified":"2022-01-03T10:47:26+00:00","description":"Le R\u00e9parateur Cutan\u00e9 d\u00e9sinfecte et acc\u00e9l\u00e8re la cicatrisation de toute plaie superficielle chez le cheval. Forme un film protecteur contre les insectes.","breadcrumb":{"@id":"https:\/\/www.ek1n.fr\/produit\/ekin-spray-reparateur-cutane\/#breadcrumb"},"inLanguage":"en-US","potentialAction":[{"@type":"ReadAction","target":["https:\/\/www.ek1n.fr\/produit\/ekin-spray-reparateur-cutane\/"]}]},{"@type":"ImageObject","inLanguage":"en-US","@id":"https:\/\/www.ek1n.fr\/produit\/ekin-spray-reparateur-cutane\/#primaryimage","url":"https:\/\/www.ek1n.fr\/wp-content\/uploads\/2017\/02\/Spray-rep-cut-3.png","contentUrl":"https:\/\/www.ek1n.fr\/wp-content\/uploads\/2017\/02\/Spray-rep-cut-3.png","width":714,"height":1000,"caption":"EKIN Spray-reparateur-cutan\u00e9"},{"@type":"BreadcrumbList","@id":"https:\/\/www.ek1n.fr\/produit\/ekin-spray-reparateur-cutane\/#breadcrumb","itemListElement":[{"@type":"ListItem","position":1,"name":"Accueil","item":"https:\/\/www.ek1n.fr\/en\/"},{"@type":"ListItem","position":2,"name":"Shop","item":"https:\/\/www.ek1n.fr\/en\/shop\/"},{"@type":"ListItem","position":3,"name":"EKIN Skin Repair Spray"}]},{"@type":"WebSite","@id":"https:\/\/www.ek1n.fr\/#website","url":"https:\/\/www.ek1n.fr\/","name":"EKIN","description":"Produits de soin pour chevaux 100% naturels et biod\u00e9gradables","publisher":{"@id":"https:\/\/www.ek1n.fr\/#organization"},"potentialAction":[{"@type":"SearchAction","target":{"@type":"EntryPoint","urlTemplate":"https:\/\/www.ek1n.fr\/?s={search_term_string}"},"query-input":{"@type":"PropertyValueSpecification","valueRequired":true,"valueName":"search_term_string"}}],"inLanguage":"en-US"},{"@type":"Organization","@id":"https:\/\/www.ek1n.fr\/#organization","name":"Ekin","url":"https:\/\/www.ek1n.fr\/","logo":{"@type":"ImageObject","inLanguage":"en-US","@id":"https:\/\/www.ek1n.fr\/#\/schema\/logo\/image\/","url":"https:\/\/www.ek1n.fr\/wp-content\/uploads\/2016\/07\/logo-alternatif-ekin.png","contentUrl":"https:\/\/www.ek1n.fr\/wp-content\/uploads\/2016\/07\/logo-alternatif-ekin.png","width":300,"height":145,"caption":"Ekin"},"image":{"@id":"https:\/\/www.ek1n.fr\/#\/schema\/logo\/image\/"}}]}},"_links":{"self":[{"href":"https:\/\/www.ek1n.fr\/en\/wp-json\/wp\/v2\/product\/12191","targetHints":{"allow":["GET"]}}],"collection":[{"href":"https:\/\/www.ek1n.fr\/en\/wp-json\/wp\/v2\/product"}],"about":[{"href":"https:\/\/www.ek1n.fr\/en\/wp-json\/wp\/v2\/types\/product"}],"replies":[{"embeddable":true,"href":"https:\/\/www.ek1n.fr\/en\/wp-json\/wp\/v2\/comments?post=12191"}],"wp:featuredmedia":[{"embeddable":true,"href":"https:\/\/www.ek1n.fr\/en\/wp-json\/wp\/v2\/media\/11824"}],"wp:attachment":[{"href":"https:\/\/www.ek1n.fr\/en\/wp-json\/wp\/v2\/media?parent=12191"}],"wp:term":[{"taxonomy":"product_brand","embeddable":true,"href":"https:\/\/www.ek1n.fr\/en\/wp-json\/wp\/v2\/product_brand?post=12191"},{"taxonomy":"product_cat","embeddable":true,"href":"https:\/\/www.ek1n.fr\/en\/wp-json\/wp\/v2\/product_cat?post=12191"},{"taxonomy":"product_tag","embeddable":true,"href":"https:\/\/www.ek1n.fr\/en\/wp-json\/wp\/v2\/product_tag?post=12191"}],"curies":[{"name":"wp","href":"https:\/\/api.w.org\/{rel}","templated":true}]}}