{"id":12187,"date":"2016-10-26T14:41:18","date_gmt":"2016-10-26T12:41:18","guid":{"rendered":"https:\/\/www.ek1n.fr\/produit\/soin-cuir\/"},"modified":"2022-01-03T11:28:40","modified_gmt":"2022-01-03T10:28:40","slug":"soin-cuir","status":"publish","type":"product","link":"https:\/\/www.ek1n.fr\/en\/produit\/soin-cuir\/","title":{"rendered":"EKIN Leather care"},"content":{"rendered":"<div class=\"wpb-content-wrapper\"><p>[vc_row][vc_column width=&#8221;1\/2&#8243;][vc_column_text]<\/p>\n<ul>\n<li>100% natural products<\/li>\n<li>Product composed exclusively of active ingredients.<\/li>\n<li>Castor oil: allows to preserve the natural properties of the leather by strengthening it and by making it shinier<\/li>\n<li>Sweet almond and jojoba oils: for their nourishing action on the leather<\/li>\n<li>Also contains: Esterified vegetable oils, Vitamin E<\/li>\n<\/ul>\n<p>Bottle of 200ml[\/vc_column_text][\/vc_column][vc_column width=&#8221;1\/2&#8243;][vc_column_text]<b>Properties and instructions for use<\/b><\/p>\n<ul>\n<li>EKIN Leather Care nourishes and protects the leather, strengthens it, makes it shinier and waterproofs it.<\/li>\n<li>It penetrates quickly into the leather without the need for excessive rubbing. Does not stain clothes. Does not make the leather slippery. Does not require cleaning the leather with soap and water. Allows to use the leather immediately after application.<\/li>\n<li>Directions for use: Apply with the wipe and rub the product into the leather. Repeat regularly to keep leathers soft and clean.<\/li>\n<li>Click on the base of the spray to unlock it<\/li>\n<li>Product stability between 4 and 40 degrees<\/li>\n<\/ul>\n<p>[\/vc_column_text][\/vc_column][\/vc_row]<\/p>\n<\/div>","protected":false},"excerpt":{"rendered":"<p>EKIN Leather Care nourishes and protects the leather, strengthens it, makes it shinier and waterproofs it.<\/p>\n<p>Does not slip<\/p>\n<p>Does not stain<\/p>\n<p>Does not require cleaning the leather with soap and water. Allows to use the leather immediately after application<\/p>\n<p>Bottle of 200 ml<\/p>\n<p><strong>Made in France<\/strong><\/p>\n<p><img loading=\"lazy\" decoding=\"async\" class=\"wp-image-6682 alignleft\" src=\"https:\/\/www.ek1n.fr\/wp-content\/uploads\/2016\/10\/Soin-du-cuir-300x296.png\" alt=\"\" width=\"70\" height=\"69\" srcset=\"https:\/\/www.ek1n.fr\/wp-content\/uploads\/2016\/10\/Soin-du-cuir-300x296.png 300w, https:\/\/www.ek1n.fr\/wp-content\/uploads\/2016\/10\/Soin-du-cuir-150x150.png 150w, https:\/\/www.ek1n.fr\/wp-content\/uploads\/2016\/10\/Soin-du-cuir-570x563.png 570w, https:\/\/www.ek1n.fr\/wp-content\/uploads\/2016\/10\/Soin-du-cuir-100x100.png 100w, https:\/\/www.ek1n.fr\/wp-content\/uploads\/2016\/10\/Soin-du-cuir.png 766w\" sizes=\"auto, (max-width: 70px) 100vw, 70px\" \/><\/p>\n<h6>Rated 97,4% effective by EKIN consumers<\/h6>\n<p style=\"text-align: left;\">Satisfaction survey 2019<\/p>\n<p>&#8220;Moisturises the leather well and makes it look like new.&#8221;<\/p>\n<p>&#8220;The spray is really good, it&#8217;s a leather renovator!&#8221;\u00a0Customer reviews 2019<\/p>\n<p>(Composition and tips below)<\/p>\n","protected":false},"featured_media":11793,"comment_status":"closed","ping_status":"closed","template":"","meta":{"_exactmetrics_skip_tracking":false,"_exactmetrics_sitenote_active":false,"_exactmetrics_sitenote_note":"","_exactmetrics_sitenote_category":0},"product_brand":[],"product_cat":[230,156],"product_tag":[],"class_list":{"0":"post-12187","1":"product","2":"type-product","3":"status-publish","4":"has-post-thumbnail","6":"product_cat-leather-care-en","7":"product_cat-categories-en","9":"first","10":"instock","11":"taxable","12":"shipping-taxable","13":"purchasable","14":"product-type-simple"},"yoast_head":"<!-- This site is optimized with the Yoast SEO plugin v27.5 - https:\/\/yoast.com\/product\/yoast-seo-wordpress\/ -->\n<title>EKIN Leather care pour chevaux - Produit 100% naturel - EKIN<\/title>\n<meta name=\"description\" content=\"soin cuir : pour nourrir et prot\u00e9ger le cuir, le fortifier, le rendre plus brillant et l&#039;imperm\u00e9abilise. Ne glisse pas et ne t\u00e2che pas,100% naturel.\" \/>\n<meta name=\"robots\" content=\"index, follow, max-snippet:-1, max-image-preview:large, max-video-preview:-1\" \/>\n<link rel=\"canonical\" href=\"https:\/\/www.ek1n.fr\/produit\/soin-cuir\/\" \/>\n<meta property=\"og:locale\" content=\"en_US\" \/>\n<meta property=\"og:type\" content=\"article\" \/>\n<meta property=\"og:title\" content=\"EKIN Leather care pour chevaux - Produit 100% naturel - EKIN\" \/>\n<meta property=\"og:description\" content=\"soin cuir : pour nourrir et prot\u00e9ger le cuir, le fortifier, le rendre plus brillant et l&#039;imperm\u00e9abilise. Ne glisse pas et ne t\u00e2che pas,100% naturel.\" \/>\n<meta property=\"og:url\" content=\"https:\/\/www.ek1n.fr\/produit\/soin-cuir\/\" \/>\n<meta property=\"og:site_name\" content=\"EKIN\" \/>\n<meta property=\"article:modified_time\" content=\"2022-01-03T10:28:40+00:00\" \/>\n<meta property=\"og:image\" content=\"https:\/\/www.ek1n.fr\/wp-content\/uploads\/2016\/10\/Soin-cuir.png\" \/>\n\t<meta property=\"og:image:width\" content=\"750\" \/>\n\t<meta property=\"og:image:height\" content=\"1000\" \/>\n\t<meta property=\"og:image:type\" content=\"image\/png\" \/>\n<meta name=\"twitter:card\" content=\"summary_large_image\" \/>\n<meta name=\"twitter:label1\" content=\"Est. reading time\" \/>\n\t<meta name=\"twitter:data1\" content=\"1 minute\" \/>\n<script type=\"application\/ld+json\" class=\"yoast-schema-graph\">{\"@context\":\"https:\\\/\\\/schema.org\",\"@graph\":[{\"@type\":\"WebPage\",\"@id\":\"https:\\\/\\\/www.ek1n.fr\\\/produit\\\/soin-cuir\\\/\",\"url\":\"https:\\\/\\\/www.ek1n.fr\\\/produit\\\/soin-cuir\\\/\",\"name\":\"EKIN Leather care pour chevaux - Produit 100% naturel - EKIN\",\"isPartOf\":{\"@id\":\"https:\\\/\\\/www.ek1n.fr\\\/#website\"},\"primaryImageOfPage\":{\"@id\":\"https:\\\/\\\/www.ek1n.fr\\\/produit\\\/soin-cuir\\\/#primaryimage\"},\"image\":{\"@id\":\"https:\\\/\\\/www.ek1n.fr\\\/produit\\\/soin-cuir\\\/#primaryimage\"},\"thumbnailUrl\":\"https:\\\/\\\/www.ek1n.fr\\\/wp-content\\\/uploads\\\/2016\\\/10\\\/Soin-cuir.png\",\"datePublished\":\"2016-10-26T12:41:18+00:00\",\"dateModified\":\"2022-01-03T10:28:40+00:00\",\"description\":\"soin cuir : pour nourrir et prot\u00e9ger le cuir, le fortifier, le rendre plus brillant et l'imperm\u00e9abilise. Ne glisse pas et ne t\u00e2che pas,100% naturel.\",\"breadcrumb\":{\"@id\":\"https:\\\/\\\/www.ek1n.fr\\\/produit\\\/soin-cuir\\\/#breadcrumb\"},\"inLanguage\":\"en-US\",\"potentialAction\":[{\"@type\":\"ReadAction\",\"target\":[\"https:\\\/\\\/www.ek1n.fr\\\/produit\\\/soin-cuir\\\/\"]}]},{\"@type\":\"ImageObject\",\"inLanguage\":\"en-US\",\"@id\":\"https:\\\/\\\/www.ek1n.fr\\\/produit\\\/soin-cuir\\\/#primaryimage\",\"url\":\"https:\\\/\\\/www.ek1n.fr\\\/wp-content\\\/uploads\\\/2016\\\/10\\\/Soin-cuir.png\",\"contentUrl\":\"https:\\\/\\\/www.ek1n.fr\\\/wp-content\\\/uploads\\\/2016\\\/10\\\/Soin-cuir.png\",\"width\":750,\"height\":1000,\"caption\":\"EKIN soin-cuir\"},{\"@type\":\"BreadcrumbList\",\"@id\":\"https:\\\/\\\/www.ek1n.fr\\\/produit\\\/soin-cuir\\\/#breadcrumb\",\"itemListElement\":[{\"@type\":\"ListItem\",\"position\":1,\"name\":\"Accueil\",\"item\":\"https:\\\/\\\/www.ek1n.fr\\\/en\\\/\"},{\"@type\":\"ListItem\",\"position\":2,\"name\":\"Shop\",\"item\":\"https:\\\/\\\/www.ek1n.fr\\\/en\\\/shop\\\/\"},{\"@type\":\"ListItem\",\"position\":3,\"name\":\"EKIN Leather care\"}]},{\"@type\":\"WebSite\",\"@id\":\"https:\\\/\\\/www.ek1n.fr\\\/#website\",\"url\":\"https:\\\/\\\/www.ek1n.fr\\\/\",\"name\":\"EKIN\",\"description\":\"Produits de soin pour chevaux 100% naturels et biod\u00e9gradables\",\"publisher\":{\"@id\":\"https:\\\/\\\/www.ek1n.fr\\\/#organization\"},\"potentialAction\":[{\"@type\":\"SearchAction\",\"target\":{\"@type\":\"EntryPoint\",\"urlTemplate\":\"https:\\\/\\\/www.ek1n.fr\\\/?s={search_term_string}\"},\"query-input\":{\"@type\":\"PropertyValueSpecification\",\"valueRequired\":true,\"valueName\":\"search_term_string\"}}],\"inLanguage\":\"en-US\"},{\"@type\":\"Organization\",\"@id\":\"https:\\\/\\\/www.ek1n.fr\\\/#organization\",\"name\":\"Ekin\",\"url\":\"https:\\\/\\\/www.ek1n.fr\\\/\",\"logo\":{\"@type\":\"ImageObject\",\"inLanguage\":\"en-US\",\"@id\":\"https:\\\/\\\/www.ek1n.fr\\\/#\\\/schema\\\/logo\\\/image\\\/\",\"url\":\"https:\\\/\\\/www.ek1n.fr\\\/wp-content\\\/uploads\\\/2016\\\/07\\\/logo-alternatif-ekin.png\",\"contentUrl\":\"https:\\\/\\\/www.ek1n.fr\\\/wp-content\\\/uploads\\\/2016\\\/07\\\/logo-alternatif-ekin.png\",\"width\":300,\"height\":145,\"caption\":\"Ekin\"},\"image\":{\"@id\":\"https:\\\/\\\/www.ek1n.fr\\\/#\\\/schema\\\/logo\\\/image\\\/\"}}]}<\/script>\n<!-- \/ Yoast SEO plugin. -->","yoast_head_json":{"title":"EKIN Leather care pour chevaux - Produit 100% naturel - EKIN","description":"soin cuir : pour nourrir et prot\u00e9ger le cuir, le fortifier, le rendre plus brillant et l'imperm\u00e9abilise. Ne glisse pas et ne t\u00e2che pas,100% naturel.","robots":{"index":"index","follow":"follow","max-snippet":"max-snippet:-1","max-image-preview":"max-image-preview:large","max-video-preview":"max-video-preview:-1"},"canonical":"https:\/\/www.ek1n.fr\/produit\/soin-cuir\/","og_locale":"en_US","og_type":"article","og_title":"EKIN Leather care pour chevaux - Produit 100% naturel - EKIN","og_description":"soin cuir : pour nourrir et prot\u00e9ger le cuir, le fortifier, le rendre plus brillant et l'imperm\u00e9abilise. Ne glisse pas et ne t\u00e2che pas,100% naturel.","og_url":"https:\/\/www.ek1n.fr\/produit\/soin-cuir\/","og_site_name":"EKIN","article_modified_time":"2022-01-03T10:28:40+00:00","og_image":[{"width":750,"height":1000,"url":"https:\/\/www.ek1n.fr\/wp-content\/uploads\/2016\/10\/Soin-cuir.png","type":"image\/png"}],"twitter_card":"summary_large_image","twitter_misc":{"Est. reading time":"1 minute"},"schema":{"@context":"https:\/\/schema.org","@graph":[{"@type":"WebPage","@id":"https:\/\/www.ek1n.fr\/produit\/soin-cuir\/","url":"https:\/\/www.ek1n.fr\/produit\/soin-cuir\/","name":"EKIN Leather care pour chevaux - Produit 100% naturel - EKIN","isPartOf":{"@id":"https:\/\/www.ek1n.fr\/#website"},"primaryImageOfPage":{"@id":"https:\/\/www.ek1n.fr\/produit\/soin-cuir\/#primaryimage"},"image":{"@id":"https:\/\/www.ek1n.fr\/produit\/soin-cuir\/#primaryimage"},"thumbnailUrl":"https:\/\/www.ek1n.fr\/wp-content\/uploads\/2016\/10\/Soin-cuir.png","datePublished":"2016-10-26T12:41:18+00:00","dateModified":"2022-01-03T10:28:40+00:00","description":"soin cuir : pour nourrir et prot\u00e9ger le cuir, le fortifier, le rendre plus brillant et l'imperm\u00e9abilise. Ne glisse pas et ne t\u00e2che pas,100% naturel.","breadcrumb":{"@id":"https:\/\/www.ek1n.fr\/produit\/soin-cuir\/#breadcrumb"},"inLanguage":"en-US","potentialAction":[{"@type":"ReadAction","target":["https:\/\/www.ek1n.fr\/produit\/soin-cuir\/"]}]},{"@type":"ImageObject","inLanguage":"en-US","@id":"https:\/\/www.ek1n.fr\/produit\/soin-cuir\/#primaryimage","url":"https:\/\/www.ek1n.fr\/wp-content\/uploads\/2016\/10\/Soin-cuir.png","contentUrl":"https:\/\/www.ek1n.fr\/wp-content\/uploads\/2016\/10\/Soin-cuir.png","width":750,"height":1000,"caption":"EKIN soin-cuir"},{"@type":"BreadcrumbList","@id":"https:\/\/www.ek1n.fr\/produit\/soin-cuir\/#breadcrumb","itemListElement":[{"@type":"ListItem","position":1,"name":"Accueil","item":"https:\/\/www.ek1n.fr\/en\/"},{"@type":"ListItem","position":2,"name":"Shop","item":"https:\/\/www.ek1n.fr\/en\/shop\/"},{"@type":"ListItem","position":3,"name":"EKIN Leather care"}]},{"@type":"WebSite","@id":"https:\/\/www.ek1n.fr\/#website","url":"https:\/\/www.ek1n.fr\/","name":"EKIN","description":"Produits de soin pour chevaux 100% naturels et biod\u00e9gradables","publisher":{"@id":"https:\/\/www.ek1n.fr\/#organization"},"potentialAction":[{"@type":"SearchAction","target":{"@type":"EntryPoint","urlTemplate":"https:\/\/www.ek1n.fr\/?s={search_term_string}"},"query-input":{"@type":"PropertyValueSpecification","valueRequired":true,"valueName":"search_term_string"}}],"inLanguage":"en-US"},{"@type":"Organization","@id":"https:\/\/www.ek1n.fr\/#organization","name":"Ekin","url":"https:\/\/www.ek1n.fr\/","logo":{"@type":"ImageObject","inLanguage":"en-US","@id":"https:\/\/www.ek1n.fr\/#\/schema\/logo\/image\/","url":"https:\/\/www.ek1n.fr\/wp-content\/uploads\/2016\/07\/logo-alternatif-ekin.png","contentUrl":"https:\/\/www.ek1n.fr\/wp-content\/uploads\/2016\/07\/logo-alternatif-ekin.png","width":300,"height":145,"caption":"Ekin"},"image":{"@id":"https:\/\/www.ek1n.fr\/#\/schema\/logo\/image\/"}}]}},"_links":{"self":[{"href":"https:\/\/www.ek1n.fr\/en\/wp-json\/wp\/v2\/product\/12187","targetHints":{"allow":["GET"]}}],"collection":[{"href":"https:\/\/www.ek1n.fr\/en\/wp-json\/wp\/v2\/product"}],"about":[{"href":"https:\/\/www.ek1n.fr\/en\/wp-json\/wp\/v2\/types\/product"}],"replies":[{"embeddable":true,"href":"https:\/\/www.ek1n.fr\/en\/wp-json\/wp\/v2\/comments?post=12187"}],"wp:featuredmedia":[{"embeddable":true,"href":"https:\/\/www.ek1n.fr\/en\/wp-json\/wp\/v2\/media\/11793"}],"wp:attachment":[{"href":"https:\/\/www.ek1n.fr\/en\/wp-json\/wp\/v2\/media?parent=12187"}],"wp:term":[{"taxonomy":"product_brand","embeddable":true,"href":"https:\/\/www.ek1n.fr\/en\/wp-json\/wp\/v2\/product_brand?post=12187"},{"taxonomy":"product_cat","embeddable":true,"href":"https:\/\/www.ek1n.fr\/en\/wp-json\/wp\/v2\/product_cat?post=12187"},{"taxonomy":"product_tag","embeddable":true,"href":"https:\/\/www.ek1n.fr\/en\/wp-json\/wp\/v2\/product_tag?post=12187"}],"curies":[{"name":"wp","href":"https:\/\/api.w.org\/{rel}","templated":true}]}}