{"id":12180,"date":"2016-07-04T21:50:13","date_gmt":"2016-07-04T19:50:13","guid":{"rendered":"https:\/\/www.ek1n.fr\/produit\/ekin-baume-anti-demangeaison-dermites\/"},"modified":"2022-01-03T10:21:03","modified_gmt":"2022-01-03T09:21:03","slug":"ekin-baume-anti-demangeaison-dermites","status":"publish","type":"product","link":"https:\/\/www.ek1n.fr\/en\/produit\/ekin-baume-anti-demangeaison-dermites\/","title":{"rendered":"EKIN Anti-Itch and Dermatitis Balm"},"content":{"rendered":"<div class=\"wpb-content-wrapper\"><p>[vc_row][vc_column width=&#8221;1\/2&#8243;][vc_column_text]<strong>Composition of the balm<\/strong><\/p>\n<p><strong>100% natural product<\/strong><\/p>\n<p>Product composed exclusively of active ingredients. The selected raw materials all have properties that contribute to the expected effectiveness:<\/p>\n<p><strong>Sweet almond oil:<\/strong>\u00a0nourishing and soothing for the skin.<br \/>\nEssential oil of lemon eucalyptus: purifying, analgesic and soothing, it helps to calm itching.<br \/>\n<strong>The oil of neem<\/strong>: cleansing, purifying, regenerating and restructuring, it contributes to protect the skin from external aggressions.<br \/>\n<strong>The argan oil:<\/strong>\u00a0regenerating and repairing, it contributes to restructure and protect the skin.<\/p>\n<p>Also contains: Vegetable oil, Beeswax, Fatty acid, Vitamin E<br \/>\n200 g<\/p>\n<p>Contains essential oils. Can cause a skin allergy.[\/vc_column_text][\/vc_column][vc_column width=&#8221;1\/2&#8243;][vc_column_text]<strong>Effects of the Anti-Itch Balm<\/strong><\/p>\n<p>EKIN Anti-Itch and Dermatitis Balm has a soothing action on all types of itching<\/p>\n<p>Helps to cleanse, purify and moisturize the skin<br \/>\nHelps the skin to regenerate and restructure itself<br \/>\nHelps the horse to protect itself from external agents that weaken its skin<br \/>\nPenetrates easily under the hair and does not leave any trace<\/p>\n<p><strong>Directions for use<\/strong><br \/>\nUnscrew the cannula cap<br \/>\nApply a small amount of product at the base of the mane and on the itchy areas 3 to 4 times a week, massage with the fingers to spread it over the skin and make it penetrate.<br \/>\nAs a preventive measure, apply once a week to areas at risk.<br \/>\nStability of the product between 4 and 40 degrees[\/vc_column_text][vc_column_text][\/vc_column_text][\/vc_column][\/vc_row]<\/p>\n<\/div>","protected":false},"excerpt":{"rendered":"<p>EKIN Anti-Itch and Dermatitis Balm has a soothing action on all types of itching.<br \/>\nIt helps to purify, purify and moisturize the skin, and to help it regenerate and restructure itself.<\/p>\n<p>Bottle of 200 g<\/p>\n<p>Made in France<\/p>\n<p>Contains essential oils. May cause a skin allergy.<\/p>\n<p>Rated 90.0% effective by EKIN consumers<\/p>\n<p>Satisfaction survey 2019<\/p>\n<p>\u201cI have been using the anti itch and dermatitis balm for a short time, more to treat major itching problems (not dermatitis), it\u2019s great. Two days after the first application, the mare doesn\u2019t scratch at all! The manes on her mane and tail will finally grow back!\u201d Customer review 2018<\/p>\n<p>Can also be used for dogs<\/p>\n<p>&nbsp;<\/p>\n<p>(Composition and advice below)<\/p>\n","protected":false},"featured_media":11864,"comment_status":"open","ping_status":"closed","template":"","meta":{"_exactmetrics_skip_tracking":false,"_exactmetrics_sitenote_active":false,"_exactmetrics_sitenote_note":"","_exactmetrics_sitenote_category":0},"product_brand":[],"product_cat":[157,223,218,258,166,167,156,170,219],"product_tag":[],"class_list":{"0":"post-12180","1":"product","2":"type-product","3":"status-publish","4":"has-post-thumbnail","6":"product_cat-anti-insects-en","7":"product_cat-coat-and-hair-en","8":"product_cat-configurator-en","9":"product_cat-dog-products-en","10":"product_cat-itching-en","11":"product_cat-itching-en-en","12":"product_cat-categories-en","13":"product_cat-skin-care-en","14":"product_cat-tail-en","16":"first","17":"instock","18":"taxable","19":"shipping-taxable","20":"purchasable","21":"product-type-simple"},"yoast_head":"<!-- This site is optimized with the Yoast SEO plugin v27.5 - https:\/\/yoast.com\/product\/yoast-seo-wordpress\/ -->\n<title>EKIN Baume Anti-d\u00e9mangeaison et Dermites - Produit 100% Naturel<\/title>\n<meta name=\"description\" content=\"Baume Anti-D\u00e9mangeaison et Dermites : action apaisante, anti-inflammatoire, antibact\u00e9rienne et antifongique. P\u00e9n\u00e9tration rapide sous le poil sans r\u00e9sidus.\" \/>\n<meta name=\"robots\" content=\"index, follow, max-snippet:-1, max-image-preview:large, max-video-preview:-1\" \/>\n<link rel=\"canonical\" href=\"https:\/\/www.ek1n.fr\/produit\/ekin-baume-anti-demangeaison-dermites\/\" \/>\n<meta property=\"og:locale\" content=\"en_US\" \/>\n<meta property=\"og:type\" content=\"article\" \/>\n<meta property=\"og:title\" content=\"EKIN Baume Anti-d\u00e9mangeaison et Dermites - Produit 100% Naturel\" \/>\n<meta property=\"og:description\" content=\"Baume Anti-D\u00e9mangeaison et Dermites : action apaisante, anti-inflammatoire, antibact\u00e9rienne et antifongique. P\u00e9n\u00e9tration rapide sous le poil sans r\u00e9sidus.\" \/>\n<meta property=\"og:url\" content=\"https:\/\/www.ek1n.fr\/produit\/ekin-baume-anti-demangeaison-dermites\/\" \/>\n<meta property=\"og:site_name\" content=\"EKIN\" \/>\n<meta property=\"article:modified_time\" content=\"2022-01-03T09:21:03+00:00\" \/>\n<meta property=\"og:image\" content=\"https:\/\/www.ek1n.fr\/wp-content\/uploads\/2016\/07\/Baume-anti-demangeaisons-et-dermites.png\" \/>\n\t<meta property=\"og:image:width\" content=\"500\" \/>\n\t<meta property=\"og:image:height\" content=\"667\" \/>\n\t<meta property=\"og:image:type\" content=\"image\/png\" \/>\n<meta name=\"twitter:card\" content=\"summary_large_image\" \/>\n<meta name=\"twitter:label1\" content=\"Est. reading time\" \/>\n\t<meta name=\"twitter:data1\" content=\"2 minutes\" \/>\n<script type=\"application\/ld+json\" class=\"yoast-schema-graph\">{\"@context\":\"https:\\\/\\\/schema.org\",\"@graph\":[{\"@type\":\"WebPage\",\"@id\":\"https:\\\/\\\/www.ek1n.fr\\\/produit\\\/ekin-baume-anti-demangeaison-dermites\\\/\",\"url\":\"https:\\\/\\\/www.ek1n.fr\\\/produit\\\/ekin-baume-anti-demangeaison-dermites\\\/\",\"name\":\"EKIN Baume Anti-d\u00e9mangeaison et Dermites - Produit 100% Naturel\",\"isPartOf\":{\"@id\":\"https:\\\/\\\/www.ek1n.fr\\\/#website\"},\"primaryImageOfPage\":{\"@id\":\"https:\\\/\\\/www.ek1n.fr\\\/produit\\\/ekin-baume-anti-demangeaison-dermites\\\/#primaryimage\"},\"image\":{\"@id\":\"https:\\\/\\\/www.ek1n.fr\\\/produit\\\/ekin-baume-anti-demangeaison-dermites\\\/#primaryimage\"},\"thumbnailUrl\":\"https:\\\/\\\/www.ek1n.fr\\\/wp-content\\\/uploads\\\/2016\\\/07\\\/Baume-anti-demangeaisons-et-dermites.png\",\"datePublished\":\"2016-07-04T19:50:13+00:00\",\"dateModified\":\"2022-01-03T09:21:03+00:00\",\"description\":\"Baume Anti-D\u00e9mangeaison et Dermites : action apaisante, anti-inflammatoire, antibact\u00e9rienne et antifongique. P\u00e9n\u00e9tration rapide sous le poil sans r\u00e9sidus.\",\"breadcrumb\":{\"@id\":\"https:\\\/\\\/www.ek1n.fr\\\/produit\\\/ekin-baume-anti-demangeaison-dermites\\\/#breadcrumb\"},\"inLanguage\":\"en-US\",\"potentialAction\":[{\"@type\":\"ReadAction\",\"target\":[\"https:\\\/\\\/www.ek1n.fr\\\/produit\\\/ekin-baume-anti-demangeaison-dermites\\\/\"]}]},{\"@type\":\"ImageObject\",\"inLanguage\":\"en-US\",\"@id\":\"https:\\\/\\\/www.ek1n.fr\\\/produit\\\/ekin-baume-anti-demangeaison-dermites\\\/#primaryimage\",\"url\":\"https:\\\/\\\/www.ek1n.fr\\\/wp-content\\\/uploads\\\/2016\\\/07\\\/Baume-anti-demangeaisons-et-dermites.png\",\"contentUrl\":\"https:\\\/\\\/www.ek1n.fr\\\/wp-content\\\/uploads\\\/2016\\\/07\\\/Baume-anti-demangeaisons-et-dermites.png\",\"width\":500,\"height\":667,\"caption\":\"Baume anti d\u00e9mangeaisons Dermites EKIN\"},{\"@type\":\"BreadcrumbList\",\"@id\":\"https:\\\/\\\/www.ek1n.fr\\\/produit\\\/ekin-baume-anti-demangeaison-dermites\\\/#breadcrumb\",\"itemListElement\":[{\"@type\":\"ListItem\",\"position\":1,\"name\":\"Accueil\",\"item\":\"https:\\\/\\\/www.ek1n.fr\\\/en\\\/\"},{\"@type\":\"ListItem\",\"position\":2,\"name\":\"Shop\",\"item\":\"https:\\\/\\\/www.ek1n.fr\\\/en\\\/shop\\\/\"},{\"@type\":\"ListItem\",\"position\":3,\"name\":\"EKIN Anti-Itch and Dermatitis Balm\"}]},{\"@type\":\"WebSite\",\"@id\":\"https:\\\/\\\/www.ek1n.fr\\\/#website\",\"url\":\"https:\\\/\\\/www.ek1n.fr\\\/\",\"name\":\"EKIN\",\"description\":\"Produits de soin pour chevaux 100% naturels et biod\u00e9gradables\",\"publisher\":{\"@id\":\"https:\\\/\\\/www.ek1n.fr\\\/#organization\"},\"potentialAction\":[{\"@type\":\"SearchAction\",\"target\":{\"@type\":\"EntryPoint\",\"urlTemplate\":\"https:\\\/\\\/www.ek1n.fr\\\/?s={search_term_string}\"},\"query-input\":{\"@type\":\"PropertyValueSpecification\",\"valueRequired\":true,\"valueName\":\"search_term_string\"}}],\"inLanguage\":\"en-US\"},{\"@type\":\"Organization\",\"@id\":\"https:\\\/\\\/www.ek1n.fr\\\/#organization\",\"name\":\"Ekin\",\"url\":\"https:\\\/\\\/www.ek1n.fr\\\/\",\"logo\":{\"@type\":\"ImageObject\",\"inLanguage\":\"en-US\",\"@id\":\"https:\\\/\\\/www.ek1n.fr\\\/#\\\/schema\\\/logo\\\/image\\\/\",\"url\":\"https:\\\/\\\/www.ek1n.fr\\\/wp-content\\\/uploads\\\/2016\\\/07\\\/logo-alternatif-ekin.png\",\"contentUrl\":\"https:\\\/\\\/www.ek1n.fr\\\/wp-content\\\/uploads\\\/2016\\\/07\\\/logo-alternatif-ekin.png\",\"width\":300,\"height\":145,\"caption\":\"Ekin\"},\"image\":{\"@id\":\"https:\\\/\\\/www.ek1n.fr\\\/#\\\/schema\\\/logo\\\/image\\\/\"}}]}<\/script>\n<!-- \/ Yoast SEO plugin. -->","yoast_head_json":{"title":"EKIN Baume Anti-d\u00e9mangeaison et Dermites - Produit 100% Naturel","description":"Baume Anti-D\u00e9mangeaison et Dermites : action apaisante, anti-inflammatoire, antibact\u00e9rienne et antifongique. P\u00e9n\u00e9tration rapide sous le poil sans r\u00e9sidus.","robots":{"index":"index","follow":"follow","max-snippet":"max-snippet:-1","max-image-preview":"max-image-preview:large","max-video-preview":"max-video-preview:-1"},"canonical":"https:\/\/www.ek1n.fr\/produit\/ekin-baume-anti-demangeaison-dermites\/","og_locale":"en_US","og_type":"article","og_title":"EKIN Baume Anti-d\u00e9mangeaison et Dermites - Produit 100% Naturel","og_description":"Baume Anti-D\u00e9mangeaison et Dermites : action apaisante, anti-inflammatoire, antibact\u00e9rienne et antifongique. P\u00e9n\u00e9tration rapide sous le poil sans r\u00e9sidus.","og_url":"https:\/\/www.ek1n.fr\/produit\/ekin-baume-anti-demangeaison-dermites\/","og_site_name":"EKIN","article_modified_time":"2022-01-03T09:21:03+00:00","og_image":[{"width":500,"height":667,"url":"https:\/\/www.ek1n.fr\/wp-content\/uploads\/2016\/07\/Baume-anti-demangeaisons-et-dermites.png","type":"image\/png"}],"twitter_card":"summary_large_image","twitter_misc":{"Est. reading time":"2 minutes"},"schema":{"@context":"https:\/\/schema.org","@graph":[{"@type":"WebPage","@id":"https:\/\/www.ek1n.fr\/produit\/ekin-baume-anti-demangeaison-dermites\/","url":"https:\/\/www.ek1n.fr\/produit\/ekin-baume-anti-demangeaison-dermites\/","name":"EKIN Baume Anti-d\u00e9mangeaison et Dermites - Produit 100% Naturel","isPartOf":{"@id":"https:\/\/www.ek1n.fr\/#website"},"primaryImageOfPage":{"@id":"https:\/\/www.ek1n.fr\/produit\/ekin-baume-anti-demangeaison-dermites\/#primaryimage"},"image":{"@id":"https:\/\/www.ek1n.fr\/produit\/ekin-baume-anti-demangeaison-dermites\/#primaryimage"},"thumbnailUrl":"https:\/\/www.ek1n.fr\/wp-content\/uploads\/2016\/07\/Baume-anti-demangeaisons-et-dermites.png","datePublished":"2016-07-04T19:50:13+00:00","dateModified":"2022-01-03T09:21:03+00:00","description":"Baume Anti-D\u00e9mangeaison et Dermites : action apaisante, anti-inflammatoire, antibact\u00e9rienne et antifongique. P\u00e9n\u00e9tration rapide sous le poil sans r\u00e9sidus.","breadcrumb":{"@id":"https:\/\/www.ek1n.fr\/produit\/ekin-baume-anti-demangeaison-dermites\/#breadcrumb"},"inLanguage":"en-US","potentialAction":[{"@type":"ReadAction","target":["https:\/\/www.ek1n.fr\/produit\/ekin-baume-anti-demangeaison-dermites\/"]}]},{"@type":"ImageObject","inLanguage":"en-US","@id":"https:\/\/www.ek1n.fr\/produit\/ekin-baume-anti-demangeaison-dermites\/#primaryimage","url":"https:\/\/www.ek1n.fr\/wp-content\/uploads\/2016\/07\/Baume-anti-demangeaisons-et-dermites.png","contentUrl":"https:\/\/www.ek1n.fr\/wp-content\/uploads\/2016\/07\/Baume-anti-demangeaisons-et-dermites.png","width":500,"height":667,"caption":"Baume anti d\u00e9mangeaisons Dermites EKIN"},{"@type":"BreadcrumbList","@id":"https:\/\/www.ek1n.fr\/produit\/ekin-baume-anti-demangeaison-dermites\/#breadcrumb","itemListElement":[{"@type":"ListItem","position":1,"name":"Accueil","item":"https:\/\/www.ek1n.fr\/en\/"},{"@type":"ListItem","position":2,"name":"Shop","item":"https:\/\/www.ek1n.fr\/en\/shop\/"},{"@type":"ListItem","position":3,"name":"EKIN Anti-Itch and Dermatitis Balm"}]},{"@type":"WebSite","@id":"https:\/\/www.ek1n.fr\/#website","url":"https:\/\/www.ek1n.fr\/","name":"EKIN","description":"Produits de soin pour chevaux 100% naturels et biod\u00e9gradables","publisher":{"@id":"https:\/\/www.ek1n.fr\/#organization"},"potentialAction":[{"@type":"SearchAction","target":{"@type":"EntryPoint","urlTemplate":"https:\/\/www.ek1n.fr\/?s={search_term_string}"},"query-input":{"@type":"PropertyValueSpecification","valueRequired":true,"valueName":"search_term_string"}}],"inLanguage":"en-US"},{"@type":"Organization","@id":"https:\/\/www.ek1n.fr\/#organization","name":"Ekin","url":"https:\/\/www.ek1n.fr\/","logo":{"@type":"ImageObject","inLanguage":"en-US","@id":"https:\/\/www.ek1n.fr\/#\/schema\/logo\/image\/","url":"https:\/\/www.ek1n.fr\/wp-content\/uploads\/2016\/07\/logo-alternatif-ekin.png","contentUrl":"https:\/\/www.ek1n.fr\/wp-content\/uploads\/2016\/07\/logo-alternatif-ekin.png","width":300,"height":145,"caption":"Ekin"},"image":{"@id":"https:\/\/www.ek1n.fr\/#\/schema\/logo\/image\/"}}]}},"_links":{"self":[{"href":"https:\/\/www.ek1n.fr\/en\/wp-json\/wp\/v2\/product\/12180","targetHints":{"allow":["GET"]}}],"collection":[{"href":"https:\/\/www.ek1n.fr\/en\/wp-json\/wp\/v2\/product"}],"about":[{"href":"https:\/\/www.ek1n.fr\/en\/wp-json\/wp\/v2\/types\/product"}],"replies":[{"embeddable":true,"href":"https:\/\/www.ek1n.fr\/en\/wp-json\/wp\/v2\/comments?post=12180"}],"wp:featuredmedia":[{"embeddable":true,"href":"https:\/\/www.ek1n.fr\/en\/wp-json\/wp\/v2\/media\/11864"}],"wp:attachment":[{"href":"https:\/\/www.ek1n.fr\/en\/wp-json\/wp\/v2\/media?parent=12180"}],"wp:term":[{"taxonomy":"product_brand","embeddable":true,"href":"https:\/\/www.ek1n.fr\/en\/wp-json\/wp\/v2\/product_brand?post=12180"},{"taxonomy":"product_cat","embeddable":true,"href":"https:\/\/www.ek1n.fr\/en\/wp-json\/wp\/v2\/product_cat?post=12180"},{"taxonomy":"product_tag","embeddable":true,"href":"https:\/\/www.ek1n.fr\/en\/wp-json\/wp\/v2\/product_tag?post=12180"}],"curies":[{"name":"wp","href":"https:\/\/api.w.org\/{rel}","templated":true}]}}