{"id":12167,"date":"2021-04-12T16:05:30","date_gmt":"2021-04-12T14:05:30","guid":{"rendered":"https:\/\/www.ek1n.fr\/produit\/ekin-pack-spray-repulsif-insectes-recharge\/"},"modified":"2022-01-03T10:43:36","modified_gmt":"2022-01-03T09:43:36","slug":"ekin-pack-spray-repulsif-insectes-recharge","status":"publish","type":"product","link":"https:\/\/www.ek1n.fr\/en\/produit\/ekin-pack-spray-repulsif-insectes-recharge\/","title":{"rendered":"EKIN Insect Repellent Spray &#038; Refill Pack"},"content":{"rendered":"<div class=\"wpb-content-wrapper\"><p>[vc_row][vc_column width=&#8221;1\/2&#8243;][vc_column_text]<strong>Composition of the Insect Repellent Summer Spray<\/strong><\/p>\n<p>Product composed exclusively of active ingredients. The selected raw materials all have properties that contribute to the expected effectiveness:<\/p>\n<p><strong>Neem oil and essential oil of lemon eucalyptus<\/strong>: lemon smell, masks the smell of perspiration of the horse<br \/>\n<strong>The essential oil of lavandin<\/strong>\u00a0(Lavandin oil CAS No. 91722-69-9, 0.1% m\/m, TP19): Strong repellent power<\/p>\n<p>Also contains: Esterified vegetable oils, Vitamin E<\/p>\n<p>Liquid, 500 ml<\/p>\n<p>Directions for use<br \/>\nShake before use.<br \/>\nPerform 7 to 8 sprays on each side of the body, avoiding contact with the eyes and nostrils.<br \/>\nSpread on the coat with the EKIN shine glove or a brush.<br \/>\nWorks immediately.<br \/>\nReapply after 48 hours<\/p>\n<p>Use biocides with care. Read the label and product information before use.<\/p>\n<p>Contains Lavandin oil and Eucalyptus citriodora oil. May produce an allergic reaction.[\/vc_column_text][\/vc_column][vc_column width=&#8221;1\/2&#8243;][vc_column_text]<strong>Effects of Summer Insect Repellent Spray<\/strong><\/p>\n<p><strong>EKIN Summer Insect Repellent Spray<\/strong>\u00a0protects the horse from\u00a0<strong>insect attacks and bites.<\/strong><\/p>\n<p>Effective against\u00a0<strong>flies, horse flies, mosquitoes, ticks, fleas and lice.<\/strong><br \/>\nA powerful lemon scent\u00a0<strong>masking agent<\/strong>, it\u00a0<strong>resists<\/strong>\u00a0the horse\u2019s perspiration and prevents insects from perceiving it.<br \/>\nIt\u00a0<strong>helps to relieve<\/strong>\u00a0and prevent\u00a0<strong>bites.<\/strong><br \/>\nIts composition in the form of dry oil does not evaporate and remains effective up to<strong>\u00a048h.<\/strong><br \/>\nThe oily form does not allow the flat flies or ticks to fix themselves durably on the hairs or the skin.<\/p>\n<p>Safety data sheet available on request for professionals.[\/vc_column_text][\/vc_column][\/vc_row]<\/p>\n<\/div>","protected":false},"excerpt":{"rendered":"<div class=\"product_description\">\n<p>The Insect Repellent Spray pack and its Refill in recyclable Doypack form, allows to reduce considerably the weight of the plastic packaging, and to reuse several times the same bottle and spray.<\/p>\n<p>The Insect Repellent Spray protects the horse from insect aggression and bites. Powerful and lemony odor masking, it resists the horse\u2019s perspiration and prevents flies, mosquitoes, ticks, fleas and lice from perceiving it. It helps to prevent and relieve bites.<\/p>\n<p>Bottle of 500 ml<\/p>\n<p>Made in France<\/p>\n<div>\n<p>Use biocides with care. Read the label and product information before use.<\/p>\n<p>Contains Lavandin oil and Eucalyptus citriodora oil. May produce an allergic reaction.<\/p>\n<p>Rated 81.2% effective by EKIN consumers<\/p>\n<p>Satisfaction survey 2019<\/p>\n<p>\u201cPerfect repellent product against ticks. Pleasant scent. Effective for a long time.\u201d Customer review 2019<\/p>\n<p>(Composition and advice below)<\/p>\n<\/div>\n<\/div>\n<div class=\"short-tabs\"><\/div>\n","protected":false},"featured_media":11942,"comment_status":"closed","ping_status":"closed","template":"","meta":{"_exactmetrics_skip_tracking":false,"_exactmetrics_sitenote_active":false,"_exactmetrics_sitenote_note":"","_exactmetrics_sitenote_category":0},"product_brand":[],"product_cat":[157,158,159,160,161,162,163,164,156],"product_tag":[],"class_list":{"0":"post-12167","1":"product","2":"type-product","3":"status-publish","4":"has-post-thumbnail","6":"product_cat-anti-insects-en","7":"product_cat-insects-en-en-3","8":"product_cat-insects-en","9":"product_cat-insects-en-en","10":"product_cat-insects-en-en-2","11":"product_cat-insects-en-en-4","12":"product_cat-insects-en-en-5","13":"product_cat-insects-en-en-6","14":"product_cat-categories-en","16":"first","17":"instock","18":"taxable","19":"shipping-taxable","20":"purchasable","21":"product-type-simple"},"yoast_head":"<!-- This site is optimized with the Yoast SEO plugin v27.4 - https:\/\/yoast.com\/product\/yoast-seo-wordpress\/ -->\n<title>EKIN Insect Repellent Spray &amp; Refill Pack pour chevaux - Produit 100% naturel - EKIN<\/title>\n<meta name=\"description\" content=\"Nourrir et prot\u00e9ge le cuir, le fortifier, le rendre plus brillant et l&#039;imperm\u00e9abilise. Ne glisse pas et ne t\u00e2che pas,100% naturel et biod\u00e9gradable\" \/>\n<meta name=\"robots\" content=\"index, follow, max-snippet:-1, max-image-preview:large, max-video-preview:-1\" \/>\n<link rel=\"canonical\" href=\"https:\/\/www.ek1n.fr\/produit\/ekin-pack-spray-repulsif-insectes-recharge\/\" \/>\n<meta property=\"og:locale\" content=\"en_US\" \/>\n<meta property=\"og:type\" content=\"article\" \/>\n<meta property=\"og:title\" content=\"EKIN Insect Repellent Spray &amp; Refill Pack pour chevaux - Produit 100% naturel - EKIN\" \/>\n<meta property=\"og:description\" content=\"Nourrir et prot\u00e9ge le cuir, le fortifier, le rendre plus brillant et l&#039;imperm\u00e9abilise. Ne glisse pas et ne t\u00e2che pas,100% naturel et biod\u00e9gradable\" \/>\n<meta property=\"og:url\" content=\"https:\/\/www.ek1n.fr\/produit\/ekin-pack-spray-repulsif-insectes-recharge\/\" \/>\n<meta property=\"og:site_name\" content=\"EKIN\" \/>\n<meta property=\"article:modified_time\" content=\"2022-01-03T09:43:36+00:00\" \/>\n<meta property=\"og:image\" content=\"https:\/\/www.ek1n.fr\/wp-content\/uploads\/2021\/04\/Dypack-et-srpay-insectes.png\" \/>\n\t<meta property=\"og:image:width\" content=\"1057\" \/>\n\t<meta property=\"og:image:height\" content=\"1408\" \/>\n\t<meta property=\"og:image:type\" content=\"image\/png\" \/>\n<meta name=\"twitter:card\" content=\"summary_large_image\" \/>\n<meta name=\"twitter:label1\" content=\"Est. reading time\" \/>\n\t<meta name=\"twitter:data1\" content=\"2 minutes\" \/>\n<script type=\"application\/ld+json\" class=\"yoast-schema-graph\">{\"@context\":\"https:\\\/\\\/schema.org\",\"@graph\":[{\"@type\":\"WebPage\",\"@id\":\"https:\\\/\\\/www.ek1n.fr\\\/produit\\\/ekin-pack-spray-repulsif-insectes-recharge\\\/\",\"url\":\"https:\\\/\\\/www.ek1n.fr\\\/produit\\\/ekin-pack-spray-repulsif-insectes-recharge\\\/\",\"name\":\"EKIN Insect Repellent Spray & Refill Pack pour chevaux - Produit 100% naturel - EKIN\",\"isPartOf\":{\"@id\":\"https:\\\/\\\/www.ek1n.fr\\\/#website\"},\"primaryImageOfPage\":{\"@id\":\"https:\\\/\\\/www.ek1n.fr\\\/produit\\\/ekin-pack-spray-repulsif-insectes-recharge\\\/#primaryimage\"},\"image\":{\"@id\":\"https:\\\/\\\/www.ek1n.fr\\\/produit\\\/ekin-pack-spray-repulsif-insectes-recharge\\\/#primaryimage\"},\"thumbnailUrl\":\"https:\\\/\\\/www.ek1n.fr\\\/wp-content\\\/uploads\\\/2021\\\/04\\\/Dypack-et-srpay-insectes.png\",\"datePublished\":\"2021-04-12T14:05:30+00:00\",\"dateModified\":\"2022-01-03T09:43:36+00:00\",\"description\":\"Nourrir et prot\u00e9ge le cuir, le fortifier, le rendre plus brillant et l'imperm\u00e9abilise. Ne glisse pas et ne t\u00e2che pas,100% naturel et biod\u00e9gradable\",\"breadcrumb\":{\"@id\":\"https:\\\/\\\/www.ek1n.fr\\\/produit\\\/ekin-pack-spray-repulsif-insectes-recharge\\\/#breadcrumb\"},\"inLanguage\":\"en-US\",\"potentialAction\":[{\"@type\":\"ReadAction\",\"target\":[\"https:\\\/\\\/www.ek1n.fr\\\/produit\\\/ekin-pack-spray-repulsif-insectes-recharge\\\/\"]}]},{\"@type\":\"ImageObject\",\"inLanguage\":\"en-US\",\"@id\":\"https:\\\/\\\/www.ek1n.fr\\\/produit\\\/ekin-pack-spray-repulsif-insectes-recharge\\\/#primaryimage\",\"url\":\"https:\\\/\\\/www.ek1n.fr\\\/wp-content\\\/uploads\\\/2021\\\/04\\\/Dypack-et-srpay-insectes.png\",\"contentUrl\":\"https:\\\/\\\/www.ek1n.fr\\\/wp-content\\\/uploads\\\/2021\\\/04\\\/Dypack-et-srpay-insectes.png\",\"width\":1057,\"height\":1408},{\"@type\":\"BreadcrumbList\",\"@id\":\"https:\\\/\\\/www.ek1n.fr\\\/produit\\\/ekin-pack-spray-repulsif-insectes-recharge\\\/#breadcrumb\",\"itemListElement\":[{\"@type\":\"ListItem\",\"position\":1,\"name\":\"Accueil\",\"item\":\"https:\\\/\\\/www.ek1n.fr\\\/en\\\/\"},{\"@type\":\"ListItem\",\"position\":2,\"name\":\"Shop\",\"item\":\"https:\\\/\\\/www.ek1n.fr\\\/en\\\/shop\\\/\"},{\"@type\":\"ListItem\",\"position\":3,\"name\":\"EKIN Insect Repellent Spray &#038; Refill Pack\"}]},{\"@type\":\"WebSite\",\"@id\":\"https:\\\/\\\/www.ek1n.fr\\\/#website\",\"url\":\"https:\\\/\\\/www.ek1n.fr\\\/\",\"name\":\"EKIN\",\"description\":\"Produits de soin pour chevaux 100% naturels et biod\u00e9gradables\",\"publisher\":{\"@id\":\"https:\\\/\\\/www.ek1n.fr\\\/#organization\"},\"potentialAction\":[{\"@type\":\"SearchAction\",\"target\":{\"@type\":\"EntryPoint\",\"urlTemplate\":\"https:\\\/\\\/www.ek1n.fr\\\/?s={search_term_string}\"},\"query-input\":{\"@type\":\"PropertyValueSpecification\",\"valueRequired\":true,\"valueName\":\"search_term_string\"}}],\"inLanguage\":\"en-US\"},{\"@type\":\"Organization\",\"@id\":\"https:\\\/\\\/www.ek1n.fr\\\/#organization\",\"name\":\"Ekin\",\"url\":\"https:\\\/\\\/www.ek1n.fr\\\/\",\"logo\":{\"@type\":\"ImageObject\",\"inLanguage\":\"en-US\",\"@id\":\"https:\\\/\\\/www.ek1n.fr\\\/#\\\/schema\\\/logo\\\/image\\\/\",\"url\":\"https:\\\/\\\/www.ek1n.fr\\\/wp-content\\\/uploads\\\/2016\\\/07\\\/logo-alternatif-ekin.png\",\"contentUrl\":\"https:\\\/\\\/www.ek1n.fr\\\/wp-content\\\/uploads\\\/2016\\\/07\\\/logo-alternatif-ekin.png\",\"width\":300,\"height\":145,\"caption\":\"Ekin\"},\"image\":{\"@id\":\"https:\\\/\\\/www.ek1n.fr\\\/#\\\/schema\\\/logo\\\/image\\\/\"}}]}<\/script>\n<!-- \/ Yoast SEO plugin. -->","yoast_head_json":{"title":"EKIN Insect Repellent Spray & Refill Pack pour chevaux - Produit 100% naturel - EKIN","description":"Nourrir et prot\u00e9ge le cuir, le fortifier, le rendre plus brillant et l'imperm\u00e9abilise. Ne glisse pas et ne t\u00e2che pas,100% naturel et biod\u00e9gradable","robots":{"index":"index","follow":"follow","max-snippet":"max-snippet:-1","max-image-preview":"max-image-preview:large","max-video-preview":"max-video-preview:-1"},"canonical":"https:\/\/www.ek1n.fr\/produit\/ekin-pack-spray-repulsif-insectes-recharge\/","og_locale":"en_US","og_type":"article","og_title":"EKIN Insect Repellent Spray & Refill Pack pour chevaux - Produit 100% naturel - EKIN","og_description":"Nourrir et prot\u00e9ge le cuir, le fortifier, le rendre plus brillant et l'imperm\u00e9abilise. Ne glisse pas et ne t\u00e2che pas,100% naturel et biod\u00e9gradable","og_url":"https:\/\/www.ek1n.fr\/produit\/ekin-pack-spray-repulsif-insectes-recharge\/","og_site_name":"EKIN","article_modified_time":"2022-01-03T09:43:36+00:00","og_image":[{"width":1057,"height":1408,"url":"https:\/\/www.ek1n.fr\/wp-content\/uploads\/2021\/04\/Dypack-et-srpay-insectes.png","type":"image\/png"}],"twitter_card":"summary_large_image","twitter_misc":{"Est. reading time":"2 minutes"},"schema":{"@context":"https:\/\/schema.org","@graph":[{"@type":"WebPage","@id":"https:\/\/www.ek1n.fr\/produit\/ekin-pack-spray-repulsif-insectes-recharge\/","url":"https:\/\/www.ek1n.fr\/produit\/ekin-pack-spray-repulsif-insectes-recharge\/","name":"EKIN Insect Repellent Spray & Refill Pack pour chevaux - Produit 100% naturel - EKIN","isPartOf":{"@id":"https:\/\/www.ek1n.fr\/#website"},"primaryImageOfPage":{"@id":"https:\/\/www.ek1n.fr\/produit\/ekin-pack-spray-repulsif-insectes-recharge\/#primaryimage"},"image":{"@id":"https:\/\/www.ek1n.fr\/produit\/ekin-pack-spray-repulsif-insectes-recharge\/#primaryimage"},"thumbnailUrl":"https:\/\/www.ek1n.fr\/wp-content\/uploads\/2021\/04\/Dypack-et-srpay-insectes.png","datePublished":"2021-04-12T14:05:30+00:00","dateModified":"2022-01-03T09:43:36+00:00","description":"Nourrir et prot\u00e9ge le cuir, le fortifier, le rendre plus brillant et l'imperm\u00e9abilise. Ne glisse pas et ne t\u00e2che pas,100% naturel et biod\u00e9gradable","breadcrumb":{"@id":"https:\/\/www.ek1n.fr\/produit\/ekin-pack-spray-repulsif-insectes-recharge\/#breadcrumb"},"inLanguage":"en-US","potentialAction":[{"@type":"ReadAction","target":["https:\/\/www.ek1n.fr\/produit\/ekin-pack-spray-repulsif-insectes-recharge\/"]}]},{"@type":"ImageObject","inLanguage":"en-US","@id":"https:\/\/www.ek1n.fr\/produit\/ekin-pack-spray-repulsif-insectes-recharge\/#primaryimage","url":"https:\/\/www.ek1n.fr\/wp-content\/uploads\/2021\/04\/Dypack-et-srpay-insectes.png","contentUrl":"https:\/\/www.ek1n.fr\/wp-content\/uploads\/2021\/04\/Dypack-et-srpay-insectes.png","width":1057,"height":1408},{"@type":"BreadcrumbList","@id":"https:\/\/www.ek1n.fr\/produit\/ekin-pack-spray-repulsif-insectes-recharge\/#breadcrumb","itemListElement":[{"@type":"ListItem","position":1,"name":"Accueil","item":"https:\/\/www.ek1n.fr\/en\/"},{"@type":"ListItem","position":2,"name":"Shop","item":"https:\/\/www.ek1n.fr\/en\/shop\/"},{"@type":"ListItem","position":3,"name":"EKIN Insect Repellent Spray &#038; Refill Pack"}]},{"@type":"WebSite","@id":"https:\/\/www.ek1n.fr\/#website","url":"https:\/\/www.ek1n.fr\/","name":"EKIN","description":"Produits de soin pour chevaux 100% naturels et biod\u00e9gradables","publisher":{"@id":"https:\/\/www.ek1n.fr\/#organization"},"potentialAction":[{"@type":"SearchAction","target":{"@type":"EntryPoint","urlTemplate":"https:\/\/www.ek1n.fr\/?s={search_term_string}"},"query-input":{"@type":"PropertyValueSpecification","valueRequired":true,"valueName":"search_term_string"}}],"inLanguage":"en-US"},{"@type":"Organization","@id":"https:\/\/www.ek1n.fr\/#organization","name":"Ekin","url":"https:\/\/www.ek1n.fr\/","logo":{"@type":"ImageObject","inLanguage":"en-US","@id":"https:\/\/www.ek1n.fr\/#\/schema\/logo\/image\/","url":"https:\/\/www.ek1n.fr\/wp-content\/uploads\/2016\/07\/logo-alternatif-ekin.png","contentUrl":"https:\/\/www.ek1n.fr\/wp-content\/uploads\/2016\/07\/logo-alternatif-ekin.png","width":300,"height":145,"caption":"Ekin"},"image":{"@id":"https:\/\/www.ek1n.fr\/#\/schema\/logo\/image\/"}}]}},"_links":{"self":[{"href":"https:\/\/www.ek1n.fr\/en\/wp-json\/wp\/v2\/product\/12167","targetHints":{"allow":["GET"]}}],"collection":[{"href":"https:\/\/www.ek1n.fr\/en\/wp-json\/wp\/v2\/product"}],"about":[{"href":"https:\/\/www.ek1n.fr\/en\/wp-json\/wp\/v2\/types\/product"}],"replies":[{"embeddable":true,"href":"https:\/\/www.ek1n.fr\/en\/wp-json\/wp\/v2\/comments?post=12167"}],"wp:featuredmedia":[{"embeddable":true,"href":"https:\/\/www.ek1n.fr\/en\/wp-json\/wp\/v2\/media\/11942"}],"wp:attachment":[{"href":"https:\/\/www.ek1n.fr\/en\/wp-json\/wp\/v2\/media?parent=12167"}],"wp:term":[{"taxonomy":"product_brand","embeddable":true,"href":"https:\/\/www.ek1n.fr\/en\/wp-json\/wp\/v2\/product_brand?post=12167"},{"taxonomy":"product_cat","embeddable":true,"href":"https:\/\/www.ek1n.fr\/en\/wp-json\/wp\/v2\/product_cat?post=12167"},{"taxonomy":"product_tag","embeddable":true,"href":"https:\/\/www.ek1n.fr\/en\/wp-json\/wp\/v2\/product_tag?post=12167"}],"curies":[{"name":"wp","href":"https:\/\/api.w.org\/{rel}","templated":true}]}}