{"id":12011,"date":"2016-07-11T11:17:11","date_gmt":"2016-07-11T09:17:11","guid":{"rendered":"https:\/\/www.ek1n.fr\/pourquoi-choisir-ekin\/"},"modified":"2022-12-02T14:54:53","modified_gmt":"2022-12-02T13:54:53","slug":"pourquoi-choisir-ekin","status":"publish","type":"page","link":"https:\/\/www.ek1n.fr\/en\/pourquoi-choisir-ekin\/","title":{"rendered":"Pourquoi choisir EKIN ?"},"content":{"rendered":"<div class=\"wpb-content-wrapper\"><p>[vc_row css=&#8221;.vc_custom_1469686087588{padding-top: 2% !important;padding-right: 1% !important;padding-bottom: 2% !important;padding-left: 1% !important;background-image: url(https:\/\/www.ek1n.fr\/wp-content\/uploads\/2016\/07\/pourquoi-choisir-ekin-2-1.jpg?id=659) !important;background-position: center !important;background-repeat: no-repeat !important;background-size: cover !important;}&#8221; background_style=&#8221;normal&#8221; font_color=&#8221;#000000&#8243;][vc_column][vc_row_inner type=&#8221;boxed&#8221;][vc_column_inner][title text=&#8221;SOLUTIONS 100% NATURELLES ET ACTIVES&#8221; tag=&#8221;h6&#8243; font=&#8221;secondary_font&#8221; font_size=&#8221;14px&#8221; color=&#8221;#ffffff&#8221; text_align=&#8221;center&#8221;][title text=&#8221;Pourquoi choisir Ekin ?&#8221; font=&#8221;secondary_font&#8221; font_size=&#8221;50px&#8221; line_height=&#8221;75px&#8221; color=&#8221;#c8a53c&#8221; text_align=&#8221;center&#8221; css=&#8221;.vc_custom_1469026247639{margin-bottom: 32px !important;}&#8221;][vc_column_text]<\/p>\n<h3 id=\"haut\" style=\"text-align: justify;\"><span style=\"color: #ffffff;\">Gr\u00e2ce \u00e0 ses proc\u00e9d\u00e9s de <b>formulation<\/b> et de <b>fabrication unique<\/b>, EKIN\u00a0 propose la plus large gamme du march\u00e9 de solutions <b>100% naturelles<\/b> et<b>\u00a0 biod\u00e9gradables<\/b>.<\/span><\/h3>\n<p>[\/vc_column_text][\/vc_column_inner][\/vc_row_inner][vc_row_inner type=&#8221;boxed&#8221;][vc_column_inner width=&#8221;2\/3&#8243;][vc_column_text]<\/p>\n<p style=\"text-align: justify;\"><span style=\"color: #ffffff;\">Les mati\u00e8res premi\u00e8res s\u00e9lectionn\u00e9es ont toutes des propri\u00e9t\u00e9s qui contribuent \u00e0 l\u2019efficacit\u00e9 attendue.<\/span><br \/>\n<span style=\"color: #ffffff;\"> Les points de <b>diff\u00e9rentiation<\/b> s\u2019appuient sur une recherche sp\u00e9cifique dans la formulation des produits pour le bien-\u00eatre du cheval :<\/span><\/p>\n<ul>\n<li style=\"text-align: justify;\"><span style=\"color: #ffffff;\"> Issus de <b>recettes anciennes<\/b> employ\u00e9es par les mar\u00e9chaux-ferrants du 18\u00e8me si\u00e8cle<\/span><\/li>\n<li style=\"text-align: justify;\"><span style=\"color: #ffffff;\">Reformul\u00e9s avec les <b>savoirs scientifiques<\/b> d\u2019aujourd\u2019hui.<\/span><\/li>\n<\/ul>\n<p>[\/vc_column_text][vc_column_text]<\/p>\n<p style=\"text-align: justify;\"><span style=\"color: #ffffff;\">Pour le <b>confort du cavalier<\/b> les produits sont pr\u00e9sent\u00e9s dans des packagings tout-en-un avec <b>pinceau<\/b> ou <b>spatule int\u00e9gr\u00e9e<\/b> afin de les <b>pr\u00e9server<\/b>. Apr\u00e8s application, ils <b>s\u2019\u00e9liminent facilement<\/b> de vos mains par simple essuyage avec un tissu. <\/span><br \/>\n<span style=\"color: #ffffff;\">Nous sommes fiers de vous proposer un ensemble de produits <b>b\u00e9n\u00e9fiques pour votre cheval<\/b> et <b>respectueux de l\u2019environnement<\/b>. Haut de gamme, simples \u00e0 utiliser, ils sont issus de cahiers des charges tr\u00e8s stricts mis au point en collaboration avec des <b>Mar\u00e9chaux Ferrant<\/b>. <\/span>[\/vc_column_text][\/vc_column_inner][vc_column_inner width=&#8221;1\/3&#8243;][vc_single_image image=&#8221;11673&#8243; img_size=&#8221;full&#8221;][\/vc_column_inner][\/vc_row_inner][vc_row_inner type=&#8221;boxed&#8221;][vc_column_inner][vc_column_text]<span style=\"color: #ffffff;\">Des <b>focus groupes utilisateurs<\/b> r\u00e9guliers permettent de bien cerner les attentes, de d\u00e9terminer pr\u00e9cis\u00e9ment les propri\u00e9t\u00e9s requises et d\u2019orienter l\u2019activit\u00e9 de recherche et formulation.<\/span><br \/>\n<span style=\"color: #ffffff;\">Du fait de notre largeur de gamme, nous vous proposons la <b>solution adapt\u00e9e<\/b> quelle que soit la situation rencontr\u00e9e et la saison.<\/span><\/p>\n<p>[\/vc_column_text][\/vc_column_inner][\/vc_row_inner][\/vc_column][\/vc_row][vc_row css=&#8221;.vc_custom_1469686095140{padding-top: 2% !important;padding-right: 1% !important;padding-bottom: 2% !important;padding-left: 1% !important;background-image: url(https:\/\/www.ek1n.fr\/wp-content\/uploads\/2016\/07\/bg-presentation-ekin-1.jpg?id=630) !important;background-position: center !important;background-repeat: no-repeat !important;background-size: cover !important;}&#8221; background_style=&#8221;normal&#8221; font_color=&#8221;#000000&#8243;][vc_column][vc_row_inner type=&#8221;boxed&#8221;][vc_column_inner][title text=&#8221;INNOVATION &amp; CHIMIE VERTE&#8221; tag=&#8221;h6&#8243; font=&#8221;secondary_font&#8221; font_size=&#8221;14px&#8221; color=&#8221;#ffffff&#8221; text_align=&#8221;center&#8221;][title text=&#8221;Qui sommes-nous ?&#8221; font=&#8221;secondary_font&#8221; font_size=&#8221;50px&#8221; line_height=&#8221;75px&#8221; color=&#8221;#006245&#8243; text_align=&#8221;center&#8221; css=&#8221;.vc_custom_1469026252217{margin-bottom: 32px !important;}&#8221;][vc_column_text]<\/p>\n<h3 id=\"chimie-verte\" style=\"text-align: justify;\"><span style=\"color: #ffffff;\">EKIN est une entreprise fran\u00e7aise offrant des <strong>produits sains, innovants, respectueux de la nature de votre cheval et de l\u2019environnement<\/strong>. C\u2019est pourquoi nous avons associ\u00e9 <strong>Innovation et Chimie Verte<\/strong> pour vous offrir des produits aux performances optimales.<\/span><\/h3>\n<p>[\/vc_column_text][\/vc_column_inner][\/vc_row_inner][vc_row_inner type=&#8221;boxed&#8221;][vc_column_inner width=&#8221;1\/2&#8243;][vc_single_image image=&#8221;11677&#8243; img_size=&#8221;full&#8221;][\/vc_column_inner][vc_column_inner width=&#8221;1\/2&#8243;][vc_column_text]<\/p>\n<p style=\"text-align: justify;\"><span style=\"color: #ffffff;\">EKIN : Expert en Entretien et Soin du Cheval 100% Naturels.<\/span><br \/>\n<span style=\"color: #ffffff;\"> Notre volont\u00e9 est de vous proposer <strong>conseil et accompagnement<\/strong> dans la dur\u00e9e.<\/span><br \/>\n<span style=\"color: #ffffff;\"> Nous travaillons de concert avec des cavaliers et des professionnels afin d\u2019appr\u00e9hender pr\u00e9cis\u00e9ment les probl\u00e8mes que vous rencontrez avec votre cheval. Notre<strong> ma\u00eetrise compl\u00e8te<\/strong> de la cha\u00eene de <strong>fabrication<\/strong>\u00a0et de <strong>commercialisation<\/strong> garantie la qualit\u00e9 et l\u2019efficacit\u00e9 de nos solutions.<\/span><\/p>\n<p style=\"text-align: justify;\"><span style=\"color: #ffffff;\">Nos produits finis sont contr\u00f4l\u00e9s sur :<\/span><\/p>\n<ul style=\"text-align: justify;\">\n<li><span style=\"color: #ffffff;\">La <strong>stabilit\u00e9 des textures<\/strong> de 4\u00b0 \u00e0 40\u00b0 et la mesure et le suivi du pH et autres \u00e9l\u00e9ments<\/span><\/li>\n<li><span style=\"color: #ffffff;\">Leur <strong>impact \u00e9cologique<\/strong> et les avis consommateurs<\/span><\/li>\n<\/ul>\n<p>[\/vc_column_text][vc_column_text]<\/p>\n<p style=\"text-align: justify;\"><span style=\"color: #ffffff;\">Notre<strong> unicit\u00e9<\/strong> provient donc de nos <strong>proc\u00e9d\u00e9s de fabrication<\/strong> (production de r\u00e9sidus quasi-nulle) mais aussi des produits que nous sommes<strong> seuls \u00e0 proposer<\/strong> comme une cr\u00e8me solaire protectrice ou notre anti-insecte waterproof n\u00e9cessaires \u00e0 des chevaux pr\u00e9sentant une hypersensibilit\u00e9.<\/span><br \/>\n<span style=\"color: #ffffff;\"><strong>D\u00e9couvrez plus avant notre gamme et soyez acteurs du bien \u00eatre de votre cheval !<\/strong><\/span><\/p>\n<p>[\/vc_column_text][\/vc_column_inner][\/vc_row_inner][vc_empty_space][vc_video link=&#8221;https:\/\/www.youtube.com\/watch?v=10FyS-faqFI&#8221; title=&#8221;EKIN &#8211; produits de soins 100% naturels pour chevaux&#8221;][\/vc_column][\/vc_row][vc_row css=&#8221;.vc_custom_1469686490117{padding-top: 0% !important;padding-right: 0px !important;padding-bottom: 2% !important;padding-left: 0% !important;background: #158560 url(https:\/\/www.ek1n.fr\/wp-content\/uploads\/2015\/11\/bgContainer-1.jpg?id=390) !important;background-position: center !important;background-repeat: no-repeat !important;background-size: cover !important;}&#8221; background_style=&#8221;normal&#8221; font_color=&#8221;#000000&#8243;][vc_column][vc_row_inner][vc_column_inner][vc_text_separator title=&#8221;A d\u00e9couvrir \u00e9galement&#8221; color=&#8221;black&#8221; style=&#8221;dotted&#8221;][\/vc_column_inner][\/vc_row_inner][vc_row_inner type=&#8221;boxed&#8221;][vc_column_inner width=&#8221;1\/3&#8243;][vc_btn title=&#8221;Nos recettes ancestrales&#8221; style=&#8221;3d&#8221; color=&#8221;success&#8221; align=&#8221;center&#8221; css_animation=&#8221;bottom-to-top&#8221; link=&#8221;url:%2F%3Fpage_id%3D1153|||&#8221;][\/vc_column_inner][vc_column_inner width=&#8221;1\/3&#8243;][vc_btn title=&#8221;D\u00e9finir votre besoin&#8221; style=&#8221;3d&#8221; color=&#8221;success&#8221; align=&#8221;center&#8221; css_animation=&#8221;bottom-to-top&#8221; link=&#8221;url:http%3A%2F%2Fwww.ek1n.fr%2F%3Fpage_id%3D602|||&#8221;][\/vc_column_inner][vc_column_inner width=&#8221;1\/3&#8243;][vc_btn title=&#8221;Les conseils de pro&#8221; style=&#8221;3d&#8221; color=&#8221;success&#8221; align=&#8221;center&#8221; css_animation=&#8221;bottom-to-top&#8221; link=&#8221;url:%2F%3Fpage_id%3D436|||&#8221;][\/vc_column_inner][\/vc_row_inner][\/vc_column][\/vc_row]<\/p>\n<\/div>","protected":false},"excerpt":{"rendered":"<p>[vc_row css=&#8221;.vc_custom_1469686087588{padding-top: 2% !important;padding-right: 1% !important;padding-bottom: 2% !important;padding-left: 1% !important;background-image: url(https:\/\/www.ek1n.fr\/wp-content\/uploads\/2016\/07\/pourquoi-choisir-ekin-2-1.jpg?id=659) !important;background-position: center !important;background-repeat: no-repeat !important;background-size: cover !important;}&#8221; background_style=&#8221;normal&#8221; font_color=&#8221;#000000&#8243;][vc_column][vc_row_inner type=&#8221;boxed&#8221;][vc_column_inner][title text=&#8221;SOLUTIONS 100% NATURELLES ET ACTIVES&#8221; tag=&#8221;h6&#8243; font=&#8221;secondary_font&#8221; font_size=&#8221;14px&#8221; color=&#8221;#ffffff&#8221; text_align=&#8221;center&#8221;][title text=&#8221;Pourquoi choisir Ekin ?&#8221; font=&#8221;secondary_font&#8221; font_size=&#8221;50px&#8221; line_height=&#8221;75px&#8221; color=&#8221;#c8a53c&#8221; text_align=&#8221;center&#8221; css=&#8221;.vc_custom_1469026247639{margin-bottom: 32px !important;}&#8221;][vc_column_text] Gr\u00e2ce \u00e0 ses proc\u00e9d\u00e9s de formulation et de fabrication unique, EKIN\u00a0 propose [&hellip;]<\/p>\n","protected":false},"author":2,"featured_media":0,"parent":0,"menu_order":0,"comment_status":"closed","ping_status":"closed","template":"page-full-width.php","meta":{"_exactmetrics_skip_tracking":false,"_exactmetrics_sitenote_active":false,"_exactmetrics_sitenote_note":"","_exactmetrics_sitenote_category":0,"footnotes":""},"class_list":["post-12011","page","type-page","status-publish","hentry"],"yoast_head":"<!-- This site is optimized with the Yoast SEO plugin v27.5 - https:\/\/yoast.com\/product\/yoast-seo-wordpress\/ -->\n<title>Pourquoi choisir Ekin - Soins et entretien des chevaux 100% naturel<\/title>\n<meta name=\"description\" content=\"Gr\u00e2ce \u00e0 ses proc\u00e9d\u00e9s de formulation et de fabrication unique, EKIN est aujourd\u2019hui la seule entreprise \u00e0 proposer des solutions 100% naturelles et actives.\" \/>\n<meta name=\"robots\" content=\"index, follow, max-snippet:-1, max-image-preview:large, max-video-preview:-1\" \/>\n<link rel=\"canonical\" href=\"https:\/\/www.ek1n.fr\/en\/pourquoi-choisir-ekin\/\" \/>\n<meta property=\"og:locale\" content=\"en_US\" \/>\n<meta property=\"og:type\" content=\"article\" \/>\n<meta property=\"og:title\" content=\"Pourquoi choisir Ekin - Soins et entretien des chevaux 100% naturel\" \/>\n<meta property=\"og:description\" content=\"Gr\u00e2ce \u00e0 ses proc\u00e9d\u00e9s de formulation et de fabrication unique, EKIN est aujourd\u2019hui la seule entreprise \u00e0 proposer des solutions 100% naturelles et actives.\" \/>\n<meta property=\"og:url\" content=\"https:\/\/www.ek1n.fr\/en\/pourquoi-choisir-ekin\/\" \/>\n<meta property=\"og:site_name\" content=\"EKIN\" \/>\n<meta property=\"article:modified_time\" content=\"2022-12-02T13:54:53+00:00\" \/>\n<meta name=\"twitter:card\" content=\"summary_large_image\" \/>\n<meta name=\"twitter:label1\" content=\"Est. reading time\" \/>\n\t<meta name=\"twitter:data1\" content=\"5 minutes\" \/>\n<script type=\"application\/ld+json\" class=\"yoast-schema-graph\">{\"@context\":\"https:\\\/\\\/schema.org\",\"@graph\":[{\"@type\":\"WebPage\",\"@id\":\"https:\\\/\\\/www.ek1n.fr\\\/en\\\/pourquoi-choisir-ekin\\\/\",\"url\":\"https:\\\/\\\/www.ek1n.fr\\\/en\\\/pourquoi-choisir-ekin\\\/\",\"name\":\"Pourquoi choisir Ekin - Soins et entretien des chevaux 100% naturel\",\"isPartOf\":{\"@id\":\"https:\\\/\\\/www.ek1n.fr\\\/#website\"},\"datePublished\":\"2016-07-11T09:17:11+00:00\",\"dateModified\":\"2022-12-02T13:54:53+00:00\",\"description\":\"Gr\u00e2ce \u00e0 ses proc\u00e9d\u00e9s de formulation et de fabrication unique, EKIN est aujourd\u2019hui la seule entreprise \u00e0 proposer des solutions 100% naturelles et actives.\",\"breadcrumb\":{\"@id\":\"https:\\\/\\\/www.ek1n.fr\\\/en\\\/pourquoi-choisir-ekin\\\/#breadcrumb\"},\"inLanguage\":\"en-US\",\"potentialAction\":[{\"@type\":\"ReadAction\",\"target\":[\"https:\\\/\\\/www.ek1n.fr\\\/en\\\/pourquoi-choisir-ekin\\\/\"]}]},{\"@type\":\"BreadcrumbList\",\"@id\":\"https:\\\/\\\/www.ek1n.fr\\\/en\\\/pourquoi-choisir-ekin\\\/#breadcrumb\",\"itemListElement\":[{\"@type\":\"ListItem\",\"position\":1,\"name\":\"Accueil\",\"item\":\"https:\\\/\\\/www.ek1n.fr\\\/en\\\/\"},{\"@type\":\"ListItem\",\"position\":2,\"name\":\"Pourquoi choisir EKIN ?\"}]},{\"@type\":\"WebSite\",\"@id\":\"https:\\\/\\\/www.ek1n.fr\\\/#website\",\"url\":\"https:\\\/\\\/www.ek1n.fr\\\/\",\"name\":\"EKIN\",\"description\":\"Produits de soin pour chevaux 100% naturels et biod\u00e9gradables\",\"publisher\":{\"@id\":\"https:\\\/\\\/www.ek1n.fr\\\/#organization\"},\"potentialAction\":[{\"@type\":\"SearchAction\",\"target\":{\"@type\":\"EntryPoint\",\"urlTemplate\":\"https:\\\/\\\/www.ek1n.fr\\\/?s={search_term_string}\"},\"query-input\":{\"@type\":\"PropertyValueSpecification\",\"valueRequired\":true,\"valueName\":\"search_term_string\"}}],\"inLanguage\":\"en-US\"},{\"@type\":\"Organization\",\"@id\":\"https:\\\/\\\/www.ek1n.fr\\\/#organization\",\"name\":\"Ekin\",\"url\":\"https:\\\/\\\/www.ek1n.fr\\\/\",\"logo\":{\"@type\":\"ImageObject\",\"inLanguage\":\"en-US\",\"@id\":\"https:\\\/\\\/www.ek1n.fr\\\/#\\\/schema\\\/logo\\\/image\\\/\",\"url\":\"https:\\\/\\\/www.ek1n.fr\\\/wp-content\\\/uploads\\\/2016\\\/07\\\/logo-alternatif-ekin.png\",\"contentUrl\":\"https:\\\/\\\/www.ek1n.fr\\\/wp-content\\\/uploads\\\/2016\\\/07\\\/logo-alternatif-ekin.png\",\"width\":300,\"height\":145,\"caption\":\"Ekin\"},\"image\":{\"@id\":\"https:\\\/\\\/www.ek1n.fr\\\/#\\\/schema\\\/logo\\\/image\\\/\"}}]}<\/script>\n<!-- \/ Yoast SEO plugin. -->","yoast_head_json":{"title":"Pourquoi choisir Ekin - Soins et entretien des chevaux 100% naturel","description":"Gr\u00e2ce \u00e0 ses proc\u00e9d\u00e9s de formulation et de fabrication unique, EKIN est aujourd\u2019hui la seule entreprise \u00e0 proposer des solutions 100% naturelles et actives.","robots":{"index":"index","follow":"follow","max-snippet":"max-snippet:-1","max-image-preview":"max-image-preview:large","max-video-preview":"max-video-preview:-1"},"canonical":"https:\/\/www.ek1n.fr\/en\/pourquoi-choisir-ekin\/","og_locale":"en_US","og_type":"article","og_title":"Pourquoi choisir Ekin - Soins et entretien des chevaux 100% naturel","og_description":"Gr\u00e2ce \u00e0 ses proc\u00e9d\u00e9s de formulation et de fabrication unique, EKIN est aujourd\u2019hui la seule entreprise \u00e0 proposer des solutions 100% naturelles et actives.","og_url":"https:\/\/www.ek1n.fr\/en\/pourquoi-choisir-ekin\/","og_site_name":"EKIN","article_modified_time":"2022-12-02T13:54:53+00:00","twitter_card":"summary_large_image","twitter_misc":{"Est. reading time":"5 minutes"},"schema":{"@context":"https:\/\/schema.org","@graph":[{"@type":"WebPage","@id":"https:\/\/www.ek1n.fr\/en\/pourquoi-choisir-ekin\/","url":"https:\/\/www.ek1n.fr\/en\/pourquoi-choisir-ekin\/","name":"Pourquoi choisir Ekin - Soins et entretien des chevaux 100% naturel","isPartOf":{"@id":"https:\/\/www.ek1n.fr\/#website"},"datePublished":"2016-07-11T09:17:11+00:00","dateModified":"2022-12-02T13:54:53+00:00","description":"Gr\u00e2ce \u00e0 ses proc\u00e9d\u00e9s de formulation et de fabrication unique, EKIN est aujourd\u2019hui la seule entreprise \u00e0 proposer des solutions 100% naturelles et actives.","breadcrumb":{"@id":"https:\/\/www.ek1n.fr\/en\/pourquoi-choisir-ekin\/#breadcrumb"},"inLanguage":"en-US","potentialAction":[{"@type":"ReadAction","target":["https:\/\/www.ek1n.fr\/en\/pourquoi-choisir-ekin\/"]}]},{"@type":"BreadcrumbList","@id":"https:\/\/www.ek1n.fr\/en\/pourquoi-choisir-ekin\/#breadcrumb","itemListElement":[{"@type":"ListItem","position":1,"name":"Accueil","item":"https:\/\/www.ek1n.fr\/en\/"},{"@type":"ListItem","position":2,"name":"Pourquoi choisir EKIN ?"}]},{"@type":"WebSite","@id":"https:\/\/www.ek1n.fr\/#website","url":"https:\/\/www.ek1n.fr\/","name":"EKIN","description":"Produits de soin pour chevaux 100% naturels et biod\u00e9gradables","publisher":{"@id":"https:\/\/www.ek1n.fr\/#organization"},"potentialAction":[{"@type":"SearchAction","target":{"@type":"EntryPoint","urlTemplate":"https:\/\/www.ek1n.fr\/?s={search_term_string}"},"query-input":{"@type":"PropertyValueSpecification","valueRequired":true,"valueName":"search_term_string"}}],"inLanguage":"en-US"},{"@type":"Organization","@id":"https:\/\/www.ek1n.fr\/#organization","name":"Ekin","url":"https:\/\/www.ek1n.fr\/","logo":{"@type":"ImageObject","inLanguage":"en-US","@id":"https:\/\/www.ek1n.fr\/#\/schema\/logo\/image\/","url":"https:\/\/www.ek1n.fr\/wp-content\/uploads\/2016\/07\/logo-alternatif-ekin.png","contentUrl":"https:\/\/www.ek1n.fr\/wp-content\/uploads\/2016\/07\/logo-alternatif-ekin.png","width":300,"height":145,"caption":"Ekin"},"image":{"@id":"https:\/\/www.ek1n.fr\/#\/schema\/logo\/image\/"}}]}},"_links":{"self":[{"href":"https:\/\/www.ek1n.fr\/en\/wp-json\/wp\/v2\/pages\/12011","targetHints":{"allow":["GET"]}}],"collection":[{"href":"https:\/\/www.ek1n.fr\/en\/wp-json\/wp\/v2\/pages"}],"about":[{"href":"https:\/\/www.ek1n.fr\/en\/wp-json\/wp\/v2\/types\/page"}],"author":[{"embeddable":true,"href":"https:\/\/www.ek1n.fr\/en\/wp-json\/wp\/v2\/users\/2"}],"replies":[{"embeddable":true,"href":"https:\/\/www.ek1n.fr\/en\/wp-json\/wp\/v2\/comments?post=12011"}],"version-history":[{"count":4,"href":"https:\/\/www.ek1n.fr\/en\/wp-json\/wp\/v2\/pages\/12011\/revisions"}],"predecessor-version":[{"id":14172,"href":"https:\/\/www.ek1n.fr\/en\/wp-json\/wp\/v2\/pages\/12011\/revisions\/14172"}],"wp:attachment":[{"href":"https:\/\/www.ek1n.fr\/en\/wp-json\/wp\/v2\/media?parent=12011"}],"curies":[{"name":"wp","href":"https:\/\/api.w.org\/{rel}","templated":true}]}}